{"id":15617,"date":"2018-11-06T17:15:11","date_gmt":"2018-11-06T17:15:11","guid":{"rendered":"https:\/\/chord.co.uk\/what-hi-fi-award-winners-buy-them-here\/"},"modified":"2019-10-03T09:07:49","modified_gmt":"2019-10-03T08:07:49","slug":"what-hi-fi-award-winners-buy-them-here","status":"publish","type":"page","link":"https:\/\/chord.co.uk\/pl\/what-hi-fi-award-winners-buy-them-here\/","title":{"rendered":"Nagrody &#8222;What Hi-Fi&#8221; &#8211; kup teraz"},"content":{"rendered":"<p><img loading=\"lazy\" decoding=\"async\" class=\"alignnone size-large wp-image-12775\" src=\"https:\/\/chord.co.uk\/wp-content\/uploads\/2018\/11\/whf-chord-award-winners-001-1024x1024.jpg\" alt=\"\" width=\"1024\" height=\"1024\" srcset=\"https:\/\/chord.co.uk\/wp-content\/uploads\/2018\/11\/whf-chord-award-winners-001-1024x1024.jpg 1024w, https:\/\/chord.co.uk\/wp-content\/uploads\/2018\/11\/whf-chord-award-winners-001-150x150.jpg 150w, https:\/\/chord.co.uk\/wp-content\/uploads\/2018\/11\/whf-chord-award-winners-001-770x770.jpg 770w, https:\/\/chord.co.uk\/wp-content\/uploads\/2018\/11\/whf-chord-award-winners-001-768x768.jpg 768w, https:\/\/chord.co.uk\/wp-content\/uploads\/2018\/11\/whf-chord-award-winners-001-232x232.jpg 232w, https:\/\/chord.co.uk\/wp-content\/uploads\/2018\/11\/whf-chord-award-winners-001-480x480.jpg 480w, https:\/\/chord.co.uk\/wp-content\/uploads\/2018\/11\/whf-chord-award-winners-001-750x750.jpg 750w, https:\/\/chord.co.uk\/wp-content\/uploads\/2018\/11\/whf-chord-award-winners-001-500x500.jpg 500w, https:\/\/chord.co.uk\/wp-content\/uploads\/2018\/11\/whf-chord-award-winners-001-400x400.jpg 400w, https:\/\/chord.co.uk\/wp-content\/uploads\/2018\/11\/whf-chord-award-winners-001-75x75.jpg 75w, https:\/\/chord.co.uk\/wp-content\/uploads\/2018\/11\/whf-chord-award-winners-001-300x300.jpg 300w, https:\/\/chord.co.uk\/wp-content\/uploads\/2018\/11\/whf-chord-award-winners-001-282x282.jpg 282w, https:\/\/chord.co.uk\/wp-content\/uploads\/2018\/11\/whf-chord-award-winners-001-600x600.jpg 600w, https:\/\/chord.co.uk\/wp-content\/uploads\/2018\/11\/whf-chord-award-winners-001-100x100.jpg 100w, https:\/\/chord.co.uk\/wp-content\/uploads\/2018\/11\/whf-chord-award-winners-001.jpg 1080w\" sizes=\"auto, (max-width: 1024px) 100vw, 1024px\" \/><\/p>\n<hr \/>\n<p><strong>Znajd\u017a najbli\u017cszego sprzedawc\u0119 Chord Co<\/strong> i uzyskaj najlepsz\u0105 ofert\u0119 na wszystkie nasze wielokrotnie nagradzane produkty.<\/p>\n<p>&nbsp;<\/p>\n<p><a href=\"https:\/\/chord.co.uk\/dealers\/\"><img loading=\"lazy\" decoding=\"async\" class=\"alignnone wp-image-12783 size-full\" src=\"https:\/\/chord.co.uk\/wp-content\/uploads\/2018\/11\/try-buy-red-2.jpg\" alt=\"\" width=\"173\" height=\"184\" \/><\/a><\/p>\n<p>&nbsp;<\/p>\n<p>&nbsp;<\/p>\n","protected":false},"excerpt":{"rendered":"<p>Znajd\u017a najbli\u017cszego sprzedawc\u0119 Chord Co i uzyskaj najlepsz\u0105 ofert\u0119 na wszystkie nasze wielokrotnie nagradzane produkty. &nbsp; &nbsp; &nbsp;<\/p>\n","protected":false},"author":4,"featured_media":15511,"parent":0,"menu_order":0,"comment_status":"closed","ping_status":"closed","template":"page-information-with-sidebar.php","meta":{"_acf_changed":false,"footnotes":""},"class_list":["post-15617","page","type-page","status-publish","has-post-thumbnail","hentry"],"acf":[],"_links":{"self":[{"href":"https:\/\/chord.co.uk\/pl\/wp-json\/wp\/v2\/pages\/15617","targetHints":{"allow":["GET"]}}],"collection":[{"href":"https:\/\/chord.co.uk\/pl\/wp-json\/wp\/v2\/pages"}],"about":[{"href":"https:\/\/chord.co.uk\/pl\/wp-json\/wp\/v2\/types\/page"}],"author":[{"embeddable":true,"href":"https:\/\/chord.co.uk\/pl\/wp-json\/wp\/v2\/users\/4"}],"replies":[{"embeddable":true,"href":"https:\/\/chord.co.uk\/pl\/wp-json\/wp\/v2\/comments?post=15617"}],"version-history":[{"count":0,"href":"https:\/\/chord.co.uk\/pl\/wp-json\/wp\/v2\/pages\/15617\/revisions"}],"wp:featuredmedia":[{"embeddable":true,"href":"https:\/\/chord.co.uk\/pl\/wp-json\/wp\/v2\/media\/15511"}],"wp:attachment":[{"href":"https:\/\/chord.co.uk\/pl\/wp-json\/wp\/v2\/media?parent=15617"}],"curies":[{"name":"wp","href":"https:\/\/api.w.org\/{rel}","templated":true}]}}