{"id":15618,"date":"2018-05-22T17:15:52","date_gmt":"2018-05-22T16:15:52","guid":{"rendered":"https:\/\/chord.co.uk\/product-warranty-general-user-guide\/"},"modified":"2019-09-19T10:46:30","modified_gmt":"2019-09-19T09:46:30","slug":"product-warranty-general-user-guide","status":"publish","type":"page","link":"https:\/\/chord.co.uk\/pl\/product-warranty-general-user-guide\/","title":{"rendered":"Gwarancja i instrukcja obs\u0142ugi"},"content":{"rendered":"<p>Produkty firmy Chord s\u0105 zaprojektowane tak, aby zapewnia\u0107 niezawodne dzia\u0142anie i d\u0142ug\u0105 \u017cywotno\u015b\u0107. Naszym celem jest, aby ka\u017cdy zakup produktu firmy Chord Company by\u0142 udany.<\/p>\n<p>Jako\u015b\u0107 jest nasz\u0105 obsesj\u0105 &#8211; od projektu do produkcji &#8211; a to oznacza, \u017ce \u200b\u200bmo\u017cemy zaoferowa\u0107 do\u017cywotni\u0105 gwarancj\u0119 na wszystkie produkty firmy Chord, obejmuj\u0105c\u0105 wadliwe materia\u0142y i wykonanie w trakcie (rozs\u0105dnego) okresu u\u017cytkowania produktu.<\/p>\n<p><strong>Instrukcja u\u017cytkownika<\/strong><\/p>\n<ul>\n<li>Wy\u0142\u0105cz urz\u0105dzenie przed pod\u0142\u0105czeniem\/od\u0142\u0105czeniem kabla.<\/li>\n<li>Podczas pod\u0142\u0105czania\/od\u0142\u0105czania kabla trzymaj wtyczk\u0119, a nie sam kabel.<\/li>\n<li>Nie zginaj nadmiernie kabla, ani nie nara\u017caj go na nadmierny nacisk.<\/li>\n<li>Je\u015bli wtyczka ma zaczep zwalniaj\u0105cy lub ko\u0142nierz blokuj\u0105cy (kable LAN, XLR, DIN itp.), Upewnij si\u0119 przed wyj\u0119ciem, \u017ce jest ca\u0142kowicie od\u0142\u0105czony.<\/li>\n<\/ul>\n<p><strong>Naprawy w ramach gwarancji<\/strong><\/p>\n<p>Je\u015bli produkt firmy Chord Company wymaga naprawy, zwr\u00f3\u0107 go do autoryzowanego sprzedawcy\/dystrybutora firmy Chord Company. Zorganizuje on wysy\u0142k\u0119 z powrotem do nas.<\/p>\n<p>Je\u015bli w pobli\u017cu nie ma sprzedawcy\/dystrybutora, skontaktuj si\u0119 z nami. Podejmiemy w\u00f3wczas inne dzia\u0142ania i wy\u015blemy ci potwierdzenie.<\/p>\n<p>Je\u015bli produkt nie jest obj\u0119ty nasz\u0105 do\u017cywotni\u0105 gwarancj\u0105, naprawa mo\u017ce by\u0107 nadal mo\u017cliwa za symboliczn\u0105 op\u0142at\u0105. Skontaktuj si\u0119 z <strong>autoryzowanym sprzedawc\u0105\/dystrybutorem firmy Chord<\/strong> w celu uzyskania dalszych porad i pomocy.<\/p>\n<p><strong>Wy\u0142\u0105czenia spod gwarancji<\/strong><\/p>\n<p>Normalny proces zu\u017cycia.<\/p>\n<ul>\n<li>Normalny proces zu\u017cycia.<\/li>\n<li>Przypadkowe uszkodzenie.<\/li>\n<li>Nieautoryzowana naprawa lub modyfikacja.<\/li>\n<li>U\u017cywanie lub obs\u0142uga niezgodna z instrukcj\u0105 u\u017cytkownika.<\/li>\n<li>Kabel\/produkt nie dzia\u0142a z rozdzielczo\u015bci\u0105 lub szybko\u015bci\u0105 przesy\u0142ania danych wy\u017csz\u0105 ni\u017c ta, dla kt\u00f3rej zosta\u0142 zaprojektowany (je\u015bli dotyczy, poziom wydajno\u015bci produkt\u00f3w firmy Chord jest potwierdzony na opakowaniu.<\/li>\n<\/ul>\n<p>Niniejsza gwarancja dotyczy produkt\u00f3w sprzedawanych na ca\u0142ym \u015bwiecie. Warunki naszej gwarancji nie maj\u0105 negatywnego wp\u0142ywu na prawa konsumenta obowi\u0105zuj\u0105ce w kraju zakupu.<\/p>\n","protected":false},"excerpt":{"rendered":"<p>Produkty firmy Chord s\u0105 zaprojektowane tak, aby zapewnia\u0107 niezawodne dzia\u0142anie i d\u0142ug\u0105 \u017cywotno\u015b\u0107. Naszym celem jest, aby ka\u017cdy zakup produktu firmy Chord Company by\u0142 udany. Jako\u015b\u0107 jest nasz\u0105 obsesj\u0105 &#8211; od projektu do produkcji &#8211; a to oznacza, \u017ce \u200b\u200bmo\u017cemy zaoferowa\u0107 do\u017cywotni\u0105 gwarancj\u0119 na wszystkie produkty firmy Chord, obejmuj\u0105c\u0105 wadliwe materia\u0142y i wykonanie w trakcie&#8230;<\/p>\n","protected":false},"author":4,"featured_media":15334,"parent":0,"menu_order":0,"comment_status":"closed","ping_status":"closed","template":"page-information.php","meta":{"_acf_changed":false,"footnotes":""},"class_list":["post-15618","page","type-page","status-publish","has-post-thumbnail","hentry"],"acf":[],"_links":{"self":[{"href":"https:\/\/chord.co.uk\/pl\/wp-json\/wp\/v2\/pages\/15618","targetHints":{"allow":["GET"]}}],"collection":[{"href":"https:\/\/chord.co.uk\/pl\/wp-json\/wp\/v2\/pages"}],"about":[{"href":"https:\/\/chord.co.uk\/pl\/wp-json\/wp\/v2\/types\/page"}],"author":[{"embeddable":true,"href":"https:\/\/chord.co.uk\/pl\/wp-json\/wp\/v2\/users\/4"}],"replies":[{"embeddable":true,"href":"https:\/\/chord.co.uk\/pl\/wp-json\/wp\/v2\/comments?post=15618"}],"version-history":[{"count":0,"href":"https:\/\/chord.co.uk\/pl\/wp-json\/wp\/v2\/pages\/15618\/revisions"}],"wp:featuredmedia":[{"embeddable":true,"href":"https:\/\/chord.co.uk\/pl\/wp-json\/wp\/v2\/media\/15334"}],"wp:attachment":[{"href":"https:\/\/chord.co.uk\/pl\/wp-json\/wp\/v2\/media?parent=15618"}],"curies":[{"name":"wp","href":"https:\/\/api.w.org\/{rel}","templated":true}]}}