{"id":15623,"date":"2017-02-21T12:39:46","date_gmt":"2017-02-21T12:39:46","guid":{"rendered":"https:\/\/chord.co.uk\/xlr-vs-rca\/"},"modified":"2019-09-19T11:02:18","modified_gmt":"2019-09-19T10:02:18","slug":"xlr-vs-rca","status":"publish","type":"page","link":"https:\/\/chord.co.uk\/pl\/xlr-vs-rca\/","title":{"rendered":"XLR vs RCA"},"content":{"rendered":"<p><strong>XLR vs RCA \u2013 kt\u00f3re \u0142\u0105cze jest lepsze?<\/strong><\/p>\n<p>Naj\u0142atwiej za\u0142o\u017cy\u0107, \u017ce je\u015bli tw\u00f3j sprz\u0119t ma zar\u00f3wno z\u0142\u0105cza XLR, jak i RCA, po\u0142\u0105czenia XLR b\u0119d\u0105 lepszym po\u0142\u0105czeniem. Ale nie zawsze tak jest.<\/p>\n<p>\u0141\u0105cze XLR transmituje sygna\u0142 w formie zbalansowanej. \u201eGor\u0105cy\u201d pin przenosi sygna\u0142 dodatni, \u201ezimny\u201d pin r\u00f3wnie\u017c przenosi sygna\u0142, ale odwr\u00f3cony w fazie (pomy\u015bl o odbiciu lustrzanym), a trzeci to masa. W urz\u0105dzeniach audio szumy wsp\u00f3lne dla styk\u00f3w gor\u0105cych i zimnych s\u0105 dzi\u0119ki temu kasowane. Ma to sens w studiach nagraniowych, w kt\u00f3rych cz\u0119sto potrzebne s\u0105 d\u0142ugie odcinki kabla, aby przenie\u015b\u0107 niewielki sygna\u0142 napi\u0119ciowy generowany przez mikrofon w bardzo d\u0142ugich odcinkach kabla (z pewno\u015bci\u0105 niskiej klasy).<\/p>\n<p>Jednak w systemie hi-fi, gdzie by\u0107 mo\u017ce najd\u0142u\u017cszy interkonekt ma 1 metr, a sygna\u0142 dochodzi do 4 wolt\u00f3w, \u0142\u0105cza XLR nie s\u0105 a\u017c tak wa\u017cne.<\/p>\n<p>Najwa\u017cniejsza jest jednak jako\u015b\u0107 d\u017awi\u0119ku. Z naszego do\u015bwiadczenia wynika, \u017ce \u200b\u200bistniej\u0105 systemy, w kt\u00f3rych po\u0142\u0105czenie za pomoc\u0105 kabli XLR jest lepsze ni\u017c za pomoc\u0105 RCA i s\u0105 systemy, w kt\u00f3rych jest odwrotnie.<\/p>\n<p>Dlatego w przypadku ka\u017cdego systemu, kt\u00f3ry ma zar\u00f3wno gniazda XLR, jak i RCA, zalecamy wypr\u00f3bowanie obu typ\u00f3w po\u0142\u0105cze\u0144 i wybranie, kt\u00f3re b\u0119dzie dla Ciebie lepsze. Tw\u00f3j sprzedawca ch\u0119tnie Ci w tej sprawie doradzi.<\/p>\n<p><strong>Kable RCA na XLR i XLR na RCA<\/strong><\/p>\n<p>Urz\u0105dzenia wyposa\u017cone tylko w gniazda RCA mo\u017cna oczywi\u015bcie pod\u0142\u0105czy\u0107 do takich, kt\u00f3re maj\u0105 tylko gniazda XLR. Odbywa si\u0119 to poprzez pod\u0142\u0105czenie sygna\u0142u ze \u015brodkowego styku wtyku RCA do gor\u0105cego pinu XLR, a uziemienie do pinu uziemiaj\u0105cego. Mo\u017cliwe jest r\u00f3wnie\u017c wykonanie kabli XLR na RCA w ten sam spos\u00f3b.<\/p>\n<p>Trzeba jednak zwr\u00f3ci\u0107 uwag\u0119 na jedn\u0105 rzecz. \u0141\u0105cza XLR cz\u0119sto przenosz\u0105 sygna\u0142 o wy\u017cszym napi\u0119ciu ni\u017c \u0142\u0105cza RCA, to 4 V w stosunku do 2 V na RCA. Je\u015bli wi\u0119c, na przyk\u0142ad, pod\u0142\u0105czasz odtwarzacz CD z wyj\u015bciem XLR do wzmacniacza z wej\u015bciem RCA, mo\u017ce si\u0119 okaza\u0107, \u017ce mocniejszy sygna\u0142 przesteruje wej\u015bcie RCA we wzmacniaczu. Problem polega r\u00f3wnie\u017c na tym, \u017ce mamy w\u00f3wczas niewielk\u0105 kontrol\u0119 nad g\u0142o\u015bno\u015bci\u0105, co mo\u017ce prowadzi\u0107 do szorstkiego i m\u0119cz\u0105cego d\u017awi\u0119ku.<\/p>\n<p>To, \u017ce w urz\u0105dzeniu mamy gniazdo XLR, nie oznacza, \u017ce \u200b\u200bjest to sygna\u0142 zr\u00f3wnowa\u017cony.<\/p>\n<p>Niekt\u00f3rzy producenci u\u017cywaj\u0105 po\u0142\u0105czenia XLR do przenoszenia sygna\u0142u stereo, jeden pin dla lewego kana\u0142u, drugi dla prawego, a trzeci jako wsp\u00f3lne uziemienie. W razie w\u0105tpliwo\u015bci zawsze warto skonsultowa\u0107 si\u0119 z producentem.<\/p>\n","protected":false},"excerpt":{"rendered":"<p>XLR vs RCA \u2013 kt\u00f3re \u0142\u0105cze jest lepsze? Naj\u0142atwiej za\u0142o\u017cy\u0107, \u017ce je\u015bli tw\u00f3j sprz\u0119t ma zar\u00f3wno z\u0142\u0105cza XLR, jak i RCA, po\u0142\u0105czenia XLR b\u0119d\u0105 lepszym po\u0142\u0105czeniem. Ale nie zawsze tak jest. \u0141\u0105cze XLR transmituje sygna\u0142 w formie zbalansowanej. \u201eGor\u0105cy\u201d pin przenosi sygna\u0142 dodatni, \u201ezimny\u201d pin r\u00f3wnie\u017c przenosi sygna\u0142, ale odwr\u00f3cony w fazie (pomy\u015bl o odbiciu&#8230;<\/p>\n","protected":false},"author":17,"featured_media":0,"parent":0,"menu_order":0,"comment_status":"closed","ping_status":"closed","template":"page-information-with-sidebar.php","meta":{"_acf_changed":false,"footnotes":""},"class_list":["post-15623","page","type-page","status-publish","hentry"],"acf":[],"_links":{"self":[{"href":"https:\/\/chord.co.uk\/pl\/wp-json\/wp\/v2\/pages\/15623","targetHints":{"allow":["GET"]}}],"collection":[{"href":"https:\/\/chord.co.uk\/pl\/wp-json\/wp\/v2\/pages"}],"about":[{"href":"https:\/\/chord.co.uk\/pl\/wp-json\/wp\/v2\/types\/page"}],"author":[{"embeddable":true,"href":"https:\/\/chord.co.uk\/pl\/wp-json\/wp\/v2\/users\/17"}],"replies":[{"embeddable":true,"href":"https:\/\/chord.co.uk\/pl\/wp-json\/wp\/v2\/comments?post=15623"}],"version-history":[{"count":0,"href":"https:\/\/chord.co.uk\/pl\/wp-json\/wp\/v2\/pages\/15623\/revisions"}],"wp:attachment":[{"href":"https:\/\/chord.co.uk\/pl\/wp-json\/wp\/v2\/media?parent=15623"}],"curies":[{"name":"wp","href":"https:\/\/api.w.org\/{rel}","templated":true}]}}