{"id":15624,"date":"2016-12-15T17:02:02","date_gmt":"2016-12-15T17:02:02","guid":{"rendered":"https:\/\/chord.co.uk\/hi-fi-guide\/"},"modified":"2019-11-14T09:55:24","modified_gmt":"2019-11-14T09:55:24","slug":"hi-fi-guide","status":"publish","type":"page","link":"https:\/\/chord.co.uk\/pl\/hi-fi-guide\/","title":{"rendered":"System audio &#8211; ustawianie"},"content":{"rendered":"<h2>Chcesz w pe\u0142ni wykorzysta\u0107 sw\u00f3j system hi-fi bez wi\u0119kszych zmian?<\/h2>\n<p>Przygotowali\u015bmy ten przewodnik, aby pom\u00f3c Ci poprawi\u0107 bie\u017c\u0105c\u0105 konfiguracj\u0119. Niezale\u017cnie od tego, czy w\u0142a\u015bnie kupi\u0142e\u015b swoje pierwsze urz\u0105dzenie hi-fi, czy zainwestowa\u0142e\u015b du\u017ce pieni\u0105dze w system high-end, uwa\u017camy \u017ce znajdziesz tu co\u015b, co pomo\u017ce Ci jeszcze bardziej cieszy\u0107 si\u0119 muzyk\u0105. Je\u015bli masz pytania, na kt\u00f3re nie ma tu odpowiedzi, mo\u017cesz zwr\u00f3ci\u0107 si\u0119 do naszego sprzedawcy.<\/p>\n","protected":false},"excerpt":{"rendered":"<p>Chcesz w pe\u0142ni wykorzysta\u0107 sw\u00f3j system hi-fi bez wi\u0119kszych zmian? Przygotowali\u015bmy ten przewodnik, aby pom\u00f3c Ci poprawi\u0107 bie\u017c\u0105c\u0105 konfiguracj\u0119. Niezale\u017cnie od tego, czy w\u0142a\u015bnie kupi\u0142e\u015b swoje pierwsze urz\u0105dzenie hi-fi, czy zainwestowa\u0142e\u015b du\u017ce pieni\u0105dze w system high-end, uwa\u017camy \u017ce znajdziesz tu co\u015b, co pomo\u017ce Ci jeszcze bardziej cieszy\u0107 si\u0119 muzyk\u0105. Je\u015bli masz pytania, na kt\u00f3re nie&#8230;<\/p>\n","protected":false},"author":17,"featured_media":0,"parent":0,"menu_order":0,"comment_status":"closed","ping_status":"closed","template":"page-sections.php","meta":{"_acf_changed":false,"footnotes":""},"class_list":["post-15624","page","type-page","status-publish","hentry"],"acf":[],"_links":{"self":[{"href":"https:\/\/chord.co.uk\/pl\/wp-json\/wp\/v2\/pages\/15624","targetHints":{"allow":["GET"]}}],"collection":[{"href":"https:\/\/chord.co.uk\/pl\/wp-json\/wp\/v2\/pages"}],"about":[{"href":"https:\/\/chord.co.uk\/pl\/wp-json\/wp\/v2\/types\/page"}],"author":[{"embeddable":true,"href":"https:\/\/chord.co.uk\/pl\/wp-json\/wp\/v2\/users\/17"}],"replies":[{"embeddable":true,"href":"https:\/\/chord.co.uk\/pl\/wp-json\/wp\/v2\/comments?post=15624"}],"version-history":[{"count":0,"href":"https:\/\/chord.co.uk\/pl\/wp-json\/wp\/v2\/pages\/15624\/revisions"}],"wp:attachment":[{"href":"https:\/\/chord.co.uk\/pl\/wp-json\/wp\/v2\/media?parent=15624"}],"curies":[{"name":"wp","href":"https:\/\/api.w.org\/{rel}","templated":true}]}}