{"id":15625,"date":"2016-12-15T10:39:30","date_gmt":"2016-12-15T10:39:30","guid":{"rendered":"https:\/\/chord.co.uk\/cookie-policy\/"},"modified":"2019-10-31T10:24:19","modified_gmt":"2019-10-31T10:24:19","slug":"cookie-policy","status":"publish","type":"page","link":"https:\/\/chord.co.uk\/pl\/cookie-policy\/","title":{"rendered":"Polityka Cookie"},"content":{"rendered":"<p><strong>Co to s\u0105 pliki cookie i do czego s\u0142u\u017c\u0105?<\/strong><\/p>\n<p>Pliki cookie to ma\u0142e pliki tekstowe, kt\u00f3re s\u0105 przechowywane w przegl\u0105darce lub na dysku twardym komputera i opisuj\u0105 odwiedzane witryny. Zdecydowana wi\u0119kszo\u015b\u0107 stron internetowych u\u017cywa plik\u00f3w cookie, poniewa\u017c umo\u017cliwiaj\u0105 im bardziej efektywne dzia\u0142anie. W rzeczywisto\u015bci niekt\u00f3re strony internetowe w og\u00f3le nie mog\u0105 bez nich funkcjonowa\u0107, na przyk\u0142ad \u201ekoszyki\u201d przy zakupach.<\/p>\n<p>Wi\u0119kszo\u015b\u0107 przegl\u0105darek internetowych akceptuje pliki cookie automatycznie, jednak mo\u017cesz zaakceptowa\u0107, usun\u0105\u0107 lub wy\u0142\u0105czy\u0107 pliki cookie, kiedy tylko chcesz. Narz\u0119dzia do tego celu s\u0105 zwykle zawarte w menu \u201ePomoc\u201d przegl\u0105darki internetowej. Informacje na temat kontrolowania plik\u00f3w cookie mo\u017cna znale\u017a\u0107 na stronie: allaboutcookies.org.<\/p>\n<p><strong>Jak korzystamy z ciasteczek<\/strong><\/p>\n<p>Na naszej stronie korzystamy z plik\u00f3w cookie. Nie s\u0105 one wykorzystywane do gromadzenia jakichkolwiek informacji identyfikuj\u0105cych ci\u0119 osobi\u015bcie: przez imi\u0119 i nazwisko, adres e-mail lub adres pocztowy. Pliki cookie s\u0105 u\u017cywane na naszej witrynie, dzi\u0119ki czemu informacje mog\u0105 by\u0107 przekazywane ze strony na stron\u0119 w celu zwi\u0119kszenia komfortu u\u017cytkowania, a tak\u017ce do zbierania statystyk strony. Wszelkie gromadzone dane statystyczne s\u0105 agregowane i anonimowe. S\u0105 one wykorzystywane wy\u0142\u0105cznie w celu poprawy jako\u015bci naszej witryny i oferowanych przez nas us\u0142ug, a nie w celu przekierowania do Ciebie w celach reklamowych lub marketingowych przez nas lub osoby trzecie.<\/p>\n<p>Je\u015bli nadal korzystasz z naszej witryny, wyra\u017casz zgod\u0119 na korzystanie z nast\u0119puj\u0105cych plik\u00f3w cookie:<\/p>\n<ol>\n<li>Sesyjne pliki cookie (PHPSESSID). Ten plik cookie jest ustawiany po przybyciu na nasz\u0105 stron\u0119 i dzia\u0142a w celu zwi\u0119kszenia wygody u\u017cytkownika na czas tej wizyty. Prowadzi rejestr wszelkich preferencji, kt\u00f3re ustawi\u0142e\u015b podczas tej wizyty. Umo\u017cliwia tak\u017ce zachowanie informacji wprowadzonych w polach formularzy online, aby w razie potrzeby ponownego przes\u0142ania formularza w tej samej sesji przegl\u0105dania nie trzeba by\u0142o ponownie wprowadza\u0107 wszystkich informacji. Zamiast tego poprzednia pr\u00f3ba jest zapisywana i mo\u017ce by\u0107 edytowana, co oszcz\u0119dza czas. Ten plik cookie jest anonimowy na czas sesji i jest trwale usuwany po zamkni\u0119ciu przegl\u0105darki.<\/li>\n<li>Mapy Google (APISID, HSID, NID, PREF, SAPISID, SID, SSID). Te pliki cookie s\u0105 u\u017cywane przez Google do przechowywania preferencji u\u017cytkownika i informacji podczas przegl\u0105dania stron z Mapami Google.<\/li>\n<li>Google Analytics. Pliki cookie s\u0105 wykorzystywane przez Google Analytics do zbierania anonimowych informacji o tym, w jaki spos\u00f3b odwiedzaj\u0105cy korzystaj\u0105 z naszej witryny, w tym o liczbie odwiedzaj\u0105cych, sk\u0105d pochodz\u0105 i odwiedzanych stronach. Pliki cookie u\u017cywane przez Google Analytics w tej witrynie to:o Rejestruje liczb\u0119 odwiedzin strony przez u\u017cytkownika, a tak\u017ce czas ich pierwszej i ostatniej wizyty\n<p>o Przechowuje szczeg\u00f3\u0142y momentu wej\u015bcia u\u017cytkownika na stron\u0119<\/p>\n<p>o Przechowuje szczeg\u00f3\u0142y momentu, w kt\u00f3rym u\u017cytkownik opuszcza witryn\u0119<\/p>\n<p>o Zapisy, z kt\u00f3rych pochodzi u\u017cytkownik, w tym szczeg\u00f3\u0142owe informacje o wyszukiwarce, u\u017cywanych s\u0142owach kluczowych i linkach<\/li>\n<\/ol>\n<p>U\u017cywamy tych informacji do tworzenia raport\u00f3w i pomagania nam w ulepszaniu naszej witryny. Informacje nie b\u0119d\u0105 wykorzystywane przez nas ani przez Google Analytics w celu identyfikacji u\u017cytkownika lub kierowania na niego w celach reklamowych lub marketingowych. Aby dowiedzie\u0107 si\u0119 wi\u0119cej o tym, jak te informacje s\u0105 wykorzystywane przez Google Analytics, odwied\u017a: http:\/\/www.google.co.uk\/intl\/en\/policies\/privacy\/<\/p>\n<p>Aby zrezygnowa\u0107 z \u015bledzenia przez Google Analytics we wszystkich witrynach odwied\u017a https:\/\/tools.google.com\/dlpage\/gaoptout<\/p>\n<p><strong>Dost\u0119p do informacji<\/strong><\/p>\n<p>Ustawa daje ci prawo dost\u0119pu do przechowywanych informacji o tobie. Z prawa dost\u0119pu mo\u017cna skorzysta\u0107 zgodnie z ustaw\u0105. Wszelkie pro\u015bby o dost\u0119p mog\u0105 podlega\u0107 op\u0142acie w wysoko\u015bci 10 GBP w celu pokrycia naszych koszt\u00f3w zwi\u0105zanych z przekazaniem Ci szczeg\u00f3\u0142owych informacji na temat posiadanych przez nas informacji.<\/p>\n<p><strong>Twoje prawa<\/strong><\/p>\n<p>Masz prawo poprosi\u0107 nas, aby\u015bmy nie przetwarzali twoich danych osobowych w celach marketingowych. Zwykle informujemy Ci\u0119 (przed zebraniem danych), czy zamierzamy wykorzystywa\u0107 twoje dane do takich cel\u00f3w lub czy zamierzamy ujawni\u0107 twoje dane stronom trzecim do takich cel\u00f3w. Mo\u017cesz skorzysta\u0107 ze swojego prawa, aby zapobiec takiemu przetwarzaniu, zaznaczaj\u0105c odpowiednie pola w formularzach, kt\u00f3rych u\u017cywamy do gromadzenia danych. Mo\u017cesz r\u00f3wnie\u017c skorzysta\u0107 z tego prawa w dowolnym momencie, kontaktuj\u0105c si\u0119 z nami.<\/p>\n<p><strong>Linki do innych stron internetowych<\/strong><\/p>\n<p>Nasza strona internetowa zawiera linki do innych stron internetowych. Nasza polityka prywatno\u015bci dotyczy tylko naszej strony internetowej, wi\u0119c kiedy \u0142\u0105czysz si\u0119 z innymi stronami, powiniene\u015b zapozna\u0107 si\u0119 z ich w\u0142asn\u0105 polityk\u0105 prywatno\u015bci.<\/p>\n<p><strong>Zmiany w naszej polityce prywatno\u015bci<\/strong><\/p>\n<p>Wszelkie zmiany, kt\u00f3re mo\u017cemy wprowadzi\u0107 w naszej polityce prywatno\u015bci w przysz\u0142o\u015bci, zostan\u0105 opublikowane na tej stronie i, w stosownych przypadkach, powiadomione o tym e-mailem.<\/p>\n<p>&nbsp;<\/p>\n","protected":false},"excerpt":{"rendered":"<p>Co to s\u0105 pliki cookie i do czego s\u0142u\u017c\u0105? Pliki cookie to ma\u0142e pliki tekstowe, kt\u00f3re s\u0105 przechowywane w przegl\u0105darce lub na dysku twardym komputera i opisuj\u0105 odwiedzane witryny. Zdecydowana wi\u0119kszo\u015b\u0107 stron internetowych u\u017cywa plik\u00f3w cookie, poniewa\u017c umo\u017cliwiaj\u0105 im bardziej efektywne dzia\u0142anie. W rzeczywisto\u015bci niekt\u00f3re strony internetowe w og\u00f3le nie mog\u0105 bez nich funkcjonowa\u0107, na&#8230;<\/p>\n","protected":false},"author":17,"featured_media":0,"parent":0,"menu_order":0,"comment_status":"closed","ping_status":"closed","template":"page-information.php","meta":{"_acf_changed":false,"footnotes":""},"class_list":["post-15625","page","type-page","status-publish","hentry"],"acf":[],"_links":{"self":[{"href":"https:\/\/chord.co.uk\/pl\/wp-json\/wp\/v2\/pages\/15625","targetHints":{"allow":["GET"]}}],"collection":[{"href":"https:\/\/chord.co.uk\/pl\/wp-json\/wp\/v2\/pages"}],"about":[{"href":"https:\/\/chord.co.uk\/pl\/wp-json\/wp\/v2\/types\/page"}],"author":[{"embeddable":true,"href":"https:\/\/chord.co.uk\/pl\/wp-json\/wp\/v2\/users\/17"}],"replies":[{"embeddable":true,"href":"https:\/\/chord.co.uk\/pl\/wp-json\/wp\/v2\/comments?post=15625"}],"version-history":[{"count":0,"href":"https:\/\/chord.co.uk\/pl\/wp-json\/wp\/v2\/pages\/15625\/revisions"}],"wp:attachment":[{"href":"https:\/\/chord.co.uk\/pl\/wp-json\/wp\/v2\/media?parent=15625"}],"curies":[{"name":"wp","href":"https:\/\/api.w.org\/{rel}","templated":true}]}}