{"id":15627,"date":"2016-12-15T10:36:49","date_gmt":"2016-12-15T10:36:49","guid":{"rendered":"https:\/\/chord.co.uk\/terms-conditions\/"},"modified":"2019-11-14T08:26:06","modified_gmt":"2019-11-14T08:26:06","slug":"terms-conditions","status":"publish","type":"page","link":"https:\/\/chord.co.uk\/pl\/terms-conditions\/","title":{"rendered":"Zasady i ograniczenia"},"content":{"rendered":"<p><strong>WA\u017bNA INFORMACJA PRAWNA<\/strong><\/p>\n<p>UWAGA: Niniejsza informacja prawna dotyczy ca\u0142ej zawarto\u015bci Strony Internetowej pod nazw\u0105 domeny www.chord.co.uk (Strona Internetowa) oraz wszelkiej korespondencji elektronicznej pomi\u0119dzy nami a u\u017cytkownikiem. Prosimy o uwa\u017cne zapoznanie si\u0119 z niniejszymi warunkami przed rozpocz\u0119ciem korzystania ze Strony Internetowej. Korzystanie ze Strony Internetowej oznacza, \u017ce akceptujesz niniejsze warunki bez wzgl\u0119du na to, czy zdecydujesz si\u0119 zarejestrowa\u0107 u nas, czy te\u017c nie. Je\u015bli nie akceptujesz niniejszych warunk\u00f3w, nie korzystaj ze Strony Internetowej. Niniejsza informacja zosta\u0142a wydana przez The Chord Company Ltd (Sp\u00f3\u0142ka).<\/p>\n<p>&nbsp;<\/p>\n<ol>\n<li>WPROWADZENIE<\/li>\n<\/ol>\n<p>1.1 U\u017cytkownik mo\u017ce uzyska\u0107 dost\u0119p do Strony Internetowej bez konieczno\u015bci rejestracji swoich danych osobowych u nas.<\/p>\n<p>1.2 Uzyskuj\u0105c dost\u0119p do dowolnej cz\u0119\u015bci Strony Internetowej, uznaje si\u0119, \u017ce u\u017cytkownik w pe\u0142ni zaakceptowa\u0142 niniejsz\u0105 informacj\u0119 prawn\u0105. Je\u015bli u\u017cytkownik nie zaakceptuje niniejszej informacji prawnej w ca\u0142o\u015bci, musi natychmiast opu\u015bci\u0107 Stron\u0119 Internetow\u0105.<\/p>\n<p>1.3 Sp\u00f3\u0142ka mo\u017ce w ka\u017cdej chwili zmieni\u0107 niniejsz\u0105 informacj\u0119 prawn\u0105, aktualizuj\u0105c niniejsz\u0105 publikacj\u0119. U\u017cytkownik powinien okresowo sprawdza\u0107 Stron\u0119 Internetow\u0105, aby zapozna\u0107 si\u0119 z aktualn\u0105 informacj\u0105 prawn\u0105, poniewa\u017c jest ona dla niego wi\u0105\u017c\u0105ca. Niekt\u00f3re postanowienia niniejszej informacji prawnej mog\u0105 zosta\u0107 zast\u0105pione wyra\u017anie wskazanymi informacjami prawnymi lub warunkami znajduj\u0105cymi si\u0119 na poszczeg\u00f3lnych stronach Strony Internetowej.<\/p>\n<p>&nbsp;<\/p>\n<ol start=\"2\">\n<li>LICENCJA<\/li>\n<\/ol>\n<p>2.1 U\u017cytkownik mo\u017ce drukowa\u0107 i pobiera\u0107 fragmenty ze Strony Internetowej na w\u0142asny u\u017cytek na nast\u0119puj\u0105cych zasadach:<br \/>\n(a) \u017cadne dokumenty lub zwi\u0105zane z nimi elementy graficzne na Stronie Internetowej nie s\u0105 w \u017caden spos\u00f3b modyfikowane; (b) \u017cadna grafika na Stronie Internetowej nie jest u\u017cywana oddzielnie od odpowiadaj\u0105cego jej tekstu; oraz (c) we wszystkich kopiach pojawiaj\u0105 si\u0119 informacje o prawach autorskich i znakach towarowych Sp\u00f3\u0142ki oraz niniejsze pozwolenie.<\/p>\n<p>2.2 O ile nie okre\u015blono inaczej, prawa autorskie i inne prawa w\u0142asno\u015bci intelektualnej do wszystkich materia\u0142\u00f3w znajduj\u0105cych si\u0119 na Stronie Internetowej (w tym m.in. zdj\u0119cia, opisy produkt\u00f3w i grafiki) s\u0105 w\u0142asno\u015bci\u0105 Sp\u00f3\u0142ki lub jej licencjodawc\u00f3w. Dla cel\u00f3w niniejszej informacji prawnej, jakiekolwiek wykorzystanie fragment\u00f3w ze Strony Internetowej w celach innych ni\u017c okre\u015blone w punkcie 2.1 jest zabronione. Je\u015bli u\u017cytkownik naruszy kt\u00f3rekolwiek z warunk\u00f3w zawartych w niniejszej informacji prawnej, jego zgoda na korzystanie ze Strony Internetowej automatycznie wygasa i musi natychmiast zniszczy\u0107 wszelkie pobrane lub wydrukowane fragmenty ze Strony Internetowej.<\/p>\n<p>2.3 Z zastrze\u017ceniem punktu 2.1, \u017cadna cz\u0119\u015b\u0107 Strony Internetowej nie mo\u017ce by\u0107 powielana lub przechowywana na jakiejkolwiek innej stronie internetowej lub zawarta w jakimkolwiek publicznym lub prywatnym elektronicznym systemie wyszukiwania lub us\u0142udze bez uprzedniej pisemnej zgody Sp\u00f3\u0142ki.<\/p>\n<p>2.4 Wszelkie prawa, kt\u00f3re nie zosta\u0142y wyra\u017anie przyznane w niniejszych warunkach, s\u0105 zastrze\u017cone.<\/p>\n<p>&nbsp;<\/p>\n<ol start=\"3\">\n<li>DOST\u0118P DO US\u0141UGI<\/li>\n<\/ol>\n<p>3.1 Chocia\u017c Sp\u00f3\u0142ka dok\u0142ada wszelkich stara\u0144, aby zapewni\u0107 normaln\u0105 dost\u0119pno\u015b\u0107 Strony Internetowej 24 godziny na dob\u0119, Sp\u00f3\u0142ka nie ponosi odpowiedzialno\u015bci, je\u017celi z jakiegokolwiek powodu Strona Internetowa jest niedost\u0119pna w jakimkolwiek czasie lub przez jakikolwiek okres.<\/p>\n<p>3.2 Dost\u0119p do Strony Internetowej mo\u017ce zosta\u0107 czasowo zawieszony bez uprzedzenia w przypadku awarii, konserwacji lub naprawy systemu lub z przyczyn niezale\u017cnych od Sp\u00f3\u0142ki.<\/p>\n<p>&nbsp;<\/p>\n<ol start=\"4\">\n<li>MATERIA\u0141Y I ZACHOWANIE ODWIEDZAJ\u0104CYCH<\/li>\n<\/ol>\n<p>4.1 Informacje inne ni\u017c dane osobowe, kt\u00f3re s\u0105 obj\u0119te nasz\u0105 <a href=\"https:\/\/chord.co.uk\/pl\/privacy-policy\/\">Polityk\u0105 Prywatno\u015bci<\/a>, wszelkie materia\u0142y przesy\u0142ane lub zamieszczane na Stronie Internetowej b\u0119d\u0105 uwa\u017cane za niepoufne i niezastrze\u017cone. Sp\u00f3\u0142ka nie ma \u017cadnych zobowi\u0105za\u0144 w odniesieniu do takich materia\u0142\u00f3w. Sp\u00f3\u0142ka i osoby przez ni\u0105 wyznaczone mog\u0105 kopiowa\u0107, ujawnia\u0107, rozpowszechnia\u0107, w\u0142\u0105cza\u0107 i w inny spos\u00f3b wykorzystywa\u0107 takie materia\u0142y oraz wszelkie dane, obrazy, d\u017awi\u0119ki, teksty i inne rzeczy w nich zawarte do wszelkich cel\u00f3w komercyjnych lub niekomercyjnych.<\/p>\n<p>4.2 Zabronione jest zamieszczanie lub przesy\u0142anie na lub ze Strony Internetowej jakichkolwiek materia\u0142\u00f3w:<br \/>\n(a) kt\u00f3re zawieraj\u0105 gro\u017aby, s\u0105 znies\u0142awiaj\u0105ce, obsceniczne, nieprzyzwoite, obrazoburcze, obra\u017aliwe, pornograficzne, obel\u017cywe, mog\u0105ce pod\u017cega\u0107 do nienawi\u015bci rasowej, dyskryminuj\u0105ce, gro\u017ane, skandaliczne, pod\u017cegaj\u0105ce, blu\u017aniercze, naruszaj\u0105ce zaufanie, naruszaj\u0105ce prywatno\u015b\u0107 lub mog\u0105ce powodowa\u0107 uci\u0105\u017cliwo\u015b\u0107 lub niedogodno\u015bci; lub (b) na kt\u00f3re u\u017cytkownik nie uzyska\u0142 wszystkich niezb\u0119dnych licencji i\/lub zezwole\u0144; lub (c) kt\u00f3re stanowi\u0105 lub zach\u0119caj\u0105 do zachowania, kt\u00f3re mog\u0142oby zosta\u0107 uznane za przest\u0119pstwo, skutkowa\u0107 odpowiedzialno\u015bci\u0105 cywiln\u0105 lub w inny spos\u00f3b by\u0107 sprzeczne z prawem lub narusza\u0107 prawa os\u00f3b trzecich w jakimkolwiek kraju na \u015bwiecie; lub (d) kt\u00f3re mog\u0105 spowodowa\u0107 szkody o charakterze technicznym (w tym m.in. wirusy komputerowe, bomby logiczne, konie troja\u0144skie, robaki, szkodliwe elementy, uszkodzone dane lub inne z\u0142o\u015bliwe oprogramowanie lub szkodliwe dane).<\/p>\n<p>4.3 U\u017cytkownik nie mo\u017ce korzysta\u0107 ze Strony Internetowej w niew\u0142a\u015bciwy spos\u00f3b (w tym m.in. przez w\u0142amanie).<\/p>\n<p>4.4 Sp\u00f3\u0142ka b\u0119dzie w pe\u0142ni wsp\u00f3\u0142pracowa\u0107 z organami \u015bcigania lub stosowa\u0107 si\u0119 do postanowie\u0144 s\u0105du \u017c\u0105daj\u0105cych lub nakazuj\u0105cych Sp\u00f3\u0142ce ujawnienie to\u017csamo\u015bci lub zlokalizowanie osoby zamieszczaj\u0105cej jakiekolwiek materia\u0142y z naruszeniem punktu 4.2 lub 4.3.<\/p>\n<p>&nbsp;<\/p>\n<ol start=\"5\">\n<li>LINKI DO INNYCH STRON INTERNETOWYCH I Z INNYCH STRON INTERNETOWYCH<\/li>\n<\/ol>\n<p>5.1 Linki do stron internetowych os\u00f3b trzecich znajduj\u0105cych si\u0119 na Stronie Internetowej s\u0105 zamieszczane wy\u0142\u0105cznie dla wygody u\u017cytkownika. Je\u015bli u\u017cytkownik korzysta z tych link\u00f3w, opuszcza Stron\u0119 Internetow\u0105. Sp\u00f3\u0142ka nie sprawdzi\u0142a wszystkich tych stron internetowych os\u00f3b trzecich oraz nie kontroluje i nie ponosi odpowiedzialno\u015bci za te strony internetowe, ich zawarto\u015b\u0107 lub dost\u0119pno\u015b\u0107. W zwi\u0105zku z tym Sp\u00f3\u0142ka nie zatwierdza ani nie sk\u0142ada \u017cadnych o\u015bwiadcze\u0144 na ich temat, ani \u017cadnych znalezionych tam materia\u0142\u00f3w, ani te\u017c \u017cadnych wynik\u00f3w, kt\u00f3re mog\u0105 zosta\u0107 uzyskane w wyniku ich wykorzystania. Je\u015bli u\u017cytkownik zdecyduje si\u0119 skorzysta\u0107 z kt\u00f3rejkolwiek ze stron internetowych os\u00f3b trzecich powi\u0105zanych ze Stron\u0105 Internetow\u0105, robi to ca\u0142kowicie na w\u0142asne ryzyko.<\/p>\n<p>&nbsp;<\/p>\n<ol start=\"6\">\n<li>REJESTRACJA<\/li>\n<\/ol>\n<p>6.1 Ka\u017cda rejestracja jest przeznaczona tylko dla jednego u\u017cytkownika. Sp\u00f3\u0142ka nie zezwala na udost\u0119pnianie nazwy u\u017cytkownika i has\u0142a \u017cadnej innej osobie ani wielu u\u017cytkownikom w sieci.<\/p>\n<p>6.2 Odpowiedzialno\u015b\u0107 za bezpiecze\u0144stwo wszelkich wydanych hase\u0142 spoczywa na u\u017cytkowniku.<\/p>\n<p>&nbsp;<\/p>\n<ol start=\"7\">\n<li>WY\u0141\u0104CZENIE ODPOWIEDZIALNO\u015aCI<\/li>\n<\/ol>\n<p>7.1 Chocia\u017c Sp\u00f3\u0142ka dok\u0142ada wszelkich stara\u0144, aby informacje zawarte na Stronie Internetowej by\u0142y poprawne, nie gwarantuje ona dok\u0142adno\u015bci i kompletno\u015bci materia\u0142\u00f3w znajduj\u0105cych si\u0119 na Stronie Internetowej. Sp\u00f3\u0142ka mo\u017ce w dowolnym czasie i bez uprzedzenia dokonywa\u0107 zmian w materia\u0142ach zamieszczonych na Stronie Internetowej lub w produktach i cenach na niej opisanych. Materia\u0142y znajduj\u0105ce si\u0119 na Stronie Internetowej mog\u0105 by\u0107 nieaktualne, a Sp\u00f3\u0142ka nie zobowi\u0105zuje si\u0119 do ich aktualizacji.<\/p>\n<p>7.2 Materia\u0142y publikowane na Stronie Internetowej s\u0105 publikowane \u201etakie, jakie s\u0105\u201d, nie podlegaj\u0105 \u017cadnym warunkom, gwarancjom ani innym postanowieniom. W zwi\u0105zku z tym, w maksymalnym zakresie dozwolonym przez prawo, Sp\u00f3\u0142ka udost\u0119pnia u\u017cytkownikowi Stron\u0119 Internetow\u0105 przy za\u0142o\u017ceniu, \u017ce Sp\u00f3\u0142ka wy\u0142\u0105cza wszelkie o\u015bwiadczenia, gwarancje, warunki i inne postanowienia (w tym m.in. warunki przewidziane w przepisach dotycz\u0105ce zadowalaj\u0105cej jako\u015bci, przydatno\u015bci do okre\u015blonego celu i u\u017cycia w\u0142a\u015bciwej staranno\u015bci i umiej\u0119tno\u015bci), kt\u00f3re, w przypadku nieobowi\u0105zywania niniejszej informacji prawnej, mog\u0142yby mie\u0107 zastosowanie do Strony Internetowej.<\/p>\n<p>&nbsp;<\/p>\n<ol start=\"8\">\n<li>ODPOWIEDZIALNO\u015a\u0106<\/li>\n<\/ol>\n<p>8.1 Sp\u00f3\u0142ka, dowolna inna strona (niezale\u017cnie od tego, czy jest zaanga\u017cowana w tworzenie, produkcj\u0119, utrzymanie lub dostarczanie Strony Internetowej) oraz dowolna sp\u00f3\u0142ka z grupy kapita\u0142owej Sp\u00f3\u0142ki oraz cz\u0142onkowie zarz\u0105du, dyrektorzy, pracownicy, udzia\u0142owcy lub agenci kt\u00f3rejkolwiek z nich, wy\u0142\u0105czaj\u0105 wszelk\u0105 odpowiedzialno\u015b\u0107 z tytu\u0142u strat lub szk\u00f3d o dowolnej wysoko\u015bci lub rodzaju, kt\u00f3re mog\u0105 wynikn\u0105\u0107 dla u\u017cytkownika lub osoby trzeciej (w tym m.in. wszelkich strat lub szk\u00f3d bezpo\u015brednich, po\u015brednich, moralnych lub wynikowych, lub jakiejkolwiek utraty dochod\u00f3w, zysk\u00f3w, warto\u015bci firmy, danych, um\u00f3w, wykorzystania \u015brodk\u00f3w pieni\u0119\u017cnych, b\u0105d\u017a te\u017c strat lub szk\u00f3d wynikaj\u0105cych lub zwi\u0105zanych w jakikolwiek spos\u00f3b z przerwami w dzia\u0142alno\u015bci, oraz niezale\u017cnie od tego, czy odpowiedzialno\u015b\u0107 ma charakter deliktowy (w tym m.in. zaniedbanie) kontraktowy lub inny) w zwi\u0105zku ze Stron\u0105 Internetow\u0105 w jakikolwiek spos\u00f3b lub w zwi\u0105zku z korzystaniem, niemo\u017cno\u015bci\u0105 korzystania lub wynikami korzystania ze Strony Internetowej, wszelkich stron internetowych powi\u0105zanych ze Stron\u0105 Internetow\u0105 lub materia\u0142em znajduj\u0105cym si\u0119 na takich stronach internetowych, w tym m.in. strat lub szk\u00f3d spowodowanych wirusami, kt\u00f3re mog\u0105 zainfekowa\u0107 sprz\u0119t komputerowy, oprogramowanie, dane lub inne mienie u\u017cytkownika z powodu dost\u0119pu, korzystania lub przegl\u0105dania Strony Internetowej lub pobierania jakichkolwiek materia\u0142\u00f3w ze Strony Internetowej lub jakichkolwiek stron internetowych powi\u0105zanych ze Stron\u0105 Internetow\u0105.<\/p>\n<ol start=\"9\">\n<li>PRAWO W\u0141A\u015aCIWE I JURYSDYKCJA<\/li>\n<\/ol>\n<p>Niniejsza informacja prawna podlega przepisom prawa angielskiego oraz jest zgodnie z nim interpretowana. Spory powsta\u0142e w zwi\u0105zku z niniejsz\u0105 informacj\u0105 prawn\u0105 podlegaj\u0105 wy\u0142\u0105cznej jurysdykcji s\u0105d\u00f3w angielskich.<\/p>\n<p>\u00a9 The Chord Company 2018<\/p>\n","protected":false},"excerpt":{"rendered":"<p>WA\u017bNA INFORMACJA PRAWNA UWAGA: Niniejsza informacja prawna dotyczy ca\u0142ej zawarto\u015bci Strony Internetowej pod nazw\u0105 domeny www.chord.co.uk (Strona Internetowa) oraz wszelkiej korespondencji elektronicznej pomi\u0119dzy nami a u\u017cytkownikiem. Prosimy o uwa\u017cne zapoznanie si\u0119 z niniejszymi warunkami przed rozpocz\u0119ciem korzystania ze Strony Internetowej. Korzystanie ze Strony Internetowej oznacza, \u017ce akceptujesz niniejsze warunki bez wzgl\u0119du na to, czy zdecydujesz&#8230;<\/p>\n","protected":false},"author":17,"featured_media":0,"parent":0,"menu_order":0,"comment_status":"closed","ping_status":"closed","template":"page-information.php","meta":{"_acf_changed":false,"footnotes":""},"class_list":["post-15627","page","type-page","status-publish","hentry"],"acf":[],"_links":{"self":[{"href":"https:\/\/chord.co.uk\/pl\/wp-json\/wp\/v2\/pages\/15627","targetHints":{"allow":["GET"]}}],"collection":[{"href":"https:\/\/chord.co.uk\/pl\/wp-json\/wp\/v2\/pages"}],"about":[{"href":"https:\/\/chord.co.uk\/pl\/wp-json\/wp\/v2\/types\/page"}],"author":[{"embeddable":true,"href":"https:\/\/chord.co.uk\/pl\/wp-json\/wp\/v2\/users\/17"}],"replies":[{"embeddable":true,"href":"https:\/\/chord.co.uk\/pl\/wp-json\/wp\/v2\/comments?post=15627"}],"version-history":[{"count":0,"href":"https:\/\/chord.co.uk\/pl\/wp-json\/wp\/v2\/pages\/15627\/revisions"}],"wp:attachment":[{"href":"https:\/\/chord.co.uk\/pl\/wp-json\/wp\/v2\/media?parent=15627"}],"curies":[{"name":"wp","href":"https:\/\/api.w.org\/{rel}","templated":true}]}}