{"id":15629,"date":"2016-12-12T11:25:25","date_gmt":"2016-12-12T11:25:25","guid":{"rendered":"https:\/\/chord.co.uk\/speaker-cable-guide\/"},"modified":"2019-10-03T11:06:20","modified_gmt":"2019-10-03T10:06:20","slug":"speaker-cable-guide","status":"publish","type":"page","link":"https:\/\/chord.co.uk\/pl\/speaker-cable-guide\/","title":{"rendered":"Kable g\u0142o\u015bnikowe &#8211; poradnik"},"content":{"rendered":"<p><strong>Kable g\u0142o\u015bnikowe \u2013 przewodnik<\/strong><\/p>\n<p>Nie ma znaczenia, czy odtwarzasz muzyk\u0119 na systemie bud\u017cetowym, czy high-endowym, masz system all-in-one, czy kino domowe, za ka\u017cdym razem potrzebujesz kabla g\u0142o\u015bnikowego. Niezale\u017cnie od tego, do czego pod\u0142\u0105czasz g\u0142o\u015bniki, zastosowany przez ciebie kabel b\u0119dzie mia\u0142 du\u017cy wp\u0142yw na d\u017awi\u0119k ca\u0142ego systemu. Uwa\u017camy, \u017ce oko\u0142o 70% w\u0142a\u015bcicieli sprz\u0119tu hi-fi i kina domowego nie jest w stanie do\u015bwiadczy\u0107 prawdziwego potencja\u0142u swojego systemu. Wszystko z powodu z\u0142ej jako\u015bci kabla g\u0142o\u015bnikowego.<\/p>\n<p>Problem polega na tym, \u017ce nawet najta\u0144sze, najcie\u0144sze kable g\u0142o\u015bnikowe b\u0119d\u0105 po prostu dzia\u0142a\u0107, to znaczy us\u0142yszysz muzyk\u0119.<\/p>\n<p>Tak, nawet najbardziej podstawowe kable g\u0142o\u015bnikowe b\u0119d\u0105 przewodzi\u0107 pr\u0105d elektryczny mi\u0119dzy wzmacniaczem a g\u0142o\u015bnikami. Ale to, co tak naprawd\u0119 b\u0119d\u0105 przenosi\u0107, to niezwykle z\u0142o\u017cony sygna\u0142 audio. I w\u0142a\u015bnie dlatego konstrukcja i jako\u015b\u0107 u\u017cytych materia\u0142\u00f3w maj\u0105 ogromne znaczenie.<\/p>\n<p>Z naszego do\u015bwiadczenia wynika, \u017ce \u200b\u200belementy muzyczne, na kt\u00f3re kabel g\u0142o\u015bnikowy mo\u017ce mie\u0107 naprawd\u0119 du\u017cy wp\u0142yw, to: dynamika, szczeg\u00f3\u0142owo\u015b\u0107, barwa, a by\u0107 mo\u017ce, przede wszystkim, sp\u00f3jno\u015b\u0107 muzyczna i timing. Timing ma fundamentalne znaczenie dla w\u0142a\u015bciwego odtworzenia i rozumienia prawie wszystkich rodzaj\u00f3w muzyki. Bez tego muzyka jest po prostu \u201epi\u0119knym ha\u0142asem\u201d. Kiedy system jest dobrze z\u0142o\u017cony uzyskamy wci\u0105gaj\u0105ce, emocjonalne i ekscytuj\u0105ce do\u015bwiadczenie. Oto, co dobrej jako\u015bci kabel g\u0142o\u015bnikowy mo\u017ce wnie\u015b\u0107 do ulubionej muzyki.<\/p>\n<p>Sp\u00f3jrz wi\u0119c na kabel \u0142\u0105cz\u0105cy tw\u00f3j wzmacniacz z g\u0142o\u015bnikami. Je\u015bli jest zbudowany z wykorzystaniem zwyk\u0142ej mied\u017a i dielektryka z PCW, prawie na pewno nie wykorzystujesz potencja\u0142u systemu, a co wa\u017cniejsze, nie do\u015bwiadczasz swojej muzyki tak, jak powiniene\u015b.<\/p>\n","protected":false},"excerpt":{"rendered":"<p>Kable g\u0142o\u015bnikowe \u2013 przewodnik Nie ma znaczenia, czy odtwarzasz muzyk\u0119 na systemie bud\u017cetowym, czy high-endowym, masz system all-in-one, czy kino domowe, za ka\u017cdym razem potrzebujesz kabla g\u0142o\u015bnikowego. Niezale\u017cnie od tego, do czego pod\u0142\u0105czasz g\u0142o\u015bniki, zastosowany przez ciebie kabel b\u0119dzie mia\u0142 du\u017cy wp\u0142yw na d\u017awi\u0119k ca\u0142ego systemu. Uwa\u017camy, \u017ce oko\u0142o 70% w\u0142a\u015bcicieli sprz\u0119tu hi-fi i kina&#8230;<\/p>\n","protected":false},"author":17,"featured_media":0,"parent":0,"menu_order":0,"comment_status":"closed","ping_status":"closed","template":"page-sections.php","meta":{"_acf_changed":false,"footnotes":""},"class_list":["post-15629","page","type-page","status-publish","hentry"],"acf":[],"_links":{"self":[{"href":"https:\/\/chord.co.uk\/pl\/wp-json\/wp\/v2\/pages\/15629","targetHints":{"allow":["GET"]}}],"collection":[{"href":"https:\/\/chord.co.uk\/pl\/wp-json\/wp\/v2\/pages"}],"about":[{"href":"https:\/\/chord.co.uk\/pl\/wp-json\/wp\/v2\/types\/page"}],"author":[{"embeddable":true,"href":"https:\/\/chord.co.uk\/pl\/wp-json\/wp\/v2\/users\/17"}],"replies":[{"embeddable":true,"href":"https:\/\/chord.co.uk\/pl\/wp-json\/wp\/v2\/comments?post=15629"}],"version-history":[{"count":0,"href":"https:\/\/chord.co.uk\/pl\/wp-json\/wp\/v2\/pages\/15629\/revisions"}],"wp:attachment":[{"href":"https:\/\/chord.co.uk\/pl\/wp-json\/wp\/v2\/media?parent=15629"}],"curies":[{"name":"wp","href":"https:\/\/api.w.org\/{rel}","templated":true}]}}