{"id":15632,"date":"2016-11-28T16:05:11","date_gmt":"2016-11-28T16:05:11","guid":{"rendered":"https:\/\/chord.co.uk\/the-chord-family\/"},"modified":"2020-01-21T10:54:29","modified_gmt":"2020-01-21T10:54:29","slug":"the-chord-family","status":"publish","type":"page","link":"https:\/\/chord.co.uk\/pl\/the-chord-family\/","title":{"rendered":"The Chord Company &#8211; pracownicy"},"content":{"rendered":"<p><strong>To nie przypadek, \u017ce pracownicy Chord Company to albo muzycy, mi\u0142o\u015bnicy muzyki, fani filmu, gracze lub po trochu ka\u017cdego z nich.<\/strong><\/p>\n<p>Wszyscy, bez wzgl\u0119du na to, czy s\u0105 zaanga\u017cowani w produkcj\u0119, sprzeda\u017c czy administracj\u0119, mog\u0105 sp\u0119dza\u0107 czas w naszym pokoju ods\u0142uchowym. W ten spos\u00f3b ca\u0142a firma mo\u017ce czerpa\u0107 rado\u015b\u0107 i si\u0142\u0119 z tego, co robimy, a przez to lepiej rozumie\u0107 nasze osi\u0105gni\u0119cia i czuje si\u0119 cz\u0119\u015bci\u0105 naszej misji. Dzi\u0119ki takiemu podej\u015bciu u\u017cytkownicy naszych produkt\u00f3w s\u0105 pewni, \u017ce ich systemy audio zagraj\u0105 najlepiej, jak to tylko mo\u017cliwe.<\/p>\n","protected":false},"excerpt":{"rendered":"<p>To nie przypadek, \u017ce pracownicy Chord Company to albo muzycy, mi\u0142o\u015bnicy muzyki, fani filmu, gracze lub po trochu ka\u017cdego z nich. Wszyscy, bez wzgl\u0119du na to, czy s\u0105 zaanga\u017cowani w produkcj\u0119, sprzeda\u017c czy administracj\u0119, mog\u0105 sp\u0119dza\u0107 czas w naszym pokoju ods\u0142uchowym. W ten spos\u00f3b ca\u0142a firma mo\u017ce czerpa\u0107 rado\u015b\u0107 i si\u0142\u0119 z tego, co robimy,&#8230;<\/p>\n","protected":false},"author":17,"featured_media":0,"parent":0,"menu_order":0,"comment_status":"closed","ping_status":"closed","template":"","meta":{"_acf_changed":false,"footnotes":""},"class_list":["post-15632","page","type-page","status-publish","hentry"],"acf":[],"_links":{"self":[{"href":"https:\/\/chord.co.uk\/pl\/wp-json\/wp\/v2\/pages\/15632","targetHints":{"allow":["GET"]}}],"collection":[{"href":"https:\/\/chord.co.uk\/pl\/wp-json\/wp\/v2\/pages"}],"about":[{"href":"https:\/\/chord.co.uk\/pl\/wp-json\/wp\/v2\/types\/page"}],"author":[{"embeddable":true,"href":"https:\/\/chord.co.uk\/pl\/wp-json\/wp\/v2\/users\/17"}],"replies":[{"embeddable":true,"href":"https:\/\/chord.co.uk\/pl\/wp-json\/wp\/v2\/comments?post=15632"}],"version-history":[{"count":0,"href":"https:\/\/chord.co.uk\/pl\/wp-json\/wp\/v2\/pages\/15632\/revisions"}],"wp:attachment":[{"href":"https:\/\/chord.co.uk\/pl\/wp-json\/wp\/v2\/media?parent=15632"}],"curies":[{"name":"wp","href":"https:\/\/api.w.org\/{rel}","templated":true}]}}