{"id":15633,"date":"2016-11-08T16:50:34","date_gmt":"2016-11-08T16:50:34","guid":{"rendered":"https:\/\/chord.co.uk\/our-demo-room\/"},"modified":"2019-10-10T11:07:58","modified_gmt":"2019-10-10T10:07:58","slug":"our-demo-room","status":"publish","type":"page","link":"https:\/\/chord.co.uk\/pl\/our-demo-room\/","title":{"rendered":"Nasz pok\u00f3j ods\u0142uchowy"},"content":{"rendered":"<p>Pok\u00f3j demonstracyjny firmy Chord Company zosta\u0142 zaprojektowany specjalnie do bada\u0144 i ewaluacji naszych kabli. Jest u\u017cywany codziennie do testowania i demonstrowania naszej oferty interkonekt\u00f3w hi-fi i do kina domowego, kabli g\u0142o\u015bnikowych i akcesori\u00f3w. Zosta\u0142 zaprojektowany w celu odtworzenia (w miar\u0119 mo\u017cliwo\u015bci) typowego \u015brodowiska ods\u0142uchowego.<\/p>\n<p>Sprz\u0119t audio r\u00f3\u017cni si\u0119 mi\u0119dzy sob\u0105 ogromnie. Dysponujemy szerok\u0105 i ci\u0105gle zmieniaj\u0105c\u0105 si\u0119 ofert\u0105 sprz\u0119tu hi-fi i kina domowego, od poziomu podstawowego po wysokiej klasy. To pozwala nam opracowywa\u0107 kable na poziomie, z kt\u00f3rym najprawdopodobniej b\u0119d\u0105 u\u017cywane. Lubimy eksperymentowa\u0107 z komponentami od jak najwi\u0119kszej liczby producent\u00f3w.<\/p>\n<p>Pok\u00f3j demonstracyjny jest sercem firmy i zapewnia nam niesamowit\u0105 swobod\u0119. Prototypowe kable mo\u017cna \u0142atwo modyfikowa\u0107, zmienia\u0107 ich geometri\u0119, a wynik testowa\u0107 niemal natychmiast.<\/p>\n<p>To tak\u017ce \u015bwietne miejsce do s\u0142uchania ulubionej muzyki&#8230;<\/p>\n","protected":false},"excerpt":{"rendered":"<p>Pok\u00f3j demonstracyjny firmy Chord Company zosta\u0142 zaprojektowany specjalnie do bada\u0144 i ewaluacji naszych kabli. Jest u\u017cywany codziennie do testowania i demonstrowania naszej oferty interkonekt\u00f3w hi-fi i do kina domowego, kabli g\u0142o\u015bnikowych i akcesori\u00f3w. Zosta\u0142 zaprojektowany w celu odtworzenia (w miar\u0119 mo\u017cliwo\u015bci) typowego \u015brodowiska ods\u0142uchowego. Sprz\u0119t audio r\u00f3\u017cni si\u0119 mi\u0119dzy sob\u0105 ogromnie. Dysponujemy szerok\u0105 i ci\u0105gle&#8230;<\/p>\n","protected":false},"author":17,"featured_media":15010,"parent":0,"menu_order":0,"comment_status":"closed","ping_status":"closed","template":"","meta":{"_acf_changed":false,"footnotes":""},"class_list":["post-15633","page","type-page","status-publish","has-post-thumbnail","hentry"],"acf":[],"_links":{"self":[{"href":"https:\/\/chord.co.uk\/pl\/wp-json\/wp\/v2\/pages\/15633","targetHints":{"allow":["GET"]}}],"collection":[{"href":"https:\/\/chord.co.uk\/pl\/wp-json\/wp\/v2\/pages"}],"about":[{"href":"https:\/\/chord.co.uk\/pl\/wp-json\/wp\/v2\/types\/page"}],"author":[{"embeddable":true,"href":"https:\/\/chord.co.uk\/pl\/wp-json\/wp\/v2\/users\/17"}],"replies":[{"embeddable":true,"href":"https:\/\/chord.co.uk\/pl\/wp-json\/wp\/v2\/comments?post=15633"}],"version-history":[{"count":0,"href":"https:\/\/chord.co.uk\/pl\/wp-json\/wp\/v2\/pages\/15633\/revisions"}],"wp:featuredmedia":[{"embeddable":true,"href":"https:\/\/chord.co.uk\/pl\/wp-json\/wp\/v2\/media\/15010"}],"wp:attachment":[{"href":"https:\/\/chord.co.uk\/pl\/wp-json\/wp\/v2\/media?parent=15633"}],"curies":[{"name":"wp","href":"https:\/\/api.w.org\/{rel}","templated":true}]}}