{"id":15800,"date":"2018-01-03T16:56:13","date_gmt":"2018-01-03T16:56:13","guid":{"rendered":"https:\/\/chord.co.uk\/product\/sarum-t-analogue-xlr\/"},"modified":"2019-09-19T11:16:03","modified_gmt":"2019-09-19T10:16:03","slug":"sarum-t-analogue-xlr","status":"publish","type":"product","link":"https:\/\/chord.co.uk\/pl\/produkt\/sarum-t-analogue-xlr\/","title":{"rendered":"Sarum T &#8211; interkonekt analogowy"},"content":{"rendered":"<p>Sarum T opiera si\u0119 na sukcesie naszej uznanej serii Sarum Super ARAY, do kt\u00f3rej wprowadza prze\u0142omowy, opatentowany przez nas materia\u0142 izolacyjny Taylon, daj\u0105cy ogromn\u0105 popraw\u0119 jako\u015bci d\u017awi\u0119ku. Sarum T oferuje korzy\u015bci, jakie daje nowy dielektryk na bardziej przyst\u0119pnym poziomie cenowym. Poprzednie generacje kabli Sarum Super ARAY wyposa\u017cone by\u0142y w dielektryk PTFE. Zmiana na Taylon oznacza skokow\u0105 popraw\u0119 d\u017awi\u0119ku.<\/p>\n<div>\n<p>Earlier versions of Sarum cables can be upgraded to Sarum T specification. Contact your nearest Chord Company Sarum retailer for prices and further information. Demonstration cables are also available, should you wish to try Sarum T in your own system.<\/p>\n<p>Sarum T analogue interconnects are also available fitted with RCA DIN connectors.<\/p>\n<p>&nbsp;<\/p>\n<\/div>\n","protected":false},"excerpt":{"rendered":"<p>Zbalansowany interkonekt XLR z wyj\u0105tkowym dielektrykiem Chord Company Taylon \u2013 najni\u017csze przesuni\u0119cia fazowe i wyj\u0105tkowo neutralne brzmienie. To najwi\u0119kszy krok naprz\u00f3d pod wzgl\u0119dem brzmienia od czasu wprowadzenia PTFE.<\/p>\n","protected":false},"featured_media":15220,"comment_status":"open","ping_status":"closed","template":"","meta":{"_acf_changed":false},"product_brand":[],"product_cat":[2331,2328,2342],"product_tag":[],"class_list":{"0":"post-15800","1":"product","2":"type-product","3":"status-publish","4":"has-post-thumbnail","6":"product_cat-analogowe-xlr","7":"product_cat-interkonekty","8":"product_cat-sarum-t-pl","10":"first","11":"instock","12":"shipping-taxable","13":"purchasable","14":"product-type-simple"},"acf":[],"_links":{"self":[{"href":"https:\/\/chord.co.uk\/pl\/wp-json\/wp\/v2\/product\/15800","targetHints":{"allow":["GET"]}}],"collection":[{"href":"https:\/\/chord.co.uk\/pl\/wp-json\/wp\/v2\/product"}],"about":[{"href":"https:\/\/chord.co.uk\/pl\/wp-json\/wp\/v2\/types\/product"}],"replies":[{"embeddable":true,"href":"https:\/\/chord.co.uk\/pl\/wp-json\/wp\/v2\/comments?post=15800"}],"wp:featuredmedia":[{"embeddable":true,"href":"https:\/\/chord.co.uk\/pl\/wp-json\/wp\/v2\/media\/15220"}],"wp:attachment":[{"href":"https:\/\/chord.co.uk\/pl\/wp-json\/wp\/v2\/media?parent=15800"}],"wp:term":[{"taxonomy":"product_brand","embeddable":true,"href":"https:\/\/chord.co.uk\/pl\/wp-json\/wp\/v2\/product_brand?post=15800"},{"taxonomy":"product_cat","embeddable":true,"href":"https:\/\/chord.co.uk\/pl\/wp-json\/wp\/v2\/product_cat?post=15800"},{"taxonomy":"product_tag","embeddable":true,"href":"https:\/\/chord.co.uk\/pl\/wp-json\/wp\/v2\/product_tag?post=15800"}],"curies":[{"name":"wp","href":"https:\/\/api.w.org\/{rel}","templated":true}]}}