{"id":15801,"date":"2017-12-13T09:14:44","date_gmt":"2017-12-13T09:14:44","guid":{"rendered":"https:\/\/chord.co.uk\/product\/chordmusic-power-cable\/"},"modified":"2019-09-19T11:16:22","modified_gmt":"2019-09-19T10:16:22","slug":"chordmusic-power-cable","status":"publish","type":"product","link":"https:\/\/chord.co.uk\/pl\/produkt\/chordmusic-power-cable\/","title":{"rendered":"ChordMusic &#8211; kabel zasilaj\u0105cy"},"content":{"rendered":"<p>Nasz flagowy kabel zasilaj\u0105cy korzysta z najlepszych materia\u0142\u00f3w i technik budowy. ChordMusic ma konstrukcj\u0119 hybrydow\u0105 wykorzystuj\u0105c\u0105 przewodniki o r\u00f3\u017cnej \u015brednicy, ekranowanie i topologi\u0119 ARAY. Ogromn\u0105 uwag\u0119 po\u015bwi\u0119cono materia\u0142om i ekranowaniu, zapewniaj\u0105c mo\u017cliwie najni\u017cszy poziom szum\u00f3w na przewodzie uziemiaj\u0105cym. Wszystkie elementy wewn\u0119trzne zosta\u0142y zaizolowane Taylonem zamiast PTFE. Ta izolacja, w po\u0142\u0105czeniu z optymalnym projektem ekranowania, na nowo definiuje to, co jest mo\u017cliwe z kabli zasilaj\u0105cych i to, jak wp\u0142ywaj\u0105 na d\u017awi\u0119k.<\/p>\n<p>The design also uses a uniquely modified version of our Super ARAY technology, specifically developed for the ChordMusic power cable. All in all, the finest and most complex of our power cables.\u00a0During our own listening tests we have been pleasantly surprised at the significant changes to the final musical performance.<\/p>\n<p>Power cables are one of the most overlooked connections in a system; \u00a0at this level of performance, we feel it is crucial for you to hear for yourself the musical differences that this cable will make to your system.<\/p>\n<p>Demonstrations are available via our limited network of ChordMusic retailers.<\/p>\n<p>&nbsp;<\/p>\n","protected":false},"excerpt":{"rendered":"<p>Nasz flagowy kabel zasilaj\u0105cy jest najbardziej zaawansowanym, jak dot\u0105d, projektem i oferuje najlepsze materia\u0142y oraz najbardziej z\u0142o\u017con\u0105 budow\u0119.<\/p>\n","protected":false},"featured_media":15202,"comment_status":"open","ping_status":"closed","template":"","meta":{"_acf_changed":false},"product_brand":[],"product_cat":[2339,2335,2323],"product_tag":[],"class_list":{"0":"post-15801","1":"product","2":"type-product","3":"status-publish","4":"has-post-thumbnail","6":"product_cat-chordmusic-pl","7":"product_cat-kable-zasilajace","8":"product_cat-koncowki","10":"first","11":"instock","12":"shipping-taxable","13":"purchasable","14":"product-type-simple"},"acf":[],"_links":{"self":[{"href":"https:\/\/chord.co.uk\/pl\/wp-json\/wp\/v2\/product\/15801","targetHints":{"allow":["GET"]}}],"collection":[{"href":"https:\/\/chord.co.uk\/pl\/wp-json\/wp\/v2\/product"}],"about":[{"href":"https:\/\/chord.co.uk\/pl\/wp-json\/wp\/v2\/types\/product"}],"replies":[{"embeddable":true,"href":"https:\/\/chord.co.uk\/pl\/wp-json\/wp\/v2\/comments?post=15801"}],"wp:featuredmedia":[{"embeddable":true,"href":"https:\/\/chord.co.uk\/pl\/wp-json\/wp\/v2\/media\/15202"}],"wp:attachment":[{"href":"https:\/\/chord.co.uk\/pl\/wp-json\/wp\/v2\/media?parent=15801"}],"wp:term":[{"taxonomy":"product_brand","embeddable":true,"href":"https:\/\/chord.co.uk\/pl\/wp-json\/wp\/v2\/product_brand?post=15801"},{"taxonomy":"product_cat","embeddable":true,"href":"https:\/\/chord.co.uk\/pl\/wp-json\/wp\/v2\/product_cat?post=15801"},{"taxonomy":"product_tag","embeddable":true,"href":"https:\/\/chord.co.uk\/pl\/wp-json\/wp\/v2\/product_tag?post=15801"}],"curies":[{"name":"wp","href":"https:\/\/api.w.org\/{rel}","templated":true}]}}