{"id":15802,"date":"2017-11-28T11:44:02","date_gmt":"2017-11-28T11:44:02","guid":{"rendered":"https:\/\/chord.co.uk\/product\/shawline-streaming-digital-audio-interconnect\/"},"modified":"2020-01-21T10:50:49","modified_gmt":"2020-01-21T10:50:49","slug":"shawline-streaming-digital-audio-interconnect","status":"publish","type":"product","link":"https:\/\/chord.co.uk\/pl\/produkt\/shawline-streaming-digital-audio-interconnect\/","title":{"rendered":"Shawline &#8211; kabel LAN"},"content":{"rendered":"<p>Kable LAN Shawline Streaming zosta\u0142y zaprojektowane tak, aby zapewni\u0107 najlepsz\u0105 jako\u015b\u0107 brzmienia ze strumieniowych system\u00f3w audio. S\u0105 one budowane zgodnie z naszymi surowymi standardami i rygorystycznie testowane w naszej brytyjskiej fabryce. S\u0105 cz\u0119\u015bci\u0105 linii Shawline, kt\u00f3ra obejmuje interkonekty cyfrowe i analogowe, kable g\u0142o\u015bnikowe oraz kable zasilaj\u0105ce.<\/p>\n<p><strong>Specyfikacja techniczna:<\/strong><\/p>\n<p>Posrebrzane przewodniki miedziane<\/p>\n<p>Indywidualnie ekranowane, skr\u0119cone pary przewod\u00f3w z dodatkowym ekranem<\/p>\n<p>Izolacja FEP<\/p>\n<p>Poz\u0142acane wtyki<\/p>\n<p>Odlewana, ekranowana obudowa wtyk\u00f3w RCA z cynku<\/p>\n<p>System minimalizuj\u0105cy napr\u0119\u017cenia wewn\u0119trzne<\/p>\n<p>Dost\u0119pne w standardowych d\u0142ugo\u015bciach 0,75 m, 1,5 m, 3 m i 5 m. D\u0142u\u017csze odcinki dost\u0119pne na zam\u00f3wienie.<\/p>\n<p>&nbsp;<\/p>\n<hr \/>\n<p><strong>Certyfikaty Deklaracji W\u0142a\u015bciwo\u015bci U\u017cytkowych (zgodno\u015b\u0107 z CPR) dost\u0119pne tutaj (PDF)<\/strong><\/p>\n<p>&nbsp;<\/p>\n<hr \/>\n<p>&nbsp;<\/p>\n","protected":false},"excerpt":{"rendered":"<p>To kable zaprojektowane tak, aby zapewni\u0107 jak najlepsz\u0105 jako\u015b\u0107 brzmienia ze strumieniowych system\u00f3w audio. Dost\u0119pne w standardowych d\u0142ugo\u015bciach 0,75 m, 1,5 m, 3 m i 5 m. Niestandardowe d\u0142ugo\u015bci na zam\u00f3wienie.<\/p>\n","protected":false},"featured_media":17947,"comment_status":"open","ping_status":"closed","template":"","meta":{"_acf_changed":false},"product_brand":[],"product_cat":[2328,2334,2343],"product_tag":[],"class_list":{"0":"post-15802","1":"product","2":"type-product","3":"status-publish","4":"has-post-thumbnail","6":"product_cat-interkonekty","7":"product_cat-kable-cyfrowe-i-usb","8":"product_cat-shawline-pl","10":"first","11":"instock","12":"shipping-taxable","13":"purchasable","14":"product-type-simple"},"acf":[],"_links":{"self":[{"href":"https:\/\/chord.co.uk\/pl\/wp-json\/wp\/v2\/product\/15802","targetHints":{"allow":["GET"]}}],"collection":[{"href":"https:\/\/chord.co.uk\/pl\/wp-json\/wp\/v2\/product"}],"about":[{"href":"https:\/\/chord.co.uk\/pl\/wp-json\/wp\/v2\/types\/product"}],"replies":[{"embeddable":true,"href":"https:\/\/chord.co.uk\/pl\/wp-json\/wp\/v2\/comments?post=15802"}],"wp:featuredmedia":[{"embeddable":true,"href":"https:\/\/chord.co.uk\/pl\/wp-json\/wp\/v2\/media\/17947"}],"wp:attachment":[{"href":"https:\/\/chord.co.uk\/pl\/wp-json\/wp\/v2\/media?parent=15802"}],"wp:term":[{"taxonomy":"product_brand","embeddable":true,"href":"https:\/\/chord.co.uk\/pl\/wp-json\/wp\/v2\/product_brand?post=15802"},{"taxonomy":"product_cat","embeddable":true,"href":"https:\/\/chord.co.uk\/pl\/wp-json\/wp\/v2\/product_cat?post=15802"},{"taxonomy":"product_tag","embeddable":true,"href":"https:\/\/chord.co.uk\/pl\/wp-json\/wp\/v2\/product_tag?post=15802"}],"curies":[{"name":"wp","href":"https:\/\/api.w.org\/{rel}","templated":true}]}}