{"id":15803,"date":"2017-06-07T12:52:54","date_gmt":"2017-06-07T11:52:54","guid":{"rendered":"https:\/\/chord.co.uk\/product\/sarum-t-tone-arm-cable\/"},"modified":"2019-09-19T11:16:59","modified_gmt":"2019-09-19T10:16:59","slug":"sarum-t-tone-arm-cable","status":"publish","type":"product","link":"https:\/\/chord.co.uk\/pl\/produkt\/sarum-t-tone-arm-cable\/","title":{"rendered":"Sarum T &#8211; interkonekt gramofonowy"},"content":{"rendered":"<p><!-- [if gte mso 9]&gt;--><\/p>\n<p>Sarum T bazuje na sukcesie swojego wielokrotnie nagradzanego poprzednika. Zastosowali\u015bmy w nim prze\u0142omowy, opatentowany materia\u0142 izolacyjny o nazwie Taylon, co da\u0142o znaczn\u0105 popraw\u0119 jako\u015bci d\u017awi\u0119ku. Sarum T przenosi zalety zastrze\u017conego dielektryka na nowy, bardziej przyst\u0119pny cenowo poziom. Poprzednie generacje kabli Sarum Super ARAY wyposa\u017cone by\u0142y w dielektryk PTFE. Zmiana na Taylon to prawdziwy prze\u0142om w brzmieniu.<\/p>\n<div>\n<p>Wcze\u015bniejsze wersje kabli Sarum mo\u017cna zaktualizowa\u0107 do specyfikacji Sarum T. Skontaktuj si\u0119 z najbli\u017cszym sprzedawc\u0105 kabli Chord Company w celu uzyskania cen i dalszych informacji. Dost\u0119pne s\u0105 r\u00f3wnie\u017c kable demonstracyjne, dost\u0119pne dla tych, kt\u00f3rzy chc\u0105 wypr\u00f3bowa\u0107 Sarum T we w\u0142asnym systemie.<\/p>\n<p>Interkonekt gramofonowy Sarum T jest r\u0119cznie budowany na zam\u00f3wienie i mo\u017ce by\u0107 wyposa\u017cony w r\u00f3\u017cne ko\u0144c\u00f3wki. Jest dost\u0119pny w d\u0142ugo\u015bci1,2 m (standardowej) lub d\u0142ugo\u015bciach niestandardowych oraz w konfiguracji \u201eslim\u201d (2000 GBP) lub referencyjnej (2600 GBP).<\/p>\n<p>Wersja referencyjna ma budow\u0119 pseudozbalansowan\u0105 i wykorzystano w nim dwa razy wi\u0119cej przewodnik\u00f3w. Jest sztywniejszy, ale r\u00f3wnocze\u015bnie lepszy. Nie dla wszystkich gramofon\u00f3w b\u0119dzie jednak odpowiedni. Je\u015bli gramofon ma obudow\u0119 z odsprz\u0119ganym sub-chassis (np. Linn LP12), lepsz\u0105 opcj\u0105 mo\u017ce si\u0119 okaza\u0107 kabel \u201eslim\u201d. Wersja referencyjna mo\u017ce by\u0107 w takim przypadku zbyt sztywna lub zbyt ci\u0119\u017cka.<\/p>\n<p>Skontaktuj si\u0119 z najbli\u017cszym sprzedawc\u0105 Chord Sarum, aby uzyska\u0107 wi\u0119cej informacji i sprawdzi\u0107 dost\u0119pno\u015b\u0107 kabli demonstracyjnych.<\/p>\n<\/div>\n","protected":false},"excerpt":{"rendered":"<p>Interkonekt gramofonowy Sarum T jest r\u0119cznie budowany na zam\u00f3wienie i mo\u017ce by\u0107 wyposa\u017cony w r\u00f3\u017cne ko\u0144c\u00f3wki. Dost\u0119pny jest w d\u0142ugo\u015bci 1,2 m (standardowej) lub d\u0142ugo\u015bciach niestandardowych oraz w konfiguracji \u201eslim\u201d lub referencyjnej. Oba bazuj\u0105 na naszej prze\u0142omowej izolacji Taylon.<\/p>\n","protected":false},"featured_media":15004,"comment_status":"open","ping_status":"closed","template":"","meta":{"_acf_changed":false},"product_brand":[],"product_cat":[2328,2333,2342],"product_tag":[],"class_list":{"0":"post-15803","1":"product","2":"type-product","3":"status-publish","4":"has-post-thumbnail","6":"product_cat-interkonekty","7":"product_cat-kabel-ramienia","8":"product_cat-sarum-t-pl","10":"first","11":"instock","12":"shipping-taxable","13":"purchasable","14":"product-type-simple"},"acf":[],"_links":{"self":[{"href":"https:\/\/chord.co.uk\/pl\/wp-json\/wp\/v2\/product\/15803","targetHints":{"allow":["GET"]}}],"collection":[{"href":"https:\/\/chord.co.uk\/pl\/wp-json\/wp\/v2\/product"}],"about":[{"href":"https:\/\/chord.co.uk\/pl\/wp-json\/wp\/v2\/types\/product"}],"replies":[{"embeddable":true,"href":"https:\/\/chord.co.uk\/pl\/wp-json\/wp\/v2\/comments?post=15803"}],"wp:featuredmedia":[{"embeddable":true,"href":"https:\/\/chord.co.uk\/pl\/wp-json\/wp\/v2\/media\/15004"}],"wp:attachment":[{"href":"https:\/\/chord.co.uk\/pl\/wp-json\/wp\/v2\/media?parent=15803"}],"wp:term":[{"taxonomy":"product_brand","embeddable":true,"href":"https:\/\/chord.co.uk\/pl\/wp-json\/wp\/v2\/product_brand?post=15803"},{"taxonomy":"product_cat","embeddable":true,"href":"https:\/\/chord.co.uk\/pl\/wp-json\/wp\/v2\/product_cat?post=15803"},{"taxonomy":"product_tag","embeddable":true,"href":"https:\/\/chord.co.uk\/pl\/wp-json\/wp\/v2\/product_tag?post=15803"}],"curies":[{"name":"wp","href":"https:\/\/api.w.org\/{rel}","templated":true}]}}