{"id":15804,"date":"2017-06-07T11:51:21","date_gmt":"2017-06-07T10:51:21","guid":{"rendered":"https:\/\/chord.co.uk\/product\/signature-tuned-aray-tone-arm-cable\/"},"modified":"2019-09-19T11:17:17","modified_gmt":"2019-09-19T10:17:17","slug":"signature-tuned-aray-tone-arm-cable","status":"publish","type":"product","link":"https:\/\/chord.co.uk\/pl\/produkt\/signature-tuned-aray-tone-arm-cable\/","title":{"rendered":"Signature Tuned ARAY &#8211; interkonekt gramofonowy"},"content":{"rendered":"<p>Interkonekt gramofonowy Signature Tuned ARAY zbudowany zosta\u0142 z osobno ekranowanych, posrebrzanych bieg\u00f3w z miedzi beztlenowej w geometrii Tuned ARAY, w izolacji PTFE i z dwuwarstwowym ekranem z folii plecionki o wysokiej g\u0119sto\u015bci, zabezpieczaj\u0105cej przed zak\u0142\u00f3ceniami o bardzo wysokich cz\u0119stotliwo\u015bciach. P\u0142aszcz zewn\u0119trzny wykonany zosta\u0142 z FEP, a prawid\u0142ow\u0105 konfiguracj\u0119 kabla zapewnia czarna plecionka na\u00a0 zewn\u0105trz.<\/p>\n<p>Kabel zosta\u0142 wyposa\u017cony w nasze najnowsze wtyki z PTFE. Chocia\u017c nie s\u0105 a\u017c tak \u0142adne, jak poprzednie wersje akrylowe, zapewniaj\u0105 znacznie lepsz\u0105 jako\u015b\u0107 d\u017awi\u0119ku. Dostajemy z nimi lepsz\u0105 przejrzysto\u015b\u0107 i redukcj\u0119 szum\u00f3w mechanicznych. To wystarczaj\u0105ce zalety, aby ci, kt\u00f3rzy posiadaj\u0105 starsze kable z akrylowymi os\u0142onami wtyk\u00f3w, wymienili je na wersj\u0119 PTFE.<\/p>\n<p>R\u0119cznie budowany interkonekt gramofonowy Signature Tuned ARAY mo\u017cna wyposa\u017cy\u0107 w proste lub k\u0105towe wtyki. Standardowa d\u0142ugo\u015b\u0107 wynosi 1,2 m w standardzie, niestandardowe d\u0142ugo\u015bci na zam\u00f3wienie.<\/p>\n","protected":false},"excerpt":{"rendered":"<p>R\u0119cznie budowany, tuningowany interkonekt gramofonowy ARAY. Wyposa\u017cony w proste lub k\u0105towe wtyki. D\u0142ugo\u015b\u0107 1,2 m w standardzie, z niestandardowymi d\u0142ugo\u015bciami i innymi ko\u0144c\u00f3wkami dost\u0119pnymi na zam\u00f3wienie.<\/p>\n","protected":false},"featured_media":15001,"comment_status":"open","ping_status":"closed","template":"","meta":{"_acf_changed":false},"product_brand":[],"product_cat":[2328,2333,2344],"product_tag":[],"class_list":{"0":"post-15804","1":"product","2":"type-product","3":"status-publish","4":"has-post-thumbnail","6":"product_cat-interkonekty","7":"product_cat-kabel-ramienia","8":"product_cat-signature-pl","10":"first","11":"instock","12":"shipping-taxable","13":"purchasable","14":"product-type-simple"},"acf":[],"_links":{"self":[{"href":"https:\/\/chord.co.uk\/pl\/wp-json\/wp\/v2\/product\/15804","targetHints":{"allow":["GET"]}}],"collection":[{"href":"https:\/\/chord.co.uk\/pl\/wp-json\/wp\/v2\/product"}],"about":[{"href":"https:\/\/chord.co.uk\/pl\/wp-json\/wp\/v2\/types\/product"}],"replies":[{"embeddable":true,"href":"https:\/\/chord.co.uk\/pl\/wp-json\/wp\/v2\/comments?post=15804"}],"wp:featuredmedia":[{"embeddable":true,"href":"https:\/\/chord.co.uk\/pl\/wp-json\/wp\/v2\/media\/15001"}],"wp:attachment":[{"href":"https:\/\/chord.co.uk\/pl\/wp-json\/wp\/v2\/media?parent=15804"}],"wp:term":[{"taxonomy":"product_brand","embeddable":true,"href":"https:\/\/chord.co.uk\/pl\/wp-json\/wp\/v2\/product_brand?post=15804"},{"taxonomy":"product_cat","embeddable":true,"href":"https:\/\/chord.co.uk\/pl\/wp-json\/wp\/v2\/product_cat?post=15804"},{"taxonomy":"product_tag","embeddable":true,"href":"https:\/\/chord.co.uk\/pl\/wp-json\/wp\/v2\/product_tag?post=15804"}],"curies":[{"name":"wp","href":"https:\/\/api.w.org\/{rel}","templated":true}]}}