{"id":15805,"date":"2017-06-07T09:35:20","date_gmt":"2017-06-07T08:35:20","guid":{"rendered":"https:\/\/chord.co.uk\/product\/chordmusic-tone-arm-cable\/"},"modified":"2019-09-19T11:17:38","modified_gmt":"2019-09-19T10:17:38","slug":"chordmusic-tone-arm-cable","status":"publish","type":"product","link":"https:\/\/chord.co.uk\/pl\/produkt\/chordmusic-tone-arm-cable\/","title":{"rendered":"ChordMusic &#8211; interkonekt gramofonowy"},"content":{"rendered":"<p>ChordMusic to najbardziej \u201eprzezroczysty\u201d d\u017awi\u0119kowo kabel, jaki s\u0142yszeli\u015bmy. Jest tak rozdzielczy, \u017ce s\u0142yszeli\u015bmy ka\u017cd\u0105 dokonan\u0105 w nim zmian\u0119. Najpierw wypr\u00f3bowali\u015bmy materia\u0142 zaprojektowany pod k\u0105tem minimalizacji indukowanego mechanicznie szumu. Oryginalny prototyp RCA by\u0142 zadziwiaj\u0105co dobry, ale byli\u015bmy ciekawi, co mogliby\u015bmy zrobi\u0107 lepiej. Dzi\u0119ki zredukowaniu szumu za muzykami pojawi\u0142a si\u0119 nieprawdopodobna \u201eczer\u0144\u201d, kt\u00f3ra uleg\u0142a dalszej poprawie, gdy kabel zyska\u0142 lekki, posrebrzany warkocz zewn\u0119trzny.<\/p>\n<p>ChordMusic korzysta r\u00f3wnie\u017c z unikatowego materia\u0142u izolacyjnego, kt\u00f3ry nazywamy Taylon &#8211; zaprojektowany zosta\u0142 jako lepszy odpowiednik powszechnie stosowanego PTFE. Taylon jest stabilny fazowo, a ta stabilno\u015b\u0107, w po\u0142\u0105czeniu z nasz\u0105 geometri\u0105 Super ARAY, daje nieprawdopodobn\u0105 popraw\u0119 jako\u015bci d\u017awi\u0119ku.<\/p>\n<p>Lekcja, kt\u00f3r\u0105 wyci\u0105gn\u0119li\u015bmy z naszych dzia\u0142a\u0144 w ostatnich kilku latach, by\u0142a ciekawa i jednocze\u015bnie orze\u017awiaj\u0105ca. To wspania\u0142a zmiana, poniewa\u017c projekty Tuned ARAY i Super ARAY mog\u0105 zamieni\u0107 d\u017awi\u0119k gramofon\u00f3w, odtwarzaczy CD i urz\u0105dze\u0144 do przesy\u0142ania strumieniowego w muzyk\u0119, kt\u00f3ra brzmi prawdziwie, wiarygodnie i jest nasycona emocjami. By\u0142o to dla nas orze\u017awiaj\u0105ce, poniewa\u017c projekty tuningowanych przewod\u00f3w ARAY i Super ARAY wyra\u017anie pokazuj\u0105, jak bardzo konwencjonalne konstrukcje kabli degraduj\u0105 d\u017awi\u0119k praktycznie ka\u017cdego systemu audio.<\/p>\n<p>Interkonekty gramofonowe ChordMusic dost\u0119pne s\u0105 z prostymi lub k\u0105towymi wtykami i s\u0105 r\u0119cznie budowane wed\u0142ug r\u00f3\u017cnych specyfikacji &#8211; w tym w odmianach \u201eslim\u201d i referencyjnej.<\/p>\n<p>Wersja referencyjna bazuje na konstrukcji pseudozbalansowanej i zbudowana zosta\u0142a z u\u017cyciem dwukrotnie wi\u0119kszej liczby przewodnik\u00f3w. Kabel jest w\u00f3wczas mniej gi\u0119tki, ale jest po prostu lepszy. Nie dla wszystkich gramofon\u00f3w b\u0119dzie jednak odpowiedni. Je\u015bli gramofon ma odsprz\u0119gane sub-chassis (np. Linn LP12), kabel \u201eslim\u201d mo\u017ce by\u0107 lepsz\u0105 opcj\u0105. Wersja referencyjna mo\u017ce by\u0107 w\u00f3wczas zbyt sztywna lub zbyt ci\u0119\u017cka.<\/p>\n<p>Skontaktuj si\u0119 z najbli\u017cszym sprzedawc\u0105 kabli ChordMusic, aby uzyska\u0107 wi\u0119cej informacji i sprawdzi\u0107 dost\u0119pno\u015b\u0107 kabli demonstracyjnych.<\/p>\n","protected":false},"excerpt":{"rendered":"<p>Delikatny sygna\u0142 muzyczny z wk\u0142adki gramofonowej mo\u017ce by\u0107 najwa\u017cniejszym sygna\u0142em w twoim systemie. Dost\u0119pne z prostymi lub k\u0105towymi wtykami, budowane r\u0119cznie na zam\u00f3wienie.<\/p>\n","protected":false},"featured_media":14999,"comment_status":"open","ping_status":"closed","template":"","meta":{"_acf_changed":false},"product_brand":[],"product_cat":[2339,2328,2333],"product_tag":[],"class_list":{"0":"post-15805","1":"product","2":"type-product","3":"status-publish","4":"has-post-thumbnail","6":"product_cat-chordmusic-pl","7":"product_cat-interkonekty","8":"product_cat-kabel-ramienia","10":"first","11":"instock","12":"shipping-taxable","13":"purchasable","14":"product-type-simple"},"acf":[],"_links":{"self":[{"href":"https:\/\/chord.co.uk\/pl\/wp-json\/wp\/v2\/product\/15805","targetHints":{"allow":["GET"]}}],"collection":[{"href":"https:\/\/chord.co.uk\/pl\/wp-json\/wp\/v2\/product"}],"about":[{"href":"https:\/\/chord.co.uk\/pl\/wp-json\/wp\/v2\/types\/product"}],"replies":[{"embeddable":true,"href":"https:\/\/chord.co.uk\/pl\/wp-json\/wp\/v2\/comments?post=15805"}],"wp:featuredmedia":[{"embeddable":true,"href":"https:\/\/chord.co.uk\/pl\/wp-json\/wp\/v2\/media\/14999"}],"wp:attachment":[{"href":"https:\/\/chord.co.uk\/pl\/wp-json\/wp\/v2\/media?parent=15805"}],"wp:term":[{"taxonomy":"product_brand","embeddable":true,"href":"https:\/\/chord.co.uk\/pl\/wp-json\/wp\/v2\/product_brand?post=15805"},{"taxonomy":"product_cat","embeddable":true,"href":"https:\/\/chord.co.uk\/pl\/wp-json\/wp\/v2\/product_cat?post=15805"},{"taxonomy":"product_tag","embeddable":true,"href":"https:\/\/chord.co.uk\/pl\/wp-json\/wp\/v2\/product_tag?post=15805"}],"curies":[{"name":"wp","href":"https:\/\/api.w.org\/{rel}","templated":true}]}}