{"id":15806,"date":"2017-05-11T10:29:07","date_gmt":"2017-05-11T09:29:07","guid":{"rendered":"https:\/\/chord.co.uk\/product\/chordmusic-bi-wire-links\/"},"modified":"2019-09-19T11:14:44","modified_gmt":"2019-09-19T10:14:44","slug":"chordmusic-bi-wire-links","status":"publish","type":"product","link":"https:\/\/chord.co.uk\/pl\/produkt\/chordmusic-bi-wire-links\/","title":{"rendered":"ChordMusic &#8211; zwory g\u0142o\u015bnikowe"},"content":{"rendered":"<p>Wysokiej klasy, r\u0119cznie wykonane zwory g\u0142o\u015bnikowe, z nasz\u0105 unikaln\u0105 izolacj\u0105 Taylon, zaprojektowane jako uzupe\u0142nienie kabla g\u0142o\u015bnikowego ChordMusic.<\/p>\n<p>Zwory zast\u0119puj\u0105 metalowe blaszki u\u017cywane do zmostkowania podw\u00f3jnych wej\u015b\u0107 g\u0142o\u015bnikowych i mog\u0105 przynie\u015b\u0107 zaskakuj\u0105c\u0105 popraw\u0119 jako\u015bci d\u017awi\u0119ku.<\/p>\n<p>Ceny od 895 \u00a3 (RRP w Wielkiej Brytanii).<\/p>\n","protected":false},"excerpt":{"rendered":"<p>Wysokiej klasy, r\u0119cznie wykonane zwory g\u0142o\u015bnikowe, z nasz\u0105 unikaln\u0105 izolacj\u0105 Taylon, zaprojektowane jako uzupe\u0142nienie kabla g\u0142o\u015bnikowego ChordMusic.<\/p>\n","protected":false},"featured_media":22923,"comment_status":"open","ping_status":"closed","template":"","meta":{"_acf_changed":false},"product_brand":[],"product_cat":[2339,2336],"product_tag":[2346,2347,2348,2349],"class_list":{"0":"post-15806","1":"product","2":"type-product","3":"status-publish","4":"has-post-thumbnail","6":"product_cat-chordmusic-pl","7":"product_cat-kable-glosnikowe","8":"product_tag-bi-wire-links-pl","9":"product_tag-chord-company-pl","10":"product_tag-chordmusic-pl","11":"product_tag-loudspeakers-pl","13":"first","14":"instock","15":"shipping-taxable","16":"purchasable","17":"product-type-simple"},"acf":[],"_links":{"self":[{"href":"https:\/\/chord.co.uk\/pl\/wp-json\/wp\/v2\/product\/15806","targetHints":{"allow":["GET"]}}],"collection":[{"href":"https:\/\/chord.co.uk\/pl\/wp-json\/wp\/v2\/product"}],"about":[{"href":"https:\/\/chord.co.uk\/pl\/wp-json\/wp\/v2\/types\/product"}],"replies":[{"embeddable":true,"href":"https:\/\/chord.co.uk\/pl\/wp-json\/wp\/v2\/comments?post=15806"}],"wp:featuredmedia":[{"embeddable":true,"href":"https:\/\/chord.co.uk\/pl\/wp-json\/wp\/v2\/media\/22923"}],"wp:attachment":[{"href":"https:\/\/chord.co.uk\/pl\/wp-json\/wp\/v2\/media?parent=15806"}],"wp:term":[{"taxonomy":"product_brand","embeddable":true,"href":"https:\/\/chord.co.uk\/pl\/wp-json\/wp\/v2\/product_brand?post=15806"},{"taxonomy":"product_cat","embeddable":true,"href":"https:\/\/chord.co.uk\/pl\/wp-json\/wp\/v2\/product_cat?post=15806"},{"taxonomy":"product_tag","embeddable":true,"href":"https:\/\/chord.co.uk\/pl\/wp-json\/wp\/v2\/product_tag?post=15806"}],"curies":[{"name":"wp","href":"https:\/\/api.w.org\/{rel}","templated":true}]}}