{"id":15807,"date":"2017-04-13T15:30:26","date_gmt":"2017-04-13T14:30:26","guid":{"rendered":"https:\/\/chord.co.uk\/product\/sarum-t-analogue-din\/"},"modified":"2020-01-21T10:40:22","modified_gmt":"2020-01-21T10:40:22","slug":"sarum-t-analogue-din","status":"publish","type":"product","link":"https:\/\/chord.co.uk\/pl\/produkt\/sarum-t-analogue-din\/","title":{"rendered":"Sarum T &#8211; interkonekt analogowy DIN"},"content":{"rendered":"<p>Sarum T DIN dost\u0119pny jest w konfiguracjach DIN na DIN, RCA na DIN, DIN na XLR i 240 stopni Snake (SNAIC). Standardowa d\u0142ugo\u015b\u0107 \u2013 1 m. Inne d\u0142ugo\u015bci s\u0105 dost\u0119pne na zam\u00f3wienie<\/p>\n<p>Sarum T opiera si\u0119 na sukcesie naszej uznanej serii Sarum Super ARAY i wprowadza nasz prze\u0142omowy, zastrze\u017cony materia\u0142 izolacyjny, Taylon, przynosz\u0105c znaczn\u0105 popraw\u0119 jako\u015bci d\u017awi\u0119ku. Sarum T daje niezwyk\u0142e korzy\u015bci p\u0142yn\u0105ce z zastosowania nowego dielektryka na bardziej przyst\u0119pnym cenowo poziomie. Poprzednie generacje kabli Sarum Super ARAY bazowa\u0142y na dielektryku PTFE. Upgrade do wersji Taylon zapewnia szereg korzy\u015bci brzmieniu systemu.<\/p>\n<p>Wcze\u015bniejsze wersje kabli Sarum mo\u017cna zaktualizowa\u0107 do specyfikacji Sarum T. Skontaktuj si\u0119 z najbli\u017cszym sprzedawc\u0105 Chord Company w celu uzyskania informacji na temat cen. Je\u015bli chcesz wypr\u00f3bowa\u0107 Sarum T we w\u0142asnym systemie, dost\u0119pne s\u0105 r\u00f3wnie\u017c kable demonstracyjne.<\/p>\n<p>Dost\u0119pne s\u0105 r\u00f3wnie\u017c analogowe interkonekty Sarum T wyposa\u017cone we wtyki RCA i XLR.<\/p>\n","protected":false},"excerpt":{"rendered":"<p>Dzi\u0119ki wyj\u0105tkowej izolacji Taylon i technologii ARAY, kable Sarum T DIN s\u0105 w stanie przenie\u015b\u0107 ci\u0119 w sam \u015brodek muzyki, gwarantuj\u0105 r\u00f3wnie\u017c fantastyczn\u0105 przejrzysto\u015b\u0107 i detaliczno\u015b\u0107. Dost\u0119pne w konfiguracjach DIN-DIN, DIN-RCA, DIN-XLR.<\/p>\n","protected":false},"featured_media":19024,"comment_status":"open","ping_status":"closed","template":"","meta":{"_acf_changed":false},"product_brand":[],"product_cat":[2329,2328,2342],"product_tag":[3391,3397,3396,3394,3395,3398],"class_list":{"0":"post-15807","1":"product","2":"type-product","3":"status-publish","4":"has-post-thumbnail","6":"product_cat-analogowe-din","7":"product_cat-interkonekty","8":"product_cat-sarum-t-pl","9":"product_tag-3-pinowy","10":"product_tag-4-pinowy","11":"product_tag-5-pinowy","12":"product_tag-din-pl","13":"product_tag-naim-audio-pl","14":"product_tag-snaic-pl","16":"first","17":"instock","18":"shipping-taxable","19":"purchasable","20":"product-type-simple"},"acf":[],"_links":{"self":[{"href":"https:\/\/chord.co.uk\/pl\/wp-json\/wp\/v2\/product\/15807","targetHints":{"allow":["GET"]}}],"collection":[{"href":"https:\/\/chord.co.uk\/pl\/wp-json\/wp\/v2\/product"}],"about":[{"href":"https:\/\/chord.co.uk\/pl\/wp-json\/wp\/v2\/types\/product"}],"replies":[{"embeddable":true,"href":"https:\/\/chord.co.uk\/pl\/wp-json\/wp\/v2\/comments?post=15807"}],"wp:featuredmedia":[{"embeddable":true,"href":"https:\/\/chord.co.uk\/pl\/wp-json\/wp\/v2\/media\/19024"}],"wp:attachment":[{"href":"https:\/\/chord.co.uk\/pl\/wp-json\/wp\/v2\/media?parent=15807"}],"wp:term":[{"taxonomy":"product_brand","embeddable":true,"href":"https:\/\/chord.co.uk\/pl\/wp-json\/wp\/v2\/product_brand?post=15807"},{"taxonomy":"product_cat","embeddable":true,"href":"https:\/\/chord.co.uk\/pl\/wp-json\/wp\/v2\/product_cat?post=15807"},{"taxonomy":"product_tag","embeddable":true,"href":"https:\/\/chord.co.uk\/pl\/wp-json\/wp\/v2\/product_tag?post=15807"}],"curies":[{"name":"wp","href":"https:\/\/api.w.org\/{rel}","templated":true}]}}