{"id":15811,"date":"2017-04-13T15:25:38","date_gmt":"2017-04-13T14:25:38","guid":{"rendered":"https:\/\/chord.co.uk\/product\/sarum-t-bi-wire-speaker-links\/"},"modified":"2019-09-19T11:18:52","modified_gmt":"2019-09-19T10:18:52","slug":"sarum-t-bi-wire-speaker-links","status":"publish","type":"product","link":"https:\/\/chord.co.uk\/pl\/produkt\/sarum-t-bi-wire-speaker-links\/","title":{"rendered":"Sarum T &#8211; zwory g\u0142o\u015bnikowe"},"content":{"rendered":"<div id=\"main\" class=\"clearfix\">\n<div id=\"content\">\n<div id=\"prod-right\">\n<div id=\"prod-overview\" class=\"prod-details uc ucv\">\n<p>Zwory g\u0142o\u015bnikowe Sarum T to co\u015b wi\u0119cej ni\u017c tylko ostatnie ogniwo, w systemie opartym na kablach Sarum. S\u0105 one \u0142atwym sposobem na postawienie kropki nad \u201ei\u201d z dowolnymi kolumnami o wysokiej rozdzielczo\u015bci, niezale\u017cnie od u\u017cywanego kabla g\u0142o\u015bnikowego.<\/p>\n<p>Zwory wyposa\u017cone s\u0105 w posrebrzane wtyki bananowe i z\u0142\u0105cza wide\u0142kowe naszej produkcji.<\/p>\n<\/div>\n<\/div>\n<\/div>\n<\/div>\n","protected":false},"excerpt":{"rendered":"<p>\u0141atwy spos\u00f3b na postawienie kropki nad \u201ei\u201d z dowolnymi kolumnami o wysokiej rozdzielczo\u015bci, niezale\u017cnie od u\u017cywanego kabla g\u0142o\u015bnikowego.<\/p>\n","protected":false},"featured_media":22931,"comment_status":"open","ping_status":"closed","template":"","meta":{"_acf_changed":false},"product_brand":[],"product_cat":[2336,2342],"product_tag":[],"class_list":{"0":"post-15811","1":"product","2":"type-product","3":"status-publish","4":"has-post-thumbnail","6":"product_cat-kable-glosnikowe","7":"product_cat-sarum-t-pl","9":"first","10":"instock","11":"shipping-taxable","12":"purchasable","13":"product-type-simple"},"acf":[],"_links":{"self":[{"href":"https:\/\/chord.co.uk\/pl\/wp-json\/wp\/v2\/product\/15811","targetHints":{"allow":["GET"]}}],"collection":[{"href":"https:\/\/chord.co.uk\/pl\/wp-json\/wp\/v2\/product"}],"about":[{"href":"https:\/\/chord.co.uk\/pl\/wp-json\/wp\/v2\/types\/product"}],"replies":[{"embeddable":true,"href":"https:\/\/chord.co.uk\/pl\/wp-json\/wp\/v2\/comments?post=15811"}],"wp:featuredmedia":[{"embeddable":true,"href":"https:\/\/chord.co.uk\/pl\/wp-json\/wp\/v2\/media\/22931"}],"wp:attachment":[{"href":"https:\/\/chord.co.uk\/pl\/wp-json\/wp\/v2\/media?parent=15811"}],"wp:term":[{"taxonomy":"product_brand","embeddable":true,"href":"https:\/\/chord.co.uk\/pl\/wp-json\/wp\/v2\/product_brand?post=15811"},{"taxonomy":"product_cat","embeddable":true,"href":"https:\/\/chord.co.uk\/pl\/wp-json\/wp\/v2\/product_cat?post=15811"},{"taxonomy":"product_tag","embeddable":true,"href":"https:\/\/chord.co.uk\/pl\/wp-json\/wp\/v2\/product_tag?post=15811"}],"curies":[{"name":"wp","href":"https:\/\/api.w.org\/{rel}","templated":true}]}}