{"id":15813,"date":"2017-03-07T13:54:08","date_gmt":"2017-03-07T13:54:08","guid":{"rendered":"https:\/\/chord.co.uk\/product\/chordmusic-aesebu\/"},"modified":"2019-09-19T11:20:05","modified_gmt":"2019-09-19T10:20:05","slug":"chordmusic-aesebu","status":"publish","type":"product","link":"https:\/\/chord.co.uk\/pl\/produkt\/chordmusic-aesebu\/","title":{"rendered":"ChordMusic AES\/EBU &#8211; interkonekt cyfrowy"},"content":{"rendered":"<p>ChordMusic AES\/EBU &#8211; cyfrowy interkonekt XLR dla system\u00f3w, kt\u00f3re s\u0105 wyposa\u017cone w takie \u0142\u0105cza.<\/p>\n<p>ChordMusic korzysta z unikatowego materia\u0142u izolacyjnego, kt\u00f3ry nazywamy Taylon &#8211; zaprojektowany zosta\u0142 jako lepsza wersja, powszechnie stosowanego PTFE. Taylon jest stabilny fazowo, a ta stabilno\u015b\u0107 w po\u0142\u0105czeniu z nasz\u0105 unikatow\u0105 geometri\u0105 Super ARAY oznacza, \u017ce \u200b\u200bmo\u017cemy przenie\u015b\u0107 jako\u015b\u0107 d\u017awi\u0119ku naszych kabli na zupe\u0142nie nowy poziom.<\/p>\n<p>Rzeczy, kt\u00f3rych nauczyli\u015bmy si\u0119 w ostatnich kilku latach, by\u0142y zar\u00f3wno ciekawe, jak i orze\u017awiaj\u0105ce. Ciekawe, poniewa\u017c projekty Tuned ARAY i Super ARAY zmieniaj\u0105 d\u017awi\u0119k z gramofon\u00f3w, odtwarzaczy CD i urz\u0105dze\u0144 do przesy\u0142ania strumieniowego w muzyk\u0119, kt\u00f3ra brzmi prawdziwie, wiarygodnie i emocjonalnie. Orze\u017awiaj\u0105co, poniewa\u017c projekty tuningowanych przewod\u00f3w ARAY i Super ARAY wyra\u017anie pokazuj\u0105, o ile konwencjonalne konstrukcje kabli pogarszaj\u0105 brzmienie ka\u017cdego systemu audio.<\/p>\n<p>Porozmawiaj z najbli\u017cszym sprzedawc\u0105 ChordMusic o zorganizowaniu ods\u0142uchu i por\u00f3wnaj d\u017awi\u0119k ze standardowym cyfrowym interkonektem koncentrycznym (RCA).<\/p>\n","protected":false},"excerpt":{"rendered":"<p>ChordMusic AES\/EBU \u2013 dedykowany kabel cyfrowy XLR, je\u015bli tw\u00f3j sprz\u0119t przygotowany jest na t\u0119 konkretn\u0105 opcj\u0119.<\/p>\n","protected":false},"featured_media":14887,"comment_status":"open","ping_status":"closed","template":"","meta":{"_acf_changed":false},"product_brand":[],"product_cat":[2339,2328,2334],"product_tag":[],"class_list":{"0":"post-15813","1":"product","2":"type-product","3":"status-publish","4":"has-post-thumbnail","6":"product_cat-chordmusic-pl","7":"product_cat-interkonekty","8":"product_cat-kable-cyfrowe-i-usb","10":"first","11":"instock","12":"shipping-taxable","13":"purchasable","14":"product-type-simple"},"acf":[],"_links":{"self":[{"href":"https:\/\/chord.co.uk\/pl\/wp-json\/wp\/v2\/product\/15813","targetHints":{"allow":["GET"]}}],"collection":[{"href":"https:\/\/chord.co.uk\/pl\/wp-json\/wp\/v2\/product"}],"about":[{"href":"https:\/\/chord.co.uk\/pl\/wp-json\/wp\/v2\/types\/product"}],"replies":[{"embeddable":true,"href":"https:\/\/chord.co.uk\/pl\/wp-json\/wp\/v2\/comments?post=15813"}],"wp:featuredmedia":[{"embeddable":true,"href":"https:\/\/chord.co.uk\/pl\/wp-json\/wp\/v2\/media\/14887"}],"wp:attachment":[{"href":"https:\/\/chord.co.uk\/pl\/wp-json\/wp\/v2\/media?parent=15813"}],"wp:term":[{"taxonomy":"product_brand","embeddable":true,"href":"https:\/\/chord.co.uk\/pl\/wp-json\/wp\/v2\/product_brand?post=15813"},{"taxonomy":"product_cat","embeddable":true,"href":"https:\/\/chord.co.uk\/pl\/wp-json\/wp\/v2\/product_cat?post=15813"},{"taxonomy":"product_tag","embeddable":true,"href":"https:\/\/chord.co.uk\/pl\/wp-json\/wp\/v2\/product_tag?post=15813"}],"curies":[{"name":"wp","href":"https:\/\/api.w.org\/{rel}","templated":true}]}}