{"id":15815,"date":"2017-01-25T16:59:52","date_gmt":"2017-01-25T16:59:52","guid":{"rendered":"https:\/\/chord.co.uk\/product\/c-sub-analogue-subwoofer-cable\/"},"modified":"2019-09-19T11:20:43","modified_gmt":"2019-09-19T10:20:43","slug":"c-sub-analogue-subwoofer-cable","status":"publish","type":"product","link":"https:\/\/chord.co.uk\/pl\/produkt\/c-sub-analogue-subwoofer-cable\/","title":{"rendered":"C-sub &#8211; kabel subwooferowy"},"content":{"rendered":"<p>Chord Company C-sub zosta\u0142 zaprojektowany do wsp\u00f3\u0142pracy ze wszystkimi wzmacniaczami kina domowego i aktywnymi subwooferami.<\/p>\n<p>Chord C-sub to oryginalny projekt firmy Chord Company. Podobnie jak wszystkie interkonekty firmy Chord, C-sub zosta\u0142 zaprojektowany w celu ochrony sygna\u0142u audio przed zak\u0142\u00f3ceniami o wysokiej cz\u0119stotliwo\u015bci, obecnymi w wi\u0119kszo\u015b\u0107 nowoczesnych dom\u00f3w. C-Sub zapewnia czystszy, bardziej dynamiczny d\u017awi\u0119k ni\u017c inne, konwencjonalne kable subwooferowe, zachowuj\u0105c jednocze\u015bnie wysok\u0105 elastyczno\u015b\u0107 i dyskretny wygl\u0105d.<\/p>\n<p>To wielo\u017cy\u0142owy, cynowany, miedziany przew\u00f3d sygna\u0142owy o niskiej rezystancji, umo\u017cliwiaj\u0105cy stosowanie d\u0142u\u017cszych odcink\u00f3w. Ekran z owini\u0119tych wok\u00f3\u0142 kabla \u017cy\u0142 zapewnia \u015bwietn\u0105 elastyczno\u015b\u0107, dzi\u0119ki kt\u00f3rej minimalizowane s\u0105 straty spowodowane zak\u0142\u00f3ceniami o wysokiej cz\u0119stotliwo\u015bci.<\/p>\n<p>Unikatowy proces poz\u0142acania wtyk\u00f3w RCA poprawia transfer sygna\u0142u w ca\u0142ym pa\u015bmie przenoszenia. Odlewana obudowa wtyczek zapewnia niezawodne po\u0142\u0105czenie.<\/p>\n<p>Dost\u0119pne w d\u0142ugo\u015bciach 3, 6, 8 i 10 m.<\/p>\n","protected":false},"excerpt":{"rendered":"<p>Chord Company C-sub zosta\u0142 zaprojektowany do wsp\u00f3\u0142pracy ze wszystkimi wzmacniaczami kina domowego i aktywnymi subwooferami.<\/p>\n","protected":false},"featured_media":21034,"comment_status":"open","ping_status":"closed","template":"","meta":{"_acf_changed":false},"product_brand":[],"product_cat":[2330,2338,2328,2332],"product_tag":[],"class_list":{"0":"post-15815","1":"product","2":"type-product","3":"status-publish","4":"has-post-thumbnail","6":"product_cat-analogowe-rca","7":"product_cat-c-series-pl","8":"product_cat-interkonekty","9":"product_cat-kable-subwooferowe","11":"first","12":"instock","13":"shipping-taxable","14":"purchasable","15":"product-type-simple"},"acf":[],"_links":{"self":[{"href":"https:\/\/chord.co.uk\/pl\/wp-json\/wp\/v2\/product\/15815","targetHints":{"allow":["GET"]}}],"collection":[{"href":"https:\/\/chord.co.uk\/pl\/wp-json\/wp\/v2\/product"}],"about":[{"href":"https:\/\/chord.co.uk\/pl\/wp-json\/wp\/v2\/types\/product"}],"replies":[{"embeddable":true,"href":"https:\/\/chord.co.uk\/pl\/wp-json\/wp\/v2\/comments?post=15815"}],"wp:featuredmedia":[{"embeddable":true,"href":"https:\/\/chord.co.uk\/pl\/wp-json\/wp\/v2\/media\/21034"}],"wp:attachment":[{"href":"https:\/\/chord.co.uk\/pl\/wp-json\/wp\/v2\/media?parent=15815"}],"wp:term":[{"taxonomy":"product_brand","embeddable":true,"href":"https:\/\/chord.co.uk\/pl\/wp-json\/wp\/v2\/product_brand?post=15815"},{"taxonomy":"product_cat","embeddable":true,"href":"https:\/\/chord.co.uk\/pl\/wp-json\/wp\/v2\/product_cat?post=15815"},{"taxonomy":"product_tag","embeddable":true,"href":"https:\/\/chord.co.uk\/pl\/wp-json\/wp\/v2\/product_tag?post=15815"}],"curies":[{"name":"wp","href":"https:\/\/api.w.org\/{rel}","templated":true}]}}