{"id":15817,"date":"2017-01-11T11:38:38","date_gmt":"2017-01-11T11:38:38","guid":{"rendered":"https:\/\/chord.co.uk\/product\/speaker-cable-termination-kit-z-plugscrew-type\/"},"modified":"2019-09-19T11:14:06","modified_gmt":"2019-09-19T10:14:06","slug":"speaker-cable-termination-kit-z-plugscrew-type","status":"publish","type":"product","link":"https:\/\/chord.co.uk\/pl\/produkt\/speaker-cable-termination-kit-z-plugscrew-type\/","title":{"rendered":"Konc\u00f3wki kabli g\u0142o\u015bnikowych &#8211; ChordOhmic, banany 4 mm\/wid\u0142y"},"content":{"rendered":"<p>Nasze nowe posrebrzane wtyki g\u0142o\u015bnikowe ChordOhmic zosta\u0142y zaprojektowane tak, aby zapewni\u0107 korzy\u015bci p\u0142yn\u0105ce z zastosowania srebra w kablach g\u0142o\u015bnikowych. Nowe wtyki b\u0119d\u0105 montowane we wszystkich kablach g\u0142o\u015bnikowych firmy Chord, a tak\u017ce b\u0119d\u0105 dost\u0119pne osobno (w zestawach po 4), dla tych, kt\u00f3rzy chc\u0105 poprawi\u0107 jako\u015b\u0107 d\u017awi\u0119ku starszych kabli.<\/p>\n<p>Dost\u0119pne r\u00f3wnie\u017c: ko\u0144c\u00f3wki wide\u0142kowe ChordOhmic<\/p>\n<p><a href=\"https:\/\/chord.co.uk\/wp-content\/uploads\/2017\/01\/chordco-ohmic-spade-temp-003.jpg\"><img loading=\"lazy\" decoding=\"async\" class=\"alignnone size-medium wp-image-12294\" src=\"https:\/\/chord.co.uk\/wp-content\/uploads\/2017\/01\/chordco-ohmic-spade-temp-003-770x516.jpg\" alt=\"\" width=\"300\" height=\"201\" srcset=\"https:\/\/chord.co.uk\/wp-content\/uploads\/2017\/01\/chordco-ohmic-spade-temp-003-770x516.jpg 770w, https:\/\/chord.co.uk\/wp-content\/uploads\/2017\/01\/chordco-ohmic-spade-temp-003-768x515.jpg 768w, https:\/\/chord.co.uk\/wp-content\/uploads\/2017\/01\/chordco-ohmic-spade-temp-003-346x232.jpg 346w, https:\/\/chord.co.uk\/wp-content\/uploads\/2017\/01\/chordco-ohmic-spade-temp-003-480x322.jpg 480w, https:\/\/chord.co.uk\/wp-content\/uploads\/2017\/01\/chordco-ohmic-spade-temp-003-600x402.jpg 600w, https:\/\/chord.co.uk\/wp-content\/uploads\/2017\/01\/chordco-ohmic-spade-temp-003.jpg 859w\" sizes=\"auto, (max-width: 300px) 100vw, 300px\" \/><\/a><\/p>\n<hr \/>\n<p>Od wielu lat w naszych projektach stosujemy przewodniki z posrebrzanej miedzi i \u0142\u0105czymy je z posrebrzanymi wtykami. Stosowanie srebra w kablach mo\u017ce by\u0107 \u017ale widziane, poniewa\u017c wiele os\u00f3b wci\u0105\u017c kojarzy u\u017cycie srebra z jasnym d\u017awi\u0119kiem. Z naszego do\u015bwiadczenia wynika jednak, \u017ce jaskrawo\u015b\u0107 o kt\u00f3rej mowa spowodowana jest najcz\u0119\u015bciej przez z\u0142y wyb\u00f3r materia\u0142u izolacyjnego, a nie przez srebro! Jedynym powa\u017cnym wyj\u0105tkiem od tej regu\u0142y s\u0105 poz\u0142acane z\u0142\u0105cza g\u0142o\u015bnikowe Chord Company (banany 4 mm\/wid\u0142y).<\/p>\n<p><strong>Dlaczego nie z\u0142oto?<\/strong><\/p>\n<p>Chocia\u017c z\u0142oto jest og\u00f3lnie postrzegane jako najlepszy materia\u0142 dla wysokiej jako\u015bci z\u0142\u0105czy, jego jedyn\u0105 zalet\u0105 jest ca\u0142kowita odporno\u015b\u0107 na korozj\u0119 (zwykle nie jest to g\u0142\u00f3wny problem!). Z naszego do\u015bwiadczenia wynika, \u017ce \u200b\u200bmelomani wi\u0105\u017c\u0105 go r\u00f3wnie\u017c z wysok\u0105 warto\u015bci\u0105 produktu, wynikaj\u0105c\u0105 z ceny z\u0142ota. Sprawy komplikuj\u0105 jeszcze bardziej inne materia\u0142y galwaniczne, oferowane w bran\u017cy hi-fi (np. rod, mied\u017a, mosi\u0105dz i nikiel), z kt\u00f3rych ka\u017cdy charakteryzuje si\u0119 inn\u0105 cen\u0105 i deklarowanym d\u017awi\u0119kiem.<\/p>\n<p><strong>Nauka, statystyka i dezinformacja i jak je rozumie\u0107<\/strong><\/p>\n<p>Z\u0142oto jest trzecim najlepiej przewodz\u0105cym metalem. Jest lepszy od miedzi (+ 140%) i srebra (+ 148%). Lepsza przewodno\u015b\u0107 oznacza ni\u017csz\u0105 oporno\u015b\u0107, a tym samym mniejsze straty sygna\u0142u. Mniejsze straty sygna\u0142u oznaczaj\u0105 wy\u017csze nat\u0119\u017cenie pr\u0105du \u2013 zgodnie z prawem Ohma! St\u0105d nazwa naszych nowych wtyk\u00f3w g\u0142o\u015bnikowych.<\/p>\n<p>Chocia\u017c czysta mied\u017a jest dobrym przewodnikiem, w temperaturze pokojowej jest podatna na utlenianie, a w\u00f3wczas drastycznie spada jej przewodno\u015b\u0107. Pokrycie miedzi innym metalem mo\u017ce ochroni\u0107 j\u0105 przed tym procesem. Materia\u0142y galwaniczne to cyna (25% przewodno\u015bci z\u0142ota), nikiel (33% przewodno\u015bci z\u0142ota) i rod (50% przewodno\u015bci z\u0142ota). Najlepszym materia\u0142em jest jednak srebro.<\/p>\n<p>Co jednak najwa\u017cniejsze, srebrzenie nie tylko ma sens z elektrycznego punktu widzenia, ale daje wyra\u017anie lepsze wyniki podczas test\u00f3w ods\u0142uchowych, w por\u00f3wnaniu ze z\u0142oconymi stykami.<\/p>\n<p><img loading=\"lazy\" decoding=\"async\" class=\"alignnone wp-image-11253\" src=\"https:\/\/chord.co.uk\/wp-content\/uploads\/2018\/02\/newsletter-header-2000x1000-silver-plugs-4mm-001-1024x512.jpg\" alt=\"\" width=\"880\" height=\"440\" srcset=\"https:\/\/chord.co.uk\/wp-content\/uploads\/2018\/02\/newsletter-header-2000x1000-silver-plugs-4mm-001-1024x512.jpg 1024w, https:\/\/chord.co.uk\/wp-content\/uploads\/2018\/02\/newsletter-header-2000x1000-silver-plugs-4mm-001-770x385.jpg 770w, https:\/\/chord.co.uk\/wp-content\/uploads\/2018\/02\/newsletter-header-2000x1000-silver-plugs-4mm-001-768x384.jpg 768w, https:\/\/chord.co.uk\/wp-content\/uploads\/2018\/02\/newsletter-header-2000x1000-silver-plugs-4mm-001-350x175.jpg 350w, https:\/\/chord.co.uk\/wp-content\/uploads\/2018\/02\/newsletter-header-2000x1000-silver-plugs-4mm-001-480x240.jpg 480w, https:\/\/chord.co.uk\/wp-content\/uploads\/2018\/02\/newsletter-header-2000x1000-silver-plugs-4mm-001.jpg 2000w\" sizes=\"auto, (max-width: 880px) 100vw, 880px\" \/><\/p>\n<hr \/>\n<p><strong>Us\u0142uga zaciskania wtyk\u00f3w<\/strong><\/p>\n<p>&nbsp;<\/p>\n<p>Us\u0142uga zaciskania wtyk\u00f3w g\u0142o\u015bnikowych ChordOhmic jest teraz dost\u0119pna u wybranych sprzedawc\u00f3w detalicznych oraz dystrybutor\u00f3w Chord Company. Pod\u0142\u0105cz wtyczki (zgodne z nasz\u0105 specyfikacj\u0105 fabryczn\u0105) do dowolnego kabla g\u0142o\u015bnikowego.<\/p>\n<p><strong>Co z matowieniem styk\u00f3w?<\/strong><\/p>\n<p>Powszechnym b\u0142\u0119dem jest my\u015blenie, \u017ce poniewa\u017c srebro utlenia si\u0119, jest z\u0142ym przewodnikiem. W rzeczywisto\u015bci \u200b\u200bsrebro nie utlenia si\u0119, dop\u00f3ki nie osi\u0105gnie temperatury 170\u00b0 C. Jego powierzchnia ulega jednak w temperaturze pokojowej zmatowieniu, reaguj\u0105c na obecn\u0105 w powietrzu siark\u0119.<\/p>\n<p>Chocia\u017c matowe srebro nie jest najprzyjemniejsze do ogl\u0105dania (na ozdobach lub sztu\u0107cach), elektrycznie jest mniej k\u0142opotliwe.<\/p>\n<p>Nalot (zwykle siarczek srebra) jest mi\u0119kkim i plastycznym materia\u0142em, kt\u00f3ry mo\u017cna jednak \u0142atwo usun\u0105\u0107. Mo\u017cemy wszystkich zapewni\u0107, \u017ce wystarczy kilka raz wsun\u0105\u0107 nasze banany lub wid\u0142y do gniazd, aby \u00f3w nalot usun\u0105\u0107. Poni\u017cszy schemat pokazuje, \u017ce bez wzgl\u0119du na to, jak g\u0142adko wygl\u0105da go\u0142ym okiem styk, nadal jest on na poziomie mikroskopowym do\u015b\u0107 chropowaty. Rzeczywisty kontakt zapewnia niewiele punkt\u00f3w, nawet przy do\u015b\u0107 wysokim poziomie si\u0142y nacisku. Po prostu przesuwaj\u0105c z\u0142\u0105cze do i z gniazda, mo\u017cna skutecznie wyczy\u015bci\u0107 punkty styku. Warto si\u0119 upewni\u0107, \u017ce przed wykonaniem tej prostej procedury konserwacji ca\u0142y system zosta\u0142 wy\u0142\u0105czony.<\/p>\n<p>Wtyczki mo\u017cna jeszcze dok\u0142adniej wyczy\u015bci\u0107 przy u\u017cyciu dobrego \u015brodka do czyszczenia styk\u00f3w.<\/p>\n<p><a href=\"https:\/\/chord.co.uk\/wp-content\/uploads\/2018\/02\/silver-contact-diagram2.jpg\"><img loading=\"lazy\" decoding=\"async\" class=\"alignnone wp-image-11351\" src=\"https:\/\/chord.co.uk\/wp-content\/uploads\/2018\/02\/silver-contact-diagram2.jpg\" alt=\"\" width=\"400\" height=\"329\" srcset=\"https:\/\/chord.co.uk\/wp-content\/uploads\/2018\/02\/silver-contact-diagram2.jpg 768w, https:\/\/chord.co.uk\/wp-content\/uploads\/2018\/02\/silver-contact-diagram2-282x232.jpg 282w, https:\/\/chord.co.uk\/wp-content\/uploads\/2018\/02\/silver-contact-diagram2-480x394.jpg 480w\" sizes=\"auto, (max-width: 400px) 100vw, 400px\" \/><\/a><\/p>\n<p><strong>Powy\u017cej<\/strong>: g\u00f3rna sekcja pokazuje po\u0142\u0105czenie o niskim nacisku. Dolna cz\u0119\u015b\u0107 pokazuje odkszta\u0142cenie wtyczki i gniazda po ich \u015bci\u015bni\u0119ciu. Nacisk likwiduje mi\u0119kki nalot, a tak\u017ce zwi\u0119ksza powierzchni\u0119 styku.<\/p>\n","protected":false},"excerpt":{"rendered":"<p>Posrebrzane wtyki g\u0142o\u015bnikowe ChordOhmic. Natychmiastowa poprawa jako\u015bci d\u017awi\u0119ku. Zaprojektowane, aby zapewni\u0107 elektryczne i d\u017awi\u0119kowe zalety srebra we wszystkich kablach g\u0142o\u015bnikowych.<\/p>\n","protected":false},"featured_media":22956,"comment_status":"open","ping_status":"closed","template":"","meta":{"_acf_changed":false},"product_brand":[],"product_cat":[2324,2336],"product_tag":[],"class_list":{"0":"post-15817","1":"product","2":"type-product","3":"status-publish","4":"has-post-thumbnail","6":"product_cat-akcesoria","7":"product_cat-kable-glosnikowe","9":"first","10":"instock","11":"shipping-taxable","12":"purchasable","13":"product-type-simple"},"acf":[],"_links":{"self":[{"href":"https:\/\/chord.co.uk\/pl\/wp-json\/wp\/v2\/product\/15817","targetHints":{"allow":["GET"]}}],"collection":[{"href":"https:\/\/chord.co.uk\/pl\/wp-json\/wp\/v2\/product"}],"about":[{"href":"https:\/\/chord.co.uk\/pl\/wp-json\/wp\/v2\/types\/product"}],"replies":[{"embeddable":true,"href":"https:\/\/chord.co.uk\/pl\/wp-json\/wp\/v2\/comments?post=15817"}],"wp:featuredmedia":[{"embeddable":true,"href":"https:\/\/chord.co.uk\/pl\/wp-json\/wp\/v2\/media\/22956"}],"wp:attachment":[{"href":"https:\/\/chord.co.uk\/pl\/wp-json\/wp\/v2\/media?parent=15817"}],"wp:term":[{"taxonomy":"product_brand","embeddable":true,"href":"https:\/\/chord.co.uk\/pl\/wp-json\/wp\/v2\/product_brand?post=15817"},{"taxonomy":"product_cat","embeddable":true,"href":"https:\/\/chord.co.uk\/pl\/wp-json\/wp\/v2\/product_cat?post=15817"},{"taxonomy":"product_tag","embeddable":true,"href":"https:\/\/chord.co.uk\/pl\/wp-json\/wp\/v2\/product_tag?post=15817"}],"curies":[{"name":"wp","href":"https:\/\/api.w.org\/{rel}","templated":true}]}}