{"id":15818,"date":"2017-01-11T10:52:33","date_gmt":"2017-01-11T10:52:33","guid":{"rendered":"https:\/\/chord.co.uk\/product\/silent-mount-sm5-titanium-isolation-rack-mounts-50mm\/"},"modified":"2019-09-19T11:13:46","modified_gmt":"2019-09-19T10:13:46","slug":"silent-mount-sm5-titanium-isolation-rack-mounts-50mm","status":"publish","type":"product","link":"https:\/\/chord.co.uk\/pl\/produkt\/silent-mount-sm5-titanium-isolation-rack-mounts-50mm\/","title":{"rendered":"Silent Mount SM5 &#8211; tytanowe podstawki o \u015brednicy 50 mm"},"content":{"rendered":"<p>Podstawki tytanowe 4 x 50 mm do lekkich stand\u00f3w i stolik\u00f3w. R\u0119cznie wykonane w Japonii<\/p>\n<p>S\u0105 one tego samego rozmiaru, co standardowe stalowe podk\u0142adki izolacyjne SM5, ale s\u0105 wykonane z tytanu. Czy zmiana materia\u0142\u00f3w mo\u017ce co\u015b zmieni\u0107? Oczywi\u015bcie: tytanowe Silent Mount SM5 maj\u0105 identyczny rozmiar jak SM5 ze stali nierdzewnej, ale s\u0105 znacznie l\u017cejsze. Mniejsza waga poprawia transfer energii i dlatego wersja tytanowa zapewnia lepszy d\u017awi\u0119k. Poprawie ulegaj\u0105 timing, dynamika i sp\u00f3jno\u015b\u0107, obraz d\u017awi\u0119kowy jest wyra\u017aniejszy, a instrumenty i g\u0142osy s\u0105 lepiej definiowane i dok\u0142adniej umieszczane na scenie d\u017awi\u0119kowej.<\/p>\n<p>Tytanowe SM5 s\u0105 przeznaczone do u\u017cytku z dowolnymi podstawkami g\u0142o\u015bnikowymi i stolikami high-end.<\/p>\n<p>Stosujemy je w naszym pokoju demonstracyjnym pod stolikiem Audiophile Star Base, a tak\u017ce z podstawami pod gramofony, gdzie poprawa jako\u015bci d\u017awi\u0119ku jest szczeg\u00f3lnie uderzaj\u0105ca. Podobnie jak z ka\u017cdym krokiem naprz\u00f3d, tak i tym razem szybko przyzwyczaimy si\u0119 do poprawy jako\u015bci d\u017awi\u0119ku wprowadzanej przez tytanowe SM5. Wyj\u0119cie ich z systemu jest naprawd\u0119 zaskakuj\u0105cym do\u015bwiadczeniem i nie pozostawia w\u0105tpliwo\u015bci co do tego, jak s\u0105 one wa\u017cne.<\/p>\n<p>Wszystkie podk\u0142adki Silent s\u0105 dostarczane z zestawem samoprzylepnych cienkich podk\u0142adek filcowych. Je\u015bli stolik\/stand stoi si\u0119 na innym pod\u0142o\u017cu ni\u017c na pod\u0142odze z wyk\u0142adzin\u0105, podk\u0142adki filcowe powinny by\u0107 przymocowane do podstawy ka\u017cdego Silent Mount. Podk\u0142adki filcowe zosta\u0142y specjalnie dobrane, aby zminimalizowa\u0107 wibracje mi\u0119dzy Silent Mount a pod\u0142og\u0105. Je\u015bli podstawki Silent u\u017cywane s\u0105 na pod\u0142odze wy\u0142o\u017conej wyk\u0142adzin\u0105, filcowe podk\u0142adki nie powinny by\u0107 montowane.<\/p>\n<p>Ka\u017cda podstawka tytanowa Silent Mount SMF5 gwarantuje ud\u017awig do 50 kg.<\/p>\n<p>Ka\u017cde opakowanie zawiera 4 podstawki Silent Mount.<\/p>\n","protected":false},"excerpt":{"rendered":"<p>Podstawki tytanowe 4 x 50 mm do lekkich stand\u00f3w i stolik\u00f3w. R\u0119cznie wykonane w Japonii<\/p>\n","protected":false},"featured_media":24702,"comment_status":"open","ping_status":"closed","template":"","meta":{"_acf_changed":false},"product_brand":[],"product_cat":[2324],"product_tag":[],"class_list":{"0":"post-15818","1":"product","2":"type-product","3":"status-publish","4":"has-post-thumbnail","6":"product_cat-akcesoria","8":"first","9":"instock","10":"shipping-taxable","11":"purchasable","12":"product-type-simple"},"acf":[],"_links":{"self":[{"href":"https:\/\/chord.co.uk\/pl\/wp-json\/wp\/v2\/product\/15818","targetHints":{"allow":["GET"]}}],"collection":[{"href":"https:\/\/chord.co.uk\/pl\/wp-json\/wp\/v2\/product"}],"about":[{"href":"https:\/\/chord.co.uk\/pl\/wp-json\/wp\/v2\/types\/product"}],"replies":[{"embeddable":true,"href":"https:\/\/chord.co.uk\/pl\/wp-json\/wp\/v2\/comments?post=15818"}],"wp:featuredmedia":[{"embeddable":true,"href":"https:\/\/chord.co.uk\/pl\/wp-json\/wp\/v2\/media\/24702"}],"wp:attachment":[{"href":"https:\/\/chord.co.uk\/pl\/wp-json\/wp\/v2\/media?parent=15818"}],"wp:term":[{"taxonomy":"product_brand","embeddable":true,"href":"https:\/\/chord.co.uk\/pl\/wp-json\/wp\/v2\/product_brand?post=15818"},{"taxonomy":"product_cat","embeddable":true,"href":"https:\/\/chord.co.uk\/pl\/wp-json\/wp\/v2\/product_cat?post=15818"},{"taxonomy":"product_tag","embeddable":true,"href":"https:\/\/chord.co.uk\/pl\/wp-json\/wp\/v2\/product_tag?post=15818"}],"curies":[{"name":"wp","href":"https:\/\/api.w.org\/{rel}","templated":true}]}}