{"id":15819,"date":"2017-01-11T10:46:05","date_gmt":"2017-01-11T10:46:05","guid":{"rendered":"https:\/\/chord.co.uk\/product\/silent-mount-sm7-stainless-steel-speaker-isolation-mounts-70mm\/"},"modified":"2019-09-19T11:13:26","modified_gmt":"2019-09-19T10:13:26","slug":"silent-mount-sm7-stainless-steel-speaker-isolation-mounts-70mm","status":"publish","type":"product","link":"https:\/\/chord.co.uk\/pl\/produkt\/silent-mount-sm7-stainless-steel-speaker-isolation-mounts-70mm\/","title":{"rendered":"Silent Mount SM7 &#8211; stalowe podk\u0142adki 70 mm"},"content":{"rendered":"<p>Podk\u0142adki antywibracyjne 4 x 70 mm ze stali nierdzewnej dla stolik\u00f3w\/stand\u00f3w. R\u0119cznie wykonane w Japonii.<\/p>\n<p>Silent Mount SM7 ze stali nierdzewnej s\u0105 przeznaczone do stosowania zar\u00f3wno z g\u0142o\u015bnikami wolnostoj\u0105cymi, jak i podstawkami. Nieznacznie wi\u0119ksze ni\u017c SM5 (\u015brednica 70 mm) i ci\u0119\u017csze, poradz\u0105 sobie ze znaczn\u0105 energi\u0105, kt\u00f3r\u0105 g\u0142o\u015bniki s\u0105 w stanie wygenerowa\u0107. U\u017cywamy SM7 ze wszystkimi g\u0142o\u015bnikami w naszym pokoju demonstracyjnym &#8211; w ka\u017cdym przypadku Silent Mount SM7 poprawiaj\u0105 definicj\u0119 i precyzj\u0119 d\u017awi\u0119ku. Na jego stosowaniu w szczeg\u00f3lno\u015bci zyskuj\u0105 instrumenty basowe. Ich barwa jest \u0142adniejsza, a wielko\u015b\u0107 lepiej definiowana. Tak naprawd\u0119 jednak poprawa jako\u015bci d\u017awi\u0119ku jest zauwa\u017calna w ca\u0142ym zakres cz\u0119stotliwo\u015bci. Muzyka brzmi sp\u00f3jniej i g\u0119\u015bciej, mocniej anga\u017cuj\u0105c s\u0142uchacza.<\/p>\n<p>Podobnie jak SM5, SM7 s\u0105 dostarczane wraz z zestawem filcowych podk\u0142adek, w tym przypadku nale\u017cy ich jednak u\u017cywa\u0107 tylko wtedy, gdy powierzchnia pod\u0142ogi jest bardzo g\u0142adka.<\/p>\n<p>Ka\u017cdy Silent Mount ze stali nierdzewnej SMF7 ma ud\u017awig do 50 kg.<\/p>\n<p>Ka\u017cde opakowanie zawiera 4 Silent Mount.<\/p>\n","protected":false},"excerpt":{"rendered":"<p>Podk\u0142adki antywibracyjne 4 x 70 mm ze stali nierdzewnej dla stolik\u00f3w\/stand\u00f3w. R\u0119cznie wykonane w Japonii.<\/p>\n","protected":false},"featured_media":25568,"comment_status":"open","ping_status":"closed","template":"","meta":{"_acf_changed":false},"product_brand":[],"product_cat":[2324],"product_tag":[],"class_list":{"0":"post-15819","1":"product","2":"type-product","3":"status-publish","4":"has-post-thumbnail","6":"product_cat-akcesoria","8":"first","9":"instock","10":"shipping-taxable","11":"purchasable","12":"product-type-simple"},"acf":[],"_links":{"self":[{"href":"https:\/\/chord.co.uk\/pl\/wp-json\/wp\/v2\/product\/15819","targetHints":{"allow":["GET"]}}],"collection":[{"href":"https:\/\/chord.co.uk\/pl\/wp-json\/wp\/v2\/product"}],"about":[{"href":"https:\/\/chord.co.uk\/pl\/wp-json\/wp\/v2\/types\/product"}],"replies":[{"embeddable":true,"href":"https:\/\/chord.co.uk\/pl\/wp-json\/wp\/v2\/comments?post=15819"}],"wp:featuredmedia":[{"embeddable":true,"href":"https:\/\/chord.co.uk\/pl\/wp-json\/wp\/v2\/media\/25568"}],"wp:attachment":[{"href":"https:\/\/chord.co.uk\/pl\/wp-json\/wp\/v2\/media?parent=15819"}],"wp:term":[{"taxonomy":"product_brand","embeddable":true,"href":"https:\/\/chord.co.uk\/pl\/wp-json\/wp\/v2\/product_brand?post=15819"},{"taxonomy":"product_cat","embeddable":true,"href":"https:\/\/chord.co.uk\/pl\/wp-json\/wp\/v2\/product_cat?post=15819"},{"taxonomy":"product_tag","embeddable":true,"href":"https:\/\/chord.co.uk\/pl\/wp-json\/wp\/v2\/product_tag?post=15819"}],"curies":[{"name":"wp","href":"https:\/\/api.w.org\/{rel}","templated":true}]}}