{"id":15820,"date":"2017-01-11T10:17:46","date_gmt":"2017-01-11T10:17:46","guid":{"rendered":"https:\/\/chord.co.uk\/product\/silent-mount-equipmentrack-feet-stainless-steel-50mm\/"},"modified":"2019-09-19T11:13:06","modified_gmt":"2019-09-19T10:13:06","slug":"silent-mount-equipmentrack-feet-stainless-steel-50mm","status":"publish","type":"product","link":"https:\/\/chord.co.uk\/pl\/produkt\/silent-mount-equipmentrack-feet-stainless-steel-50mm\/","title":{"rendered":"Silent Mount SM5 &#8211; stalowe podstawki 50 mm pod stoliki\/standy"},"content":{"rendered":"<p>Podk\u0142adki antywibracyjne 4 x 50 mm ze stali nierdzewnej dla stolik\u00f3w\/stand\u00f3w. R\u0119cznie wykonane w Japonii.<\/p>\n<p>\u201eNie tylko poprawi\u0142y one ka\u017cdy element d\u017awi\u0119ku, ale tak\u017ce znacznie u\u0142atwi\u0142y prawid\u0142owe wypoziomowanie moich g\u0142o\u015bnik\u00f3w i to jeszcze bardziej poprawi\u0142o brzmienie systemu.\u201d<\/p>\n<p>Istnieje wiele powod\u00f3w, dla kt\u00f3rych warto u\u017cywa\u0107 podk\u0142adek antywibracyjnych Silent Mount. Przede wszystkim od razu uderza poprawa jako\u015bci d\u017awi\u0119ku. U\u017cyli\u015bmy ich r\u00f3wnie\u017c pod g\u0142o\u015bnikami pod\u0142ogowymi, pod podstawami g\u0142o\u015bnikowymi i pod stolikami. W ka\u017cdym przypadku poprawa brzmienia by\u0142a oczywista i sp\u00f3jna. Lepsza definicja, wi\u0119cej szczeg\u00f3\u0142\u00f3w i lepsze poczucie rytmu. Uwa\u017camy r\u00f3wnie\u017c, \u017ce poprawia si\u0119 tak\u017ce obraz d\u017awi\u0119kowy i g\u0142\u0119bia sceny.<\/p>\n<p>Silent Mount SM5 ze stali nierdzewnej zosta\u0142y zaprojektowane tak, aby poprawi\u0107 kontakt mi\u0119dzy kolcami zamontowanymi w stolikach\/kolumnach a pod\u0142og\u0105. Warto wiedzie\u0107, \u017ce nacisk, jaki na pod\u0142og\u0119 wywiera kolec, jest niezwykle wysoki. Silent Mount SM5 znacz\u0105co u\u0142atwi stabilizacj\u0119 stolika\/podstawek i poprawi transfer energii.<\/p>\n<p>Wszystkie podk\u0142adki antywibracyjne Silent Mount s\u0105 dostarczane z zestawem samoprzylepnych, cienkich podk\u0142adek filcowych. Je\u015bli stolik stoi na innym pod\u0142o\u017cu ni\u017c na wyk\u0142adzinie, do podstawy ka\u017cdego Silent Mount powinny by\u0107 przymocowane filcowe podk\u0142adki. Podk\u0142adki filcowe (w zestawie) zosta\u0142y specjalnie dobrane tak, aby zminimalizowa\u0107 wibracje mi\u0119dzy Silent Mount a pod\u0142og\u0105. Je\u015bli Silent Mount k\u0142adziemy na pod\u0142odze wy\u0142o\u017conej wyk\u0142adzin\u0105, podk\u0142adki filcowe nie powinny by\u0107 montowane.<\/p>\n<p>Ka\u017cdy Silent Mount ze stali nierdzewnej SM5 ma ud\u017awig do 50 kg.<\/p>\n<p>Ka\u017cde opakowanie zawiera 4 Silent Mount.<\/p>\n","protected":false},"excerpt":{"rendered":"<p>Podk\u0142adki antywibracyjne 4 x 50 mm ze stali nierdzewnej dla stolik\u00f3w\/stand\u00f3w. R\u0119cznie wykonane w Japonii.<\/p>\n","protected":false},"featured_media":25576,"comment_status":"open","ping_status":"closed","template":"","meta":{"_acf_changed":false},"product_brand":[],"product_cat":[2324],"product_tag":[],"class_list":{"0":"post-15820","1":"product","2":"type-product","3":"status-publish","4":"has-post-thumbnail","6":"product_cat-akcesoria","8":"first","9":"instock","10":"shipping-taxable","11":"purchasable","12":"product-type-simple"},"acf":[],"_links":{"self":[{"href":"https:\/\/chord.co.uk\/pl\/wp-json\/wp\/v2\/product\/15820","targetHints":{"allow":["GET"]}}],"collection":[{"href":"https:\/\/chord.co.uk\/pl\/wp-json\/wp\/v2\/product"}],"about":[{"href":"https:\/\/chord.co.uk\/pl\/wp-json\/wp\/v2\/types\/product"}],"replies":[{"embeddable":true,"href":"https:\/\/chord.co.uk\/pl\/wp-json\/wp\/v2\/comments?post=15820"}],"wp:featuredmedia":[{"embeddable":true,"href":"https:\/\/chord.co.uk\/pl\/wp-json\/wp\/v2\/media\/25576"}],"wp:attachment":[{"href":"https:\/\/chord.co.uk\/pl\/wp-json\/wp\/v2\/media?parent=15820"}],"wp:term":[{"taxonomy":"product_brand","embeddable":true,"href":"https:\/\/chord.co.uk\/pl\/wp-json\/wp\/v2\/product_brand?post=15820"},{"taxonomy":"product_cat","embeddable":true,"href":"https:\/\/chord.co.uk\/pl\/wp-json\/wp\/v2\/product_cat?post=15820"},{"taxonomy":"product_tag","embeddable":true,"href":"https:\/\/chord.co.uk\/pl\/wp-json\/wp\/v2\/product_tag?post=15820"}],"curies":[{"name":"wp","href":"https:\/\/api.w.org\/{rel}","templated":true}]}}