{"id":15821,"date":"2017-01-10T13:53:42","date_gmt":"2017-01-10T13:53:42","guid":{"rendered":"https:\/\/chord.co.uk\/product\/power-chord-power-cable\/"},"modified":"2020-01-21T10:42:19","modified_gmt":"2020-01-21T10:42:19","slug":"power-chord-power-cable","status":"publish","type":"product","link":"https:\/\/chord.co.uk\/pl\/produkt\/power-chord-power-cable\/","title":{"rendered":"Shawline Power Chord &#8211; kabel zasilaj\u0105cy"},"content":{"rendered":"<p>Kabel zasilaj\u0105cy wysokiej klasy &#8211; zaprojektowany, r\u0119cznie zbudowany i poddany rygorystycznym testom w Wielkiej Brytanii. Zaktualizowana i przerobiona wersja poprzedniego modelu Power Chord, teraz z ulepszona, z grubszym przewodnikiem i przeprojektowanym ekranem z drutu o wi\u0119kszej grubo\u015bci. Nale\u017cy on do powszechnie uznanej i obszernej oferty analogowych i cyfrowych interkonekt\u00f3w, kabli s\u0142uchawek i g\u0142o\u015bnik\u00f3w Shawline.<\/p>\n<p><strong>Monta\u017c i zastosowanie:<\/strong><\/p>\n<p>Kabel zasilaj\u0105cy firmy Chord Company przeznaczony jest do u\u017cytku wy\u0142\u0105cznie z elementami hi-fi i audio-wideo. Zosta\u0142 zaprojektowany w celu poprawy d\u017awi\u0119ku i obrazu komponent\u00f3w audio i wideo. Unikalny system ekranowania oznacza, \u017ce \u200b\u200bmo\u017ce r\u00f3wnie\u017c poprawi\u0107 jako\u015b\u0107 obrazu, gdy jest u\u017cywany z projektorami i ekranami.<\/p>\n<p><strong>Specyfikacja techniczna:<\/strong><\/p>\n<p>Przewodniki &#8211; wielo\u017cy\u0142owa mied\u017a o wysokiej czysto\u015bci<\/p>\n<p>Izolacja wewn\u0119trzna i zewn\u0119trzna z PVC o wysokim wsp\u00f3\u0142czynniku t\u0142umienia mechanicznego.<\/p>\n<p>Ekranowanie &#8211; dwuwarstwowy oplot i folia chroni\u0105ca przed zak\u0142\u00f3ceniami o wysokiej cz\u0119stotliwo\u015bci.<\/p>\n<p>T\u0142umi\u0105cy wibracje zewn\u0119trzny p\u0142aszcz o wysokiej g\u0119sto\u015bci<\/p>\n<p>Wyposa\u017cony w wysokiej jako\u015bci wtyki IEC 10 lub 16 A. Standardowe d\u0142ugo\u015bci: 1 m, 1,5 m i 2 m. Niestandardowe d\u0142ugo\u015bci i zako\u0144czenia (w tym wtyczki sieciowe Euro\/Schuko, Australia, USA) s\u0105 dost\u0119pne na zam\u00f3wienie.<\/p>\n<p><strong>Kody EAN:<\/strong><\/p>\n<p>1 m: 5060271590353<\/p>\n<p>1,5 m: 5060271590360<\/p>\n<p>2 m: 5060271590377<\/p>\n","protected":false},"excerpt":{"rendered":"<p>Kabel zasilaj\u0105cy wysokiej klasy &#8211; zaprojektowany, r\u0119cznie zbudowany i poddany rygorystycznym testom w Wielkiej Brytanii. Zaktualizowana i przerobiona wersja poprzedniego modelu Power Chord, teraz z ulepszonym, grubszym przewodnikiem i przeprojektowanym ekranem z plecionki o wi\u0119kszej grubo\u015bci.<\/p>\n","protected":false},"featured_media":17941,"comment_status":"open","ping_status":"closed","template":"","meta":{"_acf_changed":false},"product_brand":[],"product_cat":[2335,2323,2343],"product_tag":[],"class_list":{"0":"post-15821","1":"product","2":"type-product","3":"status-publish","4":"has-post-thumbnail","6":"product_cat-kable-zasilajace","7":"product_cat-koncowki","8":"product_cat-shawline-pl","10":"first","11":"instock","12":"shipping-taxable","13":"purchasable","14":"product-type-simple"},"acf":[],"_links":{"self":[{"href":"https:\/\/chord.co.uk\/pl\/wp-json\/wp\/v2\/product\/15821","targetHints":{"allow":["GET"]}}],"collection":[{"href":"https:\/\/chord.co.uk\/pl\/wp-json\/wp\/v2\/product"}],"about":[{"href":"https:\/\/chord.co.uk\/pl\/wp-json\/wp\/v2\/types\/product"}],"replies":[{"embeddable":true,"href":"https:\/\/chord.co.uk\/pl\/wp-json\/wp\/v2\/comments?post=15821"}],"wp:featuredmedia":[{"embeddable":true,"href":"https:\/\/chord.co.uk\/pl\/wp-json\/wp\/v2\/media\/17941"}],"wp:attachment":[{"href":"https:\/\/chord.co.uk\/pl\/wp-json\/wp\/v2\/media?parent=15821"}],"wp:term":[{"taxonomy":"product_brand","embeddable":true,"href":"https:\/\/chord.co.uk\/pl\/wp-json\/wp\/v2\/product_brand?post=15821"},{"taxonomy":"product_cat","embeddable":true,"href":"https:\/\/chord.co.uk\/pl\/wp-json\/wp\/v2\/product_cat?post=15821"},{"taxonomy":"product_tag","embeddable":true,"href":"https:\/\/chord.co.uk\/pl\/wp-json\/wp\/v2\/product_tag?post=15821"}],"curies":[{"name":"wp","href":"https:\/\/api.w.org\/{rel}","templated":true}]}}