{"id":15822,"date":"2017-01-10T13:25:52","date_gmt":"2017-01-10T13:25:52","guid":{"rendered":"https:\/\/chord.co.uk\/product\/odyssey-speaker-cable\/"},"modified":"2019-09-19T11:29:23","modified_gmt":"2019-09-19T10:29:23","slug":"odyssey-speaker-cable","status":"publish","type":"product","link":"https:\/\/chord.co.uk\/pl\/produkt\/odyssey-speaker-cable\/","title":{"rendered":"Odyssey X &#8211; kabel g\u0142o\u015bnikowy"},"content":{"rendered":"<p>Chord Odyssey X korzysta z tych samych materia\u0142\u00f3w, co Rumor X. Przewodniki Odyssey o wi\u0119kszej \u015brednicy wnosz\u0105 do systemu o wiele wi\u0119cej szczeg\u00f3\u0142\u00f3w i wy\u017csz\u0105 dynamik\u0119, poprawiaj\u0105 tak\u017ce stopie\u0144 kontroli i definicj\u0119, kt\u00f3re mog\u0105 zmieni\u0107 jako\u015b\u0107 g\u0142o\u015bnik\u00f3w pod\u0142ogowych i podstawkowych. Odyssey zosta\u0142 po raz pierwszy zaprezentowany w 1998 roku i wyznaczy\u0142 w\u00f3wczas nowy standard. Neutralno\u015b\u0107, kompatybilno\u015b\u0107 i sp\u00f3jno\u015b\u0107 dzia\u0142ania w r\u00f3\u017cnych systemach sprawi\u0142y, \u017ce bardzo szybko sta\u0142 si\u0119 naszym najpopularniejszym kablem g\u0142o\u015bnikowym.<\/p>\n<p>Magazyn \u201eHi-Fi News\u201d tak bardzo lubi\u0142 Chord Odyssey, ze wzgl\u0119du na jego jako\u015b\u0107 i cen\u0119, \u017ce wyr\u00f3\u017cni\u0142 go nagrod\u0105 w kategorii \u201eNajlepszy kabel g\u0142o\u015bnikowy\u201d przez pi\u0119\u0107 lat z rz\u0119du.<\/p>\n<p>Z biegiem lat zmiany by\u0142y wy\u0142\u0105cznie kosmetyczne. Obecna wersja ma bia\u0142y p\u0142aszcz zewn\u0119trzny z PCV o \u015brednicy 8 mm, wci\u0105\u017c dyskretny, je\u015bli chodzi o kabel g\u0142o\u015bnikowy, i wci\u0105\u017c wystarczaj\u0105co dobry, aby pozwoli\u0107 nawet najwi\u0119kszemu z system\u00f3w zagra\u0107 tak, jak powinien.<\/p>\n<p>Poprzednie wersje kabli g\u0142o\u015bnikowych Odyssey korzysta\u0142y z izolacji PTFE (cz\u0119sto nazywanej Teflonem) i do czasu pojawienia si\u0119 Taylonu by\u0142 to nasz materia\u0142 \u201epierwszego wyboru\u201d. Cho\u0107 drogi, PTFE oferowa\u0142 najlepsz\u0105 jako\u015b\u0107 d\u017awi\u0119ku.<\/p>\n<p>Technologia materia\u0142owa stale si\u0119 rozwija i ulepsza, a obecnie dost\u0119pne s\u0105 inne materia\u0142y ni\u017c PTFE. Podczas gdy wysoki koszt Taylonu uniemo\u017cliwia nam stosowanie go we wszystkich naszych seriach, zwr\u00f3cili\u015bmy uwag\u0119 na inny izolator &#8211; XLPE (usieciowany polietylen). Jedna konkretna wersja tego materia\u0142u okaza\u0142a si\u0119 wyra\u017anie lepsza ni\u017c PTFE, dzi\u0119ki czemu narodzi\u0142 si\u0119 Odyssey X.<\/p>\n<p>Przewodniki zastosowane w Odyssey X znajdziemy r\u00f3wnie\u017c w kablach g\u0142o\u015bnikowych Chord Epic i Epic XL.<\/p>\n<p>Je\u015bli zastanawiasz si\u0119 nad Odyssey X, powiniene\u015b tak\u017ce pos\u0142ucha\u0107 Chord Shawline X o podobnej cenie.<\/p>\n","protected":false},"excerpt":{"rendered":"<p>Grubsza wersja kabla Chord Rumor, Odyssey X, wnsi do systemu niezwyk\u0142\u0105 neutralno\u015b\u0107, podnosi dynamik\u0119 i zapewnia rzeczywist\u0105 kontrol\u0119 nad praktycznie ka\u017cd\u0105 par\u0105 g\u0142o\u015bnik\u00f3w &#8211; \u00a0szczeg\u00f3lnie pod\u0142ogowych!<\/p>\n","protected":false},"featured_media":16836,"comment_status":"open","ping_status":"closed","template":"","meta":{"_acf_changed":false},"product_brand":[],"product_cat":[2336,2323],"product_tag":[3323,2347,3374],"class_list":{"0":"post-15822","1":"product","2":"type-product","3":"status-publish","4":"has-post-thumbnail","6":"product_cat-kable-glosnikowe","7":"product_cat-koncowki","8":"product_tag-audio-pl","9":"product_tag-chord-company-pl","10":"product_tag-hi-fi-pl","12":"first","13":"instock","14":"shipping-taxable","15":"purchasable","16":"product-type-simple"},"acf":[],"_links":{"self":[{"href":"https:\/\/chord.co.uk\/pl\/wp-json\/wp\/v2\/product\/15822","targetHints":{"allow":["GET"]}}],"collection":[{"href":"https:\/\/chord.co.uk\/pl\/wp-json\/wp\/v2\/product"}],"about":[{"href":"https:\/\/chord.co.uk\/pl\/wp-json\/wp\/v2\/types\/product"}],"replies":[{"embeddable":true,"href":"https:\/\/chord.co.uk\/pl\/wp-json\/wp\/v2\/comments?post=15822"}],"wp:featuredmedia":[{"embeddable":true,"href":"https:\/\/chord.co.uk\/pl\/wp-json\/wp\/v2\/media\/16836"}],"wp:attachment":[{"href":"https:\/\/chord.co.uk\/pl\/wp-json\/wp\/v2\/media?parent=15822"}],"wp:term":[{"taxonomy":"product_brand","embeddable":true,"href":"https:\/\/chord.co.uk\/pl\/wp-json\/wp\/v2\/product_brand?post=15822"},{"taxonomy":"product_cat","embeddable":true,"href":"https:\/\/chord.co.uk\/pl\/wp-json\/wp\/v2\/product_cat?post=15822"},{"taxonomy":"product_tag","embeddable":true,"href":"https:\/\/chord.co.uk\/pl\/wp-json\/wp\/v2\/product_tag?post=15822"}],"curies":[{"name":"wp","href":"https:\/\/api.w.org\/{rel}","templated":true}]}}