{"id":15823,"date":"2017-01-10T13:12:13","date_gmt":"2017-01-10T13:12:13","guid":{"rendered":"https:\/\/chord.co.uk\/product\/rumour-speaker-cable\/"},"modified":"2019-10-24T08:38:23","modified_gmt":"2019-10-24T07:38:23","slug":"rumour-speaker-cable","status":"publish","type":"product","link":"https:\/\/chord.co.uk\/pl\/produkt\/rumour-speaker-cable\/","title":{"rendered":"Rumour X &#8211; kabel g\u0142o\u015bnikowy"},"content":{"rendered":"<p>Najlepszy wyb\u00f3r dla ka\u017cdej wysokiej jako\u015bci instalacji audio-wideo. Wyj\u0105tkowa technologia w dyskretnej formie. Wypr\u00f3bowane, przetestowane i zalecane przez producent\u00f3w audio, instalator\u00f3w system\u00f3w typu \u201ecustom\u201d i meloman\u00f3w.<\/p>\n<p>Chord Rumor by\u0142 naszym drugim podej\u015bciem do kabla g\u0142o\u015bnikowego. Pierwszymi produktami by\u0142y modele Myth oraz Legend &#8211; p\u0142askie kable z miedzi z polietylenowym dielektrykiem, w klasycznej konfiguracji i w wersji bi-wiring. Badali\u015bmy kable g\u0142o\u015bnikowe, w kt\u00f3rych zastosowali\u015bmy posrebrzane przewodniki w po\u0142\u0105czeniu z izolacj\u0105 PTFE. Eksperymentowali\u015bmy z konfiguracjami skr\u0119tek, poniewa\u017c w tym czasie r\u00f3wnolegle ustawione przewody o du\u017cej \u015brednicy by\u0142y standardem dla kabli g\u0142o\u015bnikowych. Skr\u0119caj\u0105c ze sob\u0105 przewodniki, mogli\u015bmy us\u0142ysze\u0107, jak obni\u017ca si\u0119 poziom szum\u00f3w w systemie. Kiedy osi\u0105gn\u0119li\u015bmy idealny wsp\u00f3\u0142czynnik skr\u0119tu, byli\u015bmy gotowi do tego projektu.<\/p>\n<p>Kiedy w 1996 roku wprowadzili\u015bmy na rynek model Chord Rumor, by\u0142 to jeden z najmniej rzucaj\u0105cych si\u0119 w oczy kabli g\u0142o\u015bnikowych. Sprzedawcy zabierali go do swoich pokoj\u00f3w demonstracyjnych, patrz\u0105c na niego podejrzliwie, a wychodzili z nich zaskoczeni i zachwyceni. Brzmia\u0142 o wiele lepiej ni\u017c wygl\u0105da\u0142, \u015bwietnie oddaj\u0105c szczeg\u00f3\u0142y i dynamik\u0119. By\u0142 te\u017c bardziej sp\u00f3jny ni\u017c jakikolwiek inny kabel w tym zakresie cenowym. Gdy ludzie przyzwyczaili si\u0119 do jego rozmiar\u00f3w i s\u0142uchali, a nie patrzyli, sta\u0142 si\u0119 bardzo popularnym wyborem. Opr\u00f3cz zmian kosmetycznych jego konstrukcja pozostawa\u0142a niezmieniona przez wiele lat.<\/p>\n<p>Jego \u015brednica, kolor dielektryka i jako\u015b\u0107 d\u017awi\u0119ku powoduj\u0105, \u017ce wci\u0105\u017c jest bardzo popularnym kablem. Ekranowany kabel g\u0142o\u015bnikowy Chord Shawline korzysta z tych samych przewodnik\u00f3w.<\/p>\n<p>Poprzednie wersje modelu Rumor korzysta\u0142y z izolacji PTFE (znan\u0105 r\u00f3wnie\u017c pod nazw\u0105 Teflon) i do czasu pojawienia si\u0119 Taylonu by\u0142 to materia\u0142, z kt\u00f3rego cz\u0119sto korzystali\u015bmy. Cho\u0107 drogi, PTFE oferowa\u0142 najlepszy stosunek jako\u015bci do ceny.<\/p>\n<p>Tyle tylko, \u017ce technologia materia\u0142owa stale si\u0119 rozwija, a obecnie dost\u0119pne s\u0105 ciekawe zamienniki dla PTFE. Poniewa\u017c wysoki koszt wytworzenia Taylonu uniemo\u017cliwia nam stosowanie go we wszystkich naszych seriach, uda\u0142o nam si\u0119 znale\u017a\u0107 odpowiedni\u0105 rodzin\u0119 materia\u0142\u00f3w izolacyjnych, kt\u00f3re mog\u0105 go zast\u0105pi\u0107, znanych jako XLPE (usieciowany polietylen). Jedna z wersji tego materia\u0142u wygl\u0105da\u0142a szczeg\u00f3lnie interesuj\u0105co i po testach ods\u0142uchowych okaza\u0142a si\u0119 wyra\u017anie lepsza ni\u017c PTFE. Dlatego zastosowali\u015bmy j\u0105 w nowym kablu g\u0142o\u015bnikowym Rumor, obecnie znanym jako Rumor X.<\/p>\n","protected":false},"excerpt":{"rendered":"<p>Kabel ten jest cz\u0119\u015bci\u0105 naszej oferty od ponad dwudziestu lat. Rumor X to neutralny, naturalny kabel g\u0142o\u015bnikowy o dyskretnym wygl\u0105dzie &#8211; idealny do wielu zastosowa\u0144. Wystarczaj\u0105co dobry, aby znale\u017a\u0107 miejsce w ka\u017cdym systemie, od lifestyle po naprawd\u0119 wysokiej klasy hi-fi.<\/p>\n","protected":false},"featured_media":16831,"comment_status":"open","ping_status":"closed","template":"","meta":{"_acf_changed":false},"product_brand":[],"product_cat":[2336,2323],"product_tag":[2347],"class_list":{"0":"post-15823","1":"product","2":"type-product","3":"status-publish","4":"has-post-thumbnail","6":"product_cat-kable-glosnikowe","7":"product_cat-koncowki","8":"product_tag-chord-company-pl","10":"first","11":"instock","12":"shipping-taxable","13":"purchasable","14":"product-type-simple"},"acf":[],"_links":{"self":[{"href":"https:\/\/chord.co.uk\/pl\/wp-json\/wp\/v2\/product\/15823","targetHints":{"allow":["GET"]}}],"collection":[{"href":"https:\/\/chord.co.uk\/pl\/wp-json\/wp\/v2\/product"}],"about":[{"href":"https:\/\/chord.co.uk\/pl\/wp-json\/wp\/v2\/types\/product"}],"replies":[{"embeddable":true,"href":"https:\/\/chord.co.uk\/pl\/wp-json\/wp\/v2\/comments?post=15823"}],"wp:featuredmedia":[{"embeddable":true,"href":"https:\/\/chord.co.uk\/pl\/wp-json\/wp\/v2\/media\/16831"}],"wp:attachment":[{"href":"https:\/\/chord.co.uk\/pl\/wp-json\/wp\/v2\/media?parent=15823"}],"wp:term":[{"taxonomy":"product_brand","embeddable":true,"href":"https:\/\/chord.co.uk\/pl\/wp-json\/wp\/v2\/product_brand?post=15823"},{"taxonomy":"product_cat","embeddable":true,"href":"https:\/\/chord.co.uk\/pl\/wp-json\/wp\/v2\/product_cat?post=15823"},{"taxonomy":"product_tag","embeddable":true,"href":"https:\/\/chord.co.uk\/pl\/wp-json\/wp\/v2\/product_tag?post=15823"}],"curies":[{"name":"wp","href":"https:\/\/api.w.org\/{rel}","templated":true}]}}