{"id":15824,"date":"2017-01-10T13:02:51","date_gmt":"2017-01-10T13:02:51","guid":{"rendered":"https:\/\/chord.co.uk\/product\/leyline-speaker-cable-ls0h\/"},"modified":"2019-10-01T14:00:09","modified_gmt":"2019-10-01T13:00:09","slug":"leyline-speaker-cable-ls0h","status":"publish","type":"product","link":"https:\/\/chord.co.uk\/pl\/produkt\/leyline-speaker-cable-ls0h\/","title":{"rendered":"Leyline &#8211; kabel g\u0142o\u015bnikowy (LS0H)"},"content":{"rendered":"<p>Kabel g\u0142o\u015bnikowy Chord Leyline powsta\u0142 podczas pierwszej fali popularno\u015bci domowych system\u00f3w typu \u201ecustom\u201d. Wzmacniacze przeznaczone do wszystkich pomieszcze\u0144 by\u0142y cz\u0119sto montowane w jednym miejscu. Oznacza\u0142o to d\u0142ugie (a czasem bardzo d\u0142ugie) biegi kabla g\u0142o\u015bnikowego. Oznacza\u0142o to r\u00f3wnie\u017c, \u017ce kabel musia\u0142 by\u0107 dyskretny i niedrogi. By\u0142o ju\u017c wiele tanich kabli, ale o s\u0142abym d\u017awi\u0119ku, musieli\u015bmy wi\u0119c opracowa\u0107 co\u015b lepszego. Ograniczenia dotycz\u0105ce rozmiaru oznacza\u0142y u\u017cycie przewod\u00f3w o ma\u0142ej \u015brednicy (16 AWG). D\u0142ugie przebiegi oznacza\u0142y u\u017cycie skr\u0119tki &#8211; co nam odpowiada\u0142o, poniewa\u017c i tak u\u017cywamy tej geometrii do produkcji kabli g\u0142o\u015bnikowych. Koszt wykluczy\u0142 posrebrzanie miedzi i zastosowanie PTFE, wi\u0119c po d\u0142ugich przemy\u015bleniach zdecydowali\u015bmy si\u0119 na beztlenowe przewodniki miedziane i izolacj\u0119 polietylenow\u0105 o niskiej g\u0119sto\u015bci.<\/p>\n<p>Problem pojawi\u0142 si\u0119 w przypadku d\u0142u\u017cszych przebieg\u00f3w i polega\u0142 na utracie cz\u0119\u015bci wysokich cz\u0119stotliwo\u015bci,, w tym przestrzeni i sp\u00f3jno\u015bci. Rozwi\u0105zali\u015bmy ten problem poprzez cynowanie przewod\u00f3w. Ostateczna wersja Leyline zbudowana jest z cynowanych przewodnik\u00f3w z miedzi beztlenowej w izolacji HDPE o niskiej g\u0119sto\u015bci, w konfiguracji skr\u0119tki w p\u0142aszczu ochronnym LS0H (niskodymny, bez halogenu). Oznacza to, \u017ce \u200b\u200bLeyline mo\u017cna stosowa\u0107 w budynkach u\u017cyteczno\u015bci publicznej.<\/p>\n<p>Leyline to tak\u017ce \u015bwietny wyb\u00f3r dla g\u0142o\u015bnik\u00f3w tylnych w wi\u0119kszych systemach A\/V. Mo\u017cna go u\u017cywa\u0107 z praktycznie ka\u017cdym kablem, kt\u00f3ry wybierzesz dla przednich g\u0142o\u015bnik\u00f3w, bez utraty og\u00f3lnego balansu.<\/p>\n","protected":false},"excerpt":{"rendered":"<p>Wysokiej klasy kabel g\u0142o\u015bnikowy zaprojektowany do zastosowania w r\u00f3\u017cnych pomieszczeniach. Leyline jest r\u00f3wnie\u017c idealnym wyborem dla g\u0142o\u015bnik\u00f3w tylnych i surround w zestawach kina domowego, systemach audio wymagaj\u0105cych d\u0142ugich, ekonomicznych kabli i niemal w ka\u017cdej sytuacji, w kt\u00f3rej potrzebny jest niedrogi, \u0142atwy w monta\u017cu kabel g\u0142o\u015bnikowy.<\/p>\n","protected":false},"featured_media":22068,"comment_status":"open","ping_status":"closed","template":"","meta":{"_acf_changed":false},"product_brand":[],"product_cat":[2336,2323],"product_tag":[],"class_list":{"0":"post-15824","1":"product","2":"type-product","3":"status-publish","4":"has-post-thumbnail","6":"product_cat-kable-glosnikowe","7":"product_cat-koncowki","9":"first","10":"instock","11":"shipping-taxable","12":"purchasable","13":"product-type-simple"},"acf":[],"_links":{"self":[{"href":"https:\/\/chord.co.uk\/pl\/wp-json\/wp\/v2\/product\/15824","targetHints":{"allow":["GET"]}}],"collection":[{"href":"https:\/\/chord.co.uk\/pl\/wp-json\/wp\/v2\/product"}],"about":[{"href":"https:\/\/chord.co.uk\/pl\/wp-json\/wp\/v2\/types\/product"}],"replies":[{"embeddable":true,"href":"https:\/\/chord.co.uk\/pl\/wp-json\/wp\/v2\/comments?post=15824"}],"wp:featuredmedia":[{"embeddable":true,"href":"https:\/\/chord.co.uk\/pl\/wp-json\/wp\/v2\/media\/22068"}],"wp:attachment":[{"href":"https:\/\/chord.co.uk\/pl\/wp-json\/wp\/v2\/media?parent=15824"}],"wp:term":[{"taxonomy":"product_brand","embeddable":true,"href":"https:\/\/chord.co.uk\/pl\/wp-json\/wp\/v2\/product_brand?post=15824"},{"taxonomy":"product_cat","embeddable":true,"href":"https:\/\/chord.co.uk\/pl\/wp-json\/wp\/v2\/product_cat?post=15824"},{"taxonomy":"product_tag","embeddable":true,"href":"https:\/\/chord.co.uk\/pl\/wp-json\/wp\/v2\/product_tag?post=15824"}],"curies":[{"name":"wp","href":"https:\/\/api.w.org\/{rel}","templated":true}]}}