{"id":15825,"date":"2017-01-10T12:13:53","date_gmt":"2017-01-10T12:13:53","guid":{"rendered":"https:\/\/chord.co.uk\/product\/sarsen-speaker-cable\/"},"modified":"2019-10-01T14:08:31","modified_gmt":"2019-10-01T13:08:31","slug":"sarsen-speaker-cable","status":"publish","type":"product","link":"https:\/\/chord.co.uk\/pl\/produkt\/sarsen-speaker-cable\/","title":{"rendered":"Sarsen &#8211; kabel g\u0142o\u015bnikowy"},"content":{"rendered":"<p>\u201eDlaczego nie mo\u017cecie wreszcie zrobi\u0107 porz\u0105dnego kabla g\u0142o\u015bnikowego?\u201d &#8211; zapyta\u0142 zirytowany sprzedawca. Odpowiedzieli\u015bmy, \u017ce mamy taki kabel \u2013 nazywa si\u0119 Chord Rumor, jest bia\u0142y, ma tylko 6 mm \u015brednicy i jest wyj\u0105tkowo elastyczny. Okaza\u0142o si\u0119, \u017ce kabel by\u0142 zbyt gruby. Wiedzieli\u015bmy, \u017ce kable o mniejszej \u015brednicy s\u0105 dost\u0119pne, ale nie po\u015bwi\u0119cili\u015bmy im du\u017co uwagi z tego powodu, \u017ce nic, co s\u0142yszeli\u015bmy w tym rozmiarze, nie by\u0142o zbyt dobre. Stworzenie lepszego kabla by\u0142o wi\u0119c ciekawym wyzwaniem.<\/p>\n<p>Kable g\u0142o\u015bnikowe musz\u0105 przenosi\u0107 jak najwi\u0119cej informacji i, co najwa\u017cniejsze, musz\u0105 przenosi\u0107 informacje o dynamice \u2013 szczeg\u00f3lnie mikrodynamiczne szczeg\u00f3\u0142y, kt\u00f3re okre\u015blaj\u0105 rytm i struktur\u0119 utworu muzycznego. Bez nich wszystko zabrzmi zwyczajnie i statycznie.<\/p>\n<p>Sarsen ma bia\u0142y p\u0142aszcz z PVC, izolowane beztlenowo przewody miedziane z dielektrykiem FEP, w konfiguracji skr\u0119tki, jest \u0142atwy w uk\u0142adaniu, bardzo elastyczny i ma ca\u0142kowit\u0105 \u015brednic\u0119 zaledwie 3,2 mm! Jest dyskretny, niemal niewidoczny. Mo\u017cna go schowa\u0107 mi\u0119dzy dywanem a listw\u0105 przypod\u0142ogow\u0105.<\/p>\n<p>Pomimo swojej \u015brednicy Sarsen jest wyj\u0105tkowym kablem g\u0142o\u015bnikowym. Przenosi sygna\u0142 muzyczny z wyj\u0105tkow\u0105 \u017cywio\u0142owo\u015bci\u0105 i dynamik\u0105. Jest przy tym wystarczaj\u0105co dyskretny, aby ci, kt\u00f3rzy nienawidz\u0105 kabli g\u0142o\u015bnikowych mogli go bez problemu zaakceptowa\u0107.<\/p>\n","protected":false},"excerpt":{"rendered":"<p>Potrzebujesz prawie niewidocznego kabla g\u0142o\u015bnikowego, kt\u00f3ry nie psuje d\u017awi\u0119ku porz\u0105dnego systemu hi-fi? Sarsen jest niemal niewidoczny i wystarczaj\u0105co elastyczny, aby zmie\u015bci\u0107 si\u0119 mi\u0119dzy dywanem a listw\u0105 przypod\u0142ogow\u0105. Jest idealnym wyborem dla mi\u0142o\u015bnik\u00f3w muzyki, kt\u00f3rzy uwa\u017caj\u0105, \u017ce kabel g\u0142o\u015bnikowy powinien by\u0107 \u201es\u0142yszalny\u201d, a nie \u201ewidoczny\u201d!<\/p>\n","protected":false},"featured_media":16844,"comment_status":"open","ping_status":"closed","template":"","meta":{"_acf_changed":false},"product_brand":[],"product_cat":[2336,2323],"product_tag":[],"class_list":{"0":"post-15825","1":"product","2":"type-product","3":"status-publish","4":"has-post-thumbnail","6":"product_cat-kable-glosnikowe","7":"product_cat-koncowki","9":"first","10":"instock","11":"shipping-taxable","12":"purchasable","13":"product-type-simple"},"acf":[],"_links":{"self":[{"href":"https:\/\/chord.co.uk\/pl\/wp-json\/wp\/v2\/product\/15825","targetHints":{"allow":["GET"]}}],"collection":[{"href":"https:\/\/chord.co.uk\/pl\/wp-json\/wp\/v2\/product"}],"about":[{"href":"https:\/\/chord.co.uk\/pl\/wp-json\/wp\/v2\/types\/product"}],"replies":[{"embeddable":true,"href":"https:\/\/chord.co.uk\/pl\/wp-json\/wp\/v2\/comments?post=15825"}],"wp:featuredmedia":[{"embeddable":true,"href":"https:\/\/chord.co.uk\/pl\/wp-json\/wp\/v2\/media\/16844"}],"wp:attachment":[{"href":"https:\/\/chord.co.uk\/pl\/wp-json\/wp\/v2\/media?parent=15825"}],"wp:term":[{"taxonomy":"product_brand","embeddable":true,"href":"https:\/\/chord.co.uk\/pl\/wp-json\/wp\/v2\/product_brand?post=15825"},{"taxonomy":"product_cat","embeddable":true,"href":"https:\/\/chord.co.uk\/pl\/wp-json\/wp\/v2\/product_cat?post=15825"},{"taxonomy":"product_tag","embeddable":true,"href":"https:\/\/chord.co.uk\/pl\/wp-json\/wp\/v2\/product_tag?post=15825"}],"curies":[{"name":"wp","href":"https:\/\/api.w.org\/{rel}","templated":true}]}}