{"id":15826,"date":"2017-01-10T11:25:19","date_gmt":"2017-01-10T11:25:19","guid":{"rendered":"https:\/\/chord.co.uk\/product\/chord-epic-speaker-cable-head-cabinet\/"},"modified":"2019-10-01T14:14:37","modified_gmt":"2019-10-01T13:14:37","slug":"chord-epic-speaker-cable-head-cabinet","status":"publish","type":"product","link":"https:\/\/chord.co.uk\/pl\/produkt\/chord-epic-speaker-cable-head-cabinet\/","title":{"rendered":"Chord Epic &#8211; kabel g\u0142o\u015bnikowy dla instrumentalist\u00f3w (od wzmacniacza gitarowego do kolumny)"},"content":{"rendered":"<p>To zdarza si\u0119 cz\u0119sto \u2013 pi\u0119kny, r\u0119cznie zbudowany wzmacniacz gitarowy i g\u0142o\u015bnik, po\u0142\u0105czone tanim kablem gitarowym! U\u017cycie kabla gitarowego zamiast kabla g\u0142o\u015bnikowego nie tylko \u201egasi\u201d d\u017awi\u0119k, ale mo\u017ce doprowadzi\u0107 do zwarcia, a przez to do uszkodzenia wzmacniacza.<\/p>\n<p>Zamiast tego spr\u00f3buj u\u017cy\u0107 naszego kabla g\u0142o\u015bnikowego Chord Epic, wyposa\u017conego we wtyki 6,3 mm typu jack (dost\u0119pne s\u0105 r\u00f3wnie\u017c z\u0142\u0105cza XLR i Neutrik Speakon), kt\u00f3ry mo\u017cna u\u017cy\u0107 mi\u0119dzy wzmacniaczem a g\u0142o\u015bnikiem. Ma on posrebrzane, izolowane PTFE przewody o du\u017cej grubo\u015bci wewn\u0105trz p\u0142aszcza z PCV, kt\u00f3ry jest chroniony dwuwarstwow\u0105 foli\u0105 i ekran z plecionki z p\u00f3\u0142przezroczystym p\u0142aszczem zewn\u0119trznym. Je\u015bli brzmienie, barwa i dynamika s\u0105 dla Ciebie wa\u017cne, nie zajmie Ci du\u017co czasu, aby us\u0142ysze\u0107, ile tracisz korzystaj\u0105c z jednego ze standardowych kabli g\u0142o\u015bnikowych &#8211; a tym bardziej, je\u015bli u\u017cywasz kabla gitarowego.<\/p>\n<p>Epic to przezroczysty sonicznie kabel, dzi\u0119ki kt\u00f3remu us\u0142yszysz wi\u0119cej d\u017awi\u0119k\u00f3w. Mamy tak\u0105 teori\u0119, \u017ce im bardziej jeste\u015b zadowolony ze swojego d\u017awi\u0119ku, tym lepiej grasz. Kiedy wiesz, \u017ce wszystko jest tak dobre, jak to tylko mo\u017cliwe, koncentrujesz si\u0119 wy\u0142\u0105cznie na grze i nic cie nie rozprasza.<\/p>\n<p>Standardowa d\u0142ugo\u015b\u0107 to 1 m (jack do jack). Inne zako\u0144czenia i d\u0142ugo\u015bci s\u0105 dost\u0119pne na zam\u00f3wienie.<\/p>\n","protected":false},"excerpt":{"rendered":"<p>Kable \u0142\u0105cz\u0105ce wzmacniacze gitarowe i g\u0142o\u015bniki s\u0105 zwykle do\u015b\u0107 kr\u00f3tkie, wi\u0119c czy ich jako\u015b\u0107 ma znaczenie? Kr\u00f3tko m\u00f3wi\u0105c: tak &#8211; przewodniki lepszej jako\u015bci, wraz z wysokiej jako\u015bci izolacj\u0105, pozwol\u0105 us\u0142ysze\u0107 wi\u0119cej Twojego brzmienia i techniki.<\/p>\n","protected":false},"featured_media":14557,"comment_status":"open","ping_status":"closed","template":"","meta":{"_acf_changed":false},"product_brand":[],"product_cat":[2341,2325,2323],"product_tag":[],"class_list":{"0":"post-15826","1":"product","2":"type-product","3":"status-publish","4":"has-post-thumbnail","6":"product_cat-epic-pl","7":"product_cat-kable-dla-muzykow","8":"product_cat-koncowki","10":"first","11":"instock","12":"shipping-taxable","13":"purchasable","14":"product-type-simple"},"acf":[],"_links":{"self":[{"href":"https:\/\/chord.co.uk\/pl\/wp-json\/wp\/v2\/product\/15826","targetHints":{"allow":["GET"]}}],"collection":[{"href":"https:\/\/chord.co.uk\/pl\/wp-json\/wp\/v2\/product"}],"about":[{"href":"https:\/\/chord.co.uk\/pl\/wp-json\/wp\/v2\/types\/product"}],"replies":[{"embeddable":true,"href":"https:\/\/chord.co.uk\/pl\/wp-json\/wp\/v2\/comments?post=15826"}],"wp:featuredmedia":[{"embeddable":true,"href":"https:\/\/chord.co.uk\/pl\/wp-json\/wp\/v2\/media\/14557"}],"wp:attachment":[{"href":"https:\/\/chord.co.uk\/pl\/wp-json\/wp\/v2\/media?parent=15826"}],"wp:term":[{"taxonomy":"product_brand","embeddable":true,"href":"https:\/\/chord.co.uk\/pl\/wp-json\/wp\/v2\/product_brand?post=15826"},{"taxonomy":"product_cat","embeddable":true,"href":"https:\/\/chord.co.uk\/pl\/wp-json\/wp\/v2\/product_cat?post=15826"},{"taxonomy":"product_tag","embeddable":true,"href":"https:\/\/chord.co.uk\/pl\/wp-json\/wp\/v2\/product_tag?post=15826"}],"curies":[{"name":"wp","href":"https:\/\/api.w.org\/{rel}","templated":true}]}}