{"id":15827,"date":"2017-01-10T10:08:26","date_gmt":"2017-01-10T10:08:26","guid":{"rendered":"https:\/\/chord.co.uk\/product\/chord-cream-instrument-cable\/"},"modified":"2019-10-01T16:23:53","modified_gmt":"2019-10-01T15:23:53","slug":"chord-cream-instrument-cable","status":"publish","type":"product","link":"https:\/\/chord.co.uk\/pl\/produkt\/chord-cream-instrument-cable\/","title":{"rendered":"Chord Cream &#8211; kabel instrumentowy"},"content":{"rendered":"<p>Ogromna wi\u0119kszo\u015b\u0107 kabli u\u017cywanych do gitar, syntezator\u00f3w i innych instrument\u00f3w, kt\u00f3re wymagaj\u0105 pod\u0142\u0105czenia do wzmacniacza, jest po prostu straszna. S\u0105 \u017ale wykonane, \u017ale ekranowane i korzystaj\u0105 z najta\u0144szych dost\u0119pnych materia\u0142\u00f3w.<\/p>\n<p>Istniej\u0105 oczywi\u015bcie sposoby na obej\u015bcie tego problemu. Prawie ka\u017cdy wzmacniacz lub instrument ma wyposa\u017cony jest kontrol\u0119 barwy, cz\u0119sto w wielu pasmach. Do dyspozycji mamy te\u017c peda\u0142y efektowe, cz\u0119sto z jeszcze wi\u0119ksz\u0105 kontrol\u0105 barwy. Gdzie\u015b na drodze gubimy jednak prawdziwe brzmienie instrumentu.<\/p>\n<p>Dzi\u0119ki przetwornikom do gitary elektrycznej nie ma problemu z dopasowaniem impedancji \u0142\u0105cza. Istnieje jednak wiele rzeczy, kt\u00f3re szanuj\u0105ca si\u0119 firma kablowa mo\u017ce zrobi\u0107, aby zaprojektowa\u0107 lepszy kabel instrumentowy.<\/p>\n<p>Przede wszystkim u\u017cywamy przewodnik\u00f3w o wi\u0119kszej \u015brednicy, wykonanych z lepszych materia\u0142\u00f3w &#8211; w przypadku Cream u\u017cywamy dw\u00f3ch osobnych bieg\u00f3w, jednego dla sygna\u0142u dodatniego i jednego dla \u201epowrotu\u201d. Obydwa s\u0105 identyczne \u2013 to konfiguracja pseudozbalansowana.<\/p>\n<p>Po drugie, zamiast PVC u\u017cywamy dobrego materia\u0142u izolacyjnego, takiego jak polietylen o niskiej g\u0119sto\u015bci i uk\u0142adamy przewody w skr\u0119tki, owini\u0119te bawe\u0142nianymi przek\u0142adkami w celu zmniejszenia indukowanego mechanicznie szumu.<\/p>\n<p>Nast\u0119pnym krokiem jest zastosowanie g\u0119stego ekranu. Jego postaw\u0105 jest wytrzyma\u0142a folia oraz plecionka o wysokiej g\u0119sto\u015bci. Dzi\u0119ki temu, \u017ce kabel ma dwa biegi, ekran wymaga pod\u0142\u0105czenia tylko na jednym ko\u0144cu kabla, wi\u0119c nie jest cz\u0119\u015bci\u0105 obwodu.<\/p>\n<p>Na koniec dodajemy dwuwarstwowy p\u0142aszcz zewn\u0119trzny. Wewn\u0119trzna warstwa to mi\u0119kki PVC, kt\u00f3ry pomaga zminimalizowa\u0107 szum podczas poruszania kablem. Zewn\u0119trzna warstwa ma na celu uchronienie kabla przed uszkodzeniem. Do kabla montujemy gniazda Neutrika i wtyczki XLR \u2013 to wci\u0105\u017c najlepsza opcja.<\/p>\n<p>Korzystaj\u0105c z elektroakustycznej gitary, basu lub klawiatury poprawa d\u017awi\u0119ku, kt\u00f3r\u0105 zapewnia odpowiednio wykonany, dobrze ekranowany kabel, jest natychmiastowa i \u0142atwa do us\u0142yszenia. Ca\u0142y zakres cz\u0119stotliwo\u015bci brzmi o wiele lepiej, d\u017awi\u0119ki s\u0105 bardziej szczeg\u00f3\u0142owe &#8211; szczeg\u00f3lnie atak i wybrzmienie &#8211; a barwa jest znacznie pe\u0142niejsza. Zmiany, jakie kabel Cream wprowadza do brzmienia instrument\u00f3w jest naprawd\u0119 du\u017ca, s\u0105 one znacznie bardziej realistyczne.<\/p>\n<p>Z gitar\u0105 elektryczn\u0105 b\u0119dziesz musia\u0142 na nowo pobawi\u0107 si\u0119 kontrolkami brzmienia, zacz\u0105\u0107 od ustawienia p\u0142askiego i dopiero potem wypr\u00f3bowa\u0107 zmiany. Po pierwsze, uzyskasz lepszy i bardziej z\u0142o\u017cony przekaz. Mo\u017cesz tak\u017ce us\u0142ysze\u0107 i dowiedzie\u0107 si\u0119 o wiele wi\u0119cej na temat tego, jak grasz. B\u0119dziesz m\u00f3g\u0142 rozpozna\u0107 dynamik\u0119 swojej gry. Nowy kabel nie sprawi, \u017ce od razu staniesz si\u0119 lepszym muzykiem, ale im wi\u0119cej s\u0142yszysz, tym wi\u0119kszy masz potencja\u0142 do poprawy.<\/p>\n<p>Kable Cream dost\u0119pne s\u0105 z gniazdami Neutrik, XLR i wtyczkami TRS Neutrik dla po\u0142\u0105cze\u0144 zbalansowanych. Standardowe d\u0142ugo\u015bci to 3 m i 6 m. Niestandardowe d\u0142ugo\u015bci na zam\u00f3wienie. Dost\u0119pne s\u0105 r\u00f3wnie\u017c kr\u00f3tkie kable krosowe (30 cm) do efekt\u00f3w gitarowych.<\/p>\n","protected":false},"excerpt":{"rendered":"<p>Kabel instrumentowy Cream zaskoczy ka\u017cdego, kto go wypr\u00f3buje. Chord Cream to dobrze zaprojektowany, r\u0119cznie konfekcjonowany kabel, podczas gdy wi\u0119kszo\u015b\u0107 innych kabli instrument\u00f3w s\u0105 tanie i maj\u0105 fatalny d\u017awi\u0119k. Je\u015bli chcesz us\u0142ysze\u0107 wi\u0119cej o tym, jak i co grasz, Cream to kabel, kt\u00f3ry musisz wypr\u00f3bowa\u0107.<\/p>\n","protected":false},"featured_media":14538,"comment_status":"open","ping_status":"closed","template":"","meta":{"_acf_changed":false},"product_brand":[],"product_cat":[2325,2323],"product_tag":[2350,2351,2347,2352,2353,2354,2355,2356,2357,2358,2359,2360],"class_list":{"0":"post-15827","1":"product","2":"type-product","3":"status-publish","4":"has-post-thumbnail","6":"product_cat-kable-dla-muzykow","7":"product_cat-koncowki","8":"product_tag-acoustic-pl","9":"product_tag-bass-cord-pl","10":"product_tag-chord-company-pl","11":"product_tag-cream-pl","12":"product_tag-electric-pl","13":"product_tag-fender-pl","14":"product_tag-gibson-pl","15":"product_tag-guitar-lead-pl","16":"product_tag-head-pl","17":"product_tag-instrument-pl","18":"product_tag-musician-pl","19":"product_tag-stack-pl","21":"first","22":"instock","23":"shipping-taxable","24":"product-type-simple"},"acf":[],"_links":{"self":[{"href":"https:\/\/chord.co.uk\/pl\/wp-json\/wp\/v2\/product\/15827","targetHints":{"allow":["GET"]}}],"collection":[{"href":"https:\/\/chord.co.uk\/pl\/wp-json\/wp\/v2\/product"}],"about":[{"href":"https:\/\/chord.co.uk\/pl\/wp-json\/wp\/v2\/types\/product"}],"replies":[{"embeddable":true,"href":"https:\/\/chord.co.uk\/pl\/wp-json\/wp\/v2\/comments?post=15827"}],"wp:featuredmedia":[{"embeddable":true,"href":"https:\/\/chord.co.uk\/pl\/wp-json\/wp\/v2\/media\/14538"}],"wp:attachment":[{"href":"https:\/\/chord.co.uk\/pl\/wp-json\/wp\/v2\/media?parent=15827"}],"wp:term":[{"taxonomy":"product_brand","embeddable":true,"href":"https:\/\/chord.co.uk\/pl\/wp-json\/wp\/v2\/product_brand?post=15827"},{"taxonomy":"product_cat","embeddable":true,"href":"https:\/\/chord.co.uk\/pl\/wp-json\/wp\/v2\/product_cat?post=15827"},{"taxonomy":"product_tag","embeddable":true,"href":"https:\/\/chord.co.uk\/pl\/wp-json\/wp\/v2\/product_tag?post=15827"}],"curies":[{"name":"wp","href":"https:\/\/api.w.org\/{rel}","templated":true}]}}