{"id":15828,"date":"2016-12-23T12:21:07","date_gmt":"2016-12-23T12:21:07","guid":{"rendered":"https:\/\/chord.co.uk\/product\/chordmusic-speaker-cable\/"},"modified":"2019-10-01T16:43:42","modified_gmt":"2019-10-01T15:43:42","slug":"chordmusic-speaker-cable","status":"publish","type":"product","link":"https:\/\/chord.co.uk\/pl\/produkt\/chordmusic-speaker-cable\/","title":{"rendered":"ChordMusic &#8211; kabel g\u0142o\u015bnikowy"},"content":{"rendered":"<p>D\u0142ugo czekali\u015bmy na ten kabel g\u0142o\u015bnikowy. Firma produkuj\u0105ca izolacj\u0119 Taylon nie jest zwi\u0105zana z bran\u017c audio i nie oferuje niczego, co zbli\u017ca\u0142oby si\u0119 do kabli audio, dlatego te\u017c nie spieszy\u0142o si\u0119 jej.<\/p>\n<p>Nigel Finn: \u201eByli\u015bmy do\u015b\u0107 pewni co do projektu, ale im d\u0142u\u017cej czekali\u015bmy na dostarczenie kabla g\u0142o\u015bnikowego, tym cz\u0119\u015bciej s\u0142uchali\u015bmy interkonekt\u00f3w ChordMusic z kablem g\u0142o\u015bnikowym Sarum. Brzmia\u0142o to lepiej i lepiej, a\u017c w ko\u0144cu dosz\u0142o do tego, \u017ce kt\u00f3rej\u015b nocy si\u0119 obudzi\u0142em i zastanawia\u0142em si\u0119, w jaki spos\u00f3b mo\u017cemy poprawi\u0107 d\u017awi\u0119k, kt\u00f3ry ju\u017c mieli\u015bmy. Kiedy w ko\u0144cu przyszed\u0142 do nas gotowy kabel g\u0142o\u015bnikowy ChordMusic, natychmiast zabra\u0142em pierwszy gotowy zestaw do pokoju demonstracyjnego. Okaza\u0142o si\u0119, \u017ce nie musia\u0142em si\u0119 martwi\u0107\u201d.<\/p>\n<p>Wiedzieli\u015bmy, \u017ce r\u00f3\u017cne kombinacje przewodnika i materia\u0142u izolacyjnego daj\u0105 przewidywalne efekty i ju\u017c dawno temu zdecydowali\u015bmy si\u0119 na posrebrzane przewodniki i izolacj\u0119 PTFE jako najbardziej neutraln\u0105 kombinacj\u0119, jak\u0105 mogli\u015bmy znale\u017a\u0107. Taylon by\u0142 jednak objawieniem. Stabilny fazowo, zastosowany jako izolacja, da\u0142 nam jeden z najbardziej neutralnych kabli, jakie s\u0142yszeli\u015bmy.<\/p>\n<p>Wiele instrument\u00f3w wytwarza niezwykle z\u0142o\u017con\u0105 barw\u0119, z\u0142o\u017con\u0105 z podstawowych nut, powi\u0105zanych z nimi harmonicznych i charakterystyki materia\u0142u, z kt\u00f3rego instrument jest wykonany. Oczywistym wyborem do wykorzystania tych kabli powinny by\u0107 wi\u0119c instrumenty akustyczne, ale maj\u0105 one r\u00f3wnie\u017c wp\u0142yw na gitary elektryczne i bas. ChordMusic nie tylko pozwala us\u0142ysze\u0107 z\u0142o\u017cono\u015b\u0107 barwy, ale sprawia, \u017ce \u200b\u200bnarastanie podtrzymanie oraz opadanie d\u017awi\u0119ku s\u0105 w odpowiednim miejscu i czasie.<\/p>\n<p>ChordMusic jest pierwszym kablem g\u0142o\u015bnikowym o geometrii Tuned ARAY i, podobnie jak interkonekty, charakteryzuje si\u0119 wysokim stopniem przejrzysto\u015bci, dzi\u0119ki czemu mo\u017cna us\u0142ysze\u0107 wszystkie szczeg\u00f3\u0142y, jakie przynosz\u0105 nagrania muzyczne.<\/p>\n<p>To kabel g\u0142o\u015bnikowy budowany na zam\u00f3wienie i sprzedawany w zestawach zako\u0144czonych o d\u0142ugo\u015bci od 1,5 m.<\/p>\n","protected":false},"excerpt":{"rendered":"<p>ChordMusic jest nie tylko pierwszym kablem, kt\u00f3ry korzysta z izolacji Taylon, ale jest tak\u017ce pierwszym kablem g\u0142o\u015bnikowym z konfiguracj\u0105 Tuned ARAY. Wynikaj\u0105cy z tego po\u0142\u0105czenia wysoki stopie\u0144 przejrzysto\u015bci oraz neutralno\u015b\u0107 pozwalaj\u0105 us\u0142ysze\u0107 sp\u00f3jno\u015b\u0107 i szczeg\u00f3\u0142owo\u015b\u0107 nagra\u0144.<\/p>\n","protected":false},"featured_media":15473,"comment_status":"open","ping_status":"closed","template":"","meta":{"_acf_changed":false},"product_brand":[],"product_cat":[2339,2336],"product_tag":[],"class_list":{"0":"post-15828","1":"product","2":"type-product","3":"status-publish","4":"has-post-thumbnail","6":"product_cat-chordmusic-pl","7":"product_cat-kable-glosnikowe","9":"first","10":"instock","11":"shipping-taxable","12":"purchasable","13":"product-type-simple"},"acf":[],"_links":{"self":[{"href":"https:\/\/chord.co.uk\/pl\/wp-json\/wp\/v2\/product\/15828","targetHints":{"allow":["GET"]}}],"collection":[{"href":"https:\/\/chord.co.uk\/pl\/wp-json\/wp\/v2\/product"}],"about":[{"href":"https:\/\/chord.co.uk\/pl\/wp-json\/wp\/v2\/types\/product"}],"replies":[{"embeddable":true,"href":"https:\/\/chord.co.uk\/pl\/wp-json\/wp\/v2\/comments?post=15828"}],"wp:featuredmedia":[{"embeddable":true,"href":"https:\/\/chord.co.uk\/pl\/wp-json\/wp\/v2\/media\/15473"}],"wp:attachment":[{"href":"https:\/\/chord.co.uk\/pl\/wp-json\/wp\/v2\/media?parent=15828"}],"wp:term":[{"taxonomy":"product_brand","embeddable":true,"href":"https:\/\/chord.co.uk\/pl\/wp-json\/wp\/v2\/product_brand?post=15828"},{"taxonomy":"product_cat","embeddable":true,"href":"https:\/\/chord.co.uk\/pl\/wp-json\/wp\/v2\/product_cat?post=15828"},{"taxonomy":"product_tag","embeddable":true,"href":"https:\/\/chord.co.uk\/pl\/wp-json\/wp\/v2\/product_tag?post=15828"}],"curies":[{"name":"wp","href":"https:\/\/api.w.org\/{rel}","templated":true}]}}