{"id":15829,"date":"2016-12-22T14:39:19","date_gmt":"2016-12-22T14:39:19","guid":{"rendered":"https:\/\/chord.co.uk\/product\/epic-analogue-subwoofer-cable\/"},"modified":"2020-01-21T10:56:18","modified_gmt":"2020-01-21T10:56:18","slug":"epic-analogue-subwoofer-cable","status":"publish","type":"product","link":"https:\/\/chord.co.uk\/pl\/produkt\/epic-analogue-subwoofer-cable\/","title":{"rendered":"Epic Analogue &#8211; kabel subwooferowy"},"content":{"rendered":"<div id=\"prod-overview\" class=\"prod-details uc ucv\">\n<div id=\"&quot;prod-overview&quot;\" class=\"&quot;prod-details\">\n<p>Kabel subwooferowy Epic Analogue cechuje si\u0119 geometri\u0105 przewodnika o nazwie Tuned ARAY i przenosi sygna\u0142 muzyczny o wysokim stopniu sp\u00f3jno\u015bci i szczeg\u00f3\u0142owo\u015bci. Dostrojona geometria przewodu ARAY zosta\u0142a pierwotnie opracowana dla serii kabli Chord Sarum.<\/p>\n<p>Konfiguracja tr\u00f3jprzewodowa, posrebrzane przewody z izolacj\u0105 PTFE. Wewn\u0119trzna izolacja z PCW redukuje szum mechaniczny i utrzymuje w miejscu dwuwarstwowy ekran o wysokiej g\u0119sto\u015bci. Zbudowany r\u0119cznie w The Chord Company i wyposa\u017cony w posrebrzane bezpo\u015brednio wtyki RCA Chord VEE 3.<\/p>\n<p>Dost\u0119pne w d\u0142ugo\u015bci: 3 m, 5 m; niestandardowe d\u0142ugo\u015bci na zam\u00f3wienie.<\/p>\n<\/div>\n<p><strong>Certyfikaty Deklaracji W\u0142a\u015bciwo\u015bci U\u017cytkowych (zgodno\u015b\u0107 z CPR) dost\u0119pne tutaj (PDF)<\/strong><\/p>\n<\/div>\n","protected":false},"excerpt":{"rendered":"<p>Dedykowany kabel do subwoofera. Dost\u0119pny w d\u0142ugo\u015bci 3 m, 5 m oraz w niestandardowych d\u0142ugo\u015bciach i \u00a0zako\u0144czeniach na zam\u00f3wienie. Zaprojektowany, aby uzupe\u0142ni\u0107 seri\u0119 Epic i poprawi\u0107 dowolny system audio-wideo oraz systemy przeznaczone do gier.<\/p>\n","protected":false},"featured_media":17971,"comment_status":"open","ping_status":"closed","template":"","meta":{"_acf_changed":false},"product_brand":[],"product_cat":[2341,2328,2332],"product_tag":[],"class_list":{"0":"post-15829","1":"product","2":"type-product","3":"status-publish","4":"has-post-thumbnail","6":"product_cat-epic-pl","7":"product_cat-interkonekty","8":"product_cat-kable-subwooferowe","10":"first","11":"instock","12":"shipping-taxable","13":"purchasable","14":"product-type-simple"},"acf":[],"_links":{"self":[{"href":"https:\/\/chord.co.uk\/pl\/wp-json\/wp\/v2\/product\/15829","targetHints":{"allow":["GET"]}}],"collection":[{"href":"https:\/\/chord.co.uk\/pl\/wp-json\/wp\/v2\/product"}],"about":[{"href":"https:\/\/chord.co.uk\/pl\/wp-json\/wp\/v2\/types\/product"}],"replies":[{"embeddable":true,"href":"https:\/\/chord.co.uk\/pl\/wp-json\/wp\/v2\/comments?post=15829"}],"wp:featuredmedia":[{"embeddable":true,"href":"https:\/\/chord.co.uk\/pl\/wp-json\/wp\/v2\/media\/17971"}],"wp:attachment":[{"href":"https:\/\/chord.co.uk\/pl\/wp-json\/wp\/v2\/media?parent=15829"}],"wp:term":[{"taxonomy":"product_brand","embeddable":true,"href":"https:\/\/chord.co.uk\/pl\/wp-json\/wp\/v2\/product_brand?post=15829"},{"taxonomy":"product_cat","embeddable":true,"href":"https:\/\/chord.co.uk\/pl\/wp-json\/wp\/v2\/product_cat?post=15829"},{"taxonomy":"product_tag","embeddable":true,"href":"https:\/\/chord.co.uk\/pl\/wp-json\/wp\/v2\/product_tag?post=15829"}],"curies":[{"name":"wp","href":"https:\/\/api.w.org\/{rel}","templated":true}]}}