{"id":15830,"date":"2016-12-22T13:55:51","date_gmt":"2016-12-22T13:55:51","guid":{"rendered":"https:\/\/chord.co.uk\/product\/shawline-analogue-subwoofer-cable\/"},"modified":"2020-01-21T10:58:02","modified_gmt":"2020-01-21T10:58:02","slug":"shawline-analogue-subwoofer-cable","status":"publish","type":"product","link":"https:\/\/chord.co.uk\/pl\/produkt\/shawline-analogue-subwoofer-cable\/","title":{"rendered":"Shawline Analogue &#8211; kabel subwooferowy"},"content":{"rendered":"<div id=\"prod-overview\" class=\"prod-details uc ucv\">\n<p>Kabel subwooferowy Shawline ma geometri\u0119 przewodnik\u00f3w o nazwie Tuned ARAY, pierwotnie opracowan\u0105 dla flagowej serii Sarum. Gwarantuje on przesy\u0142 sygna\u0142u muzycznego o wysokim stopniu sp\u00f3jno\u015bci i szczeg\u00f3\u0142owo\u015bci.<\/p>\n<p>Zbudowany r\u0119cznie w The Chord Company, z posrebrzanymi przewodnikami, izolacj\u0105 FEP i g\u0119stym ekranem z kompozytu w\u0119glowego. Wyposa\u017cony w posrebrzane bezpo\u015brednie wtyki RCA Chord VEE 3.<\/p>\n<p>&nbsp;<\/p>\n<p>Dost\u0119pny w d\u0142ugo\u015bciach 3 m, 5 m oraz w niestandardowych d\u0142ugo\u015bciach i zako\u0144czeniach na zam\u00f3wienie.<\/p>\n<p>Kody EAN<\/p>\n<p>3 m: 5060271592340<\/p>\n<p>5 m: 5060271592357<\/p>\n<p><strong>Certyfikaty Deklaracji W\u0142a\u015bciwo\u015bci U\u017cytkowych (zgodno\u015b\u0107 z CPR) dost\u0119pne tutaj (PDF)<\/strong><\/p>\n<\/div>\n","protected":false},"excerpt":{"rendered":"<p>Zaprojektowany, aby uzupe\u0142ni\u0107 seri\u0119 Shawline i poprawi\u0107 ka\u017cdy system surround przeznaczony do odtwarzania muzyki, TV, film\u00f3w i gier. Dost\u0119pne w d\u0142ugo\u015bci: 3 m, 5 m oraz niestandardowe d\u0142ugo\u015bci i zako\u0144czenia,\u00a0 pasuj\u0105ce do ka\u017cdego subwoofera.<\/p>\n","protected":false},"featured_media":17931,"comment_status":"open","ping_status":"closed","template":"","meta":{"_acf_changed":false},"product_brand":[],"product_cat":[2328,2332,2343],"product_tag":[],"class_list":{"0":"post-15830","1":"product","2":"type-product","3":"status-publish","4":"has-post-thumbnail","6":"product_cat-interkonekty","7":"product_cat-kable-subwooferowe","8":"product_cat-shawline-pl","10":"first","11":"instock","12":"shipping-taxable","13":"purchasable","14":"product-type-simple"},"acf":[],"_links":{"self":[{"href":"https:\/\/chord.co.uk\/pl\/wp-json\/wp\/v2\/product\/15830","targetHints":{"allow":["GET"]}}],"collection":[{"href":"https:\/\/chord.co.uk\/pl\/wp-json\/wp\/v2\/product"}],"about":[{"href":"https:\/\/chord.co.uk\/pl\/wp-json\/wp\/v2\/types\/product"}],"replies":[{"embeddable":true,"href":"https:\/\/chord.co.uk\/pl\/wp-json\/wp\/v2\/comments?post=15830"}],"wp:featuredmedia":[{"embeddable":true,"href":"https:\/\/chord.co.uk\/pl\/wp-json\/wp\/v2\/media\/17931"}],"wp:attachment":[{"href":"https:\/\/chord.co.uk\/pl\/wp-json\/wp\/v2\/media?parent=15830"}],"wp:term":[{"taxonomy":"product_brand","embeddable":true,"href":"https:\/\/chord.co.uk\/pl\/wp-json\/wp\/v2\/product_brand?post=15830"},{"taxonomy":"product_cat","embeddable":true,"href":"https:\/\/chord.co.uk\/pl\/wp-json\/wp\/v2\/product_cat?post=15830"},{"taxonomy":"product_tag","embeddable":true,"href":"https:\/\/chord.co.uk\/pl\/wp-json\/wp\/v2\/product_tag?post=15830"}],"curies":[{"name":"wp","href":"https:\/\/api.w.org\/{rel}","templated":true}]}}