{"id":15832,"date":"2016-12-22T10:19:11","date_gmt":"2016-12-22T10:19:11","guid":{"rendered":"https:\/\/chord.co.uk\/product\/chordmusic-streaming-cable\/"},"modified":"2019-10-03T09:05:17","modified_gmt":"2019-10-03T08:05:17","slug":"chordmusic-streaming-cable","status":"publish","type":"product","link":"https:\/\/chord.co.uk\/pl\/produkt\/chordmusic-streaming-cable\/","title":{"rendered":"ChordMusic &#8211; kabel LAN"},"content":{"rendered":"<p>Od czasu do czasu co\u015b nas naprawd\u0119 zaskakuje \u2013 ostatnio zrobi\u0142 to kabel LAN (strumieniowy) ChordMusic.<\/p>\n<p>Odtwarzanym utworem by\u0142 \u201eSand Castles\u201d Beyonc\u00e9 i podobnie jak w przypadku innych kabli ChordMusic, nasz nowy kabel LAN zamieni\u0142 go w prawdziwy, \u017cywy wyst\u0119p muzyczny w naszym pokoju demonstracyjnym. Po tym, co us\u0142yszeli\u015bmy przy okazji ods\u0142uch\u00f3w kabli analogowych i cyfrowych z izolacj\u0105 Taylon, musieli\u015bmy r\u00f3wnie\u017c zaprojektowa\u0107 w ten sam spos\u00f3b kabel do streamingu.<\/p>\n<p>Kabel przesy\u0142aj\u0105cy sygna\u0142 strumieniowo zbudowany zosta\u0142 zgodnie z tymi samymi zasadami, kt\u00f3re stosujemy w innych kablach ChordMusic. Posrebrzane przewody z miedzi beztlenowej, izolacja Taylon i wiele warstw ekran\u00f3w chroni\u0105cych przed zak\u0142\u00f3ceniami wysokiej cz\u0119stotliwo\u015bci, zabezpieczone bia\u0142ym p\u0142aszczem zewn\u0119trznym z PTFE. Do geometrii Super ARAY w wersji, kt\u00f3r\u0105 opracowali\u015bmy dla kabla strumieniowego Sarum, dodali\u015bmy materia\u0142 redukuj\u0105cy szumy i ekran zewn\u0119trzny, kt\u00f3rego u\u017cywamy we wszystkich kablach ChordMusic.<\/p>\n<p>Wtyczka RJ45 jest taka sama, jak w naszych innych kablach s\u0142u\u017c\u0105cych do streamigu. Wykonany zosta\u0142 z wyj\u0105tkow\u0105 precyzj\u0105, ma poz\u0142acane styki. Z kolei korpus jest plastikowy, a nie metalowy, poniewa\u017c dzi\u0119ki temu mogli\u015bmy go zmodyfikowa\u0107 tak, aby\u015bmy mogli lutowa\u0107 przewodniki u nas w fabryce.<\/p>\n<p>S\u0142uchali\u015bmy kabla strumieniowego ChordMusic ze znanymi, wysokiej klasy streamerami, najnowocze\u015bniejszymi wzmacniaczami cyfrowymi, a tak\u017ce ze wzmacniaczami zintegrowanymi i przedwzmacniaczami. W ka\u017cdym przypadku perfekcyjnie pokazywa\u0142 warstwy detali muzycznych i przekazywa\u0142 fantastyczny d\u017awi\u0119k \u2013 brzmienie fortepianu, w tym atak i wygaszanie, by\u0142o niepowtarzalne w swojej naturalno\u015bci, pokazuj\u0105c g\u0142\u0119bi\u0119 barw i fantastyczn\u0105 dynamik\u0119.<\/p>\n<p>Znajd\u017a najbli\u017cszego dealera ChordMusic, wypo\u017cycz kabel ChordMusic i wypr\u00f3buj go mi\u0119dzy prze\u0142\u0105cznikiem sygna\u0142u ethernetowego a urz\u0105dzeniem do streamingu. I przygotuj si\u0119 na sp\u0119dzenie ca\u0142ego weekendu na s\u0142uchaniu muzyki&#8230;<\/p>\n","protected":false},"excerpt":{"rendered":"<p>Stosowali\u015bmy go z najnowocze\u015bniejszymi wzmacniaczami cyfrowymi, wzmacniaczami zintegrowanymi oraz przedwzmacniaczami, w kt\u00f3rych zainstalowano modu\u0142 streamera. Niemal w ka\u017cdym przypadku dostali\u015bmy nowe warstwy muzycznych szczeg\u00f3\u0142\u00f3w, wy\u017csz\u0105 dynamik\u0119 oraz precyzj\u0119 d\u017awi\u0119ku.<\/p>\n","protected":false},"featured_media":14505,"comment_status":"open","ping_status":"closed","template":"","meta":{"_acf_changed":false},"product_brand":[],"product_cat":[2339,2328,2334],"product_tag":[],"class_list":{"0":"post-15832","1":"product","2":"type-product","3":"status-publish","4":"has-post-thumbnail","6":"product_cat-chordmusic-pl","7":"product_cat-interkonekty","8":"product_cat-kable-cyfrowe-i-usb","10":"first","11":"instock","12":"shipping-taxable","13":"purchasable","14":"product-type-simple"},"acf":[],"_links":{"self":[{"href":"https:\/\/chord.co.uk\/pl\/wp-json\/wp\/v2\/product\/15832","targetHints":{"allow":["GET"]}}],"collection":[{"href":"https:\/\/chord.co.uk\/pl\/wp-json\/wp\/v2\/product"}],"about":[{"href":"https:\/\/chord.co.uk\/pl\/wp-json\/wp\/v2\/types\/product"}],"replies":[{"embeddable":true,"href":"https:\/\/chord.co.uk\/pl\/wp-json\/wp\/v2\/comments?post=15832"}],"wp:featuredmedia":[{"embeddable":true,"href":"https:\/\/chord.co.uk\/pl\/wp-json\/wp\/v2\/media\/14505"}],"wp:attachment":[{"href":"https:\/\/chord.co.uk\/pl\/wp-json\/wp\/v2\/media?parent=15832"}],"wp:term":[{"taxonomy":"product_brand","embeddable":true,"href":"https:\/\/chord.co.uk\/pl\/wp-json\/wp\/v2\/product_brand?post=15832"},{"taxonomy":"product_cat","embeddable":true,"href":"https:\/\/chord.co.uk\/pl\/wp-json\/wp\/v2\/product_cat?post=15832"},{"taxonomy":"product_tag","embeddable":true,"href":"https:\/\/chord.co.uk\/pl\/wp-json\/wp\/v2\/product_tag?post=15832"}],"curies":[{"name":"wp","href":"https:\/\/api.w.org\/{rel}","templated":true}]}}