{"id":15833,"date":"2016-12-22T10:17:30","date_gmt":"2016-12-22T10:17:30","guid":{"rendered":"https:\/\/chord.co.uk\/product\/chordmusic-digital\/"},"modified":"2019-10-10T09:20:05","modified_gmt":"2019-10-10T08:20:05","slug":"chordmusic-digital","status":"publish","type":"product","link":"https:\/\/chord.co.uk\/pl\/produkt\/chordmusic-digital\/","title":{"rendered":"ChordMusic Digital"},"content":{"rendered":"<p>Co jest sercem Twojego systemu audio? Coraz cz\u0119\u015bciej jest nim przetwornik cyfrowo-analogowy z transportem CD, streamerem lub dedykowanym audiofilskim komputerem, urz\u0105dzeniem przeno\u015bnym itp. YouTube jest pe\u0142en niesamowitych koncert\u00f3w i chocia\u017c jako\u015b\u0107 d\u017awi\u0119ku tego medium nie jest idealna, zawsze b\u0119dzie lepsza ni\u017c to, co jest w stanie pokaza\u0107 laptop.<\/p>\n<p>Mo\u017cna jednak temu zaradzi\u0107. Mogliby\u015bmy zwyk\u0142y kabel mi\u0119dzy transportem &#8211; lub streamerem &#8211; a przetwornikiem cyfrowo-analogowym zast\u0105pi\u0107 interkonektem cyfrowym ChordMusic Digital, dzi\u0119ki czemu d\u017awi\u0119k zmieni si\u0119 tak, jakby\u015bmy umie\u015bciliby\u015bmy w systemie lepszy przetwornik. Mo\u017cna wtedy usi\u0105\u015b\u0107, pos\u0142ucha\u0107 ulubionych utwor\u00f3w i rozkoszowa\u0107 si\u0119 niebywa\u0142ym brzmieniem \u201enowego\u201d DAC-a, kt\u00f3ry zaskoczy nas poziomem szczeg\u00f3\u0142owo\u015bci, wielko\u015bci\u0105 sceny d\u017awi\u0119kowej, niesamowit\u0105 sp\u00f3jno\u015bci\u0105 i sposobem, w jaki brzmi ka\u017cdy utw\u00f3r.<\/p>\n<p>ChordMusic Digital, podobnie jak wszystkie kable ChordMusic, wykorzystuje do budowy dielektryk Taylon, kt\u00f3ry oferuje niesamowit\u0105 popraw\u0119 jako\u015bci d\u017awi\u0119ku.<\/p>\n<p>Istnieje kilka naprawd\u0119 wybitnych przetwornik\u00f3w cyfrowo-analogowych, a niekt\u00f3re z nich kosztuj\u0105 mniej ni\u017c ChordMusic Digital. Ale to nie jest pow\u00f3d, aby nie wypr\u00f3bowa\u0107 z nimi tego kabla. To interkonekt cyfrowy, kt\u00f3ry przekazuje sygna\u0142 w niezwykle precyzyjny spos\u00f3b, dzi\u0119ki czemu jego brzmienie jest tak ekscytuj\u0105ce i g\u0142\u0119bokie jak kable analogowe.<\/p>\n<p>Wszystko, co zagubi si\u0119 w drodze pomi\u0119dzy wyj\u015bciem cyfrowym \u017ar\u00f3d\u0142a a przetwornikiem cyfrowo-analogowym, jest nie do odzyskania. Ods\u0142uch cyfrowej wersji ChordMusic poka\u017ce, jakie bogactwo informacji musi by\u0107 przekazywane ze \u017ar\u00f3d\u0142a do przetwornika cyfrowo-analogowego.<\/p>\n<p>Wypr\u00f3buj ChordMusic Digital u swojego sprzedawcy i dowiedz si\u0119, jaki mo\u017ce by\u0107 jego wk\u0142ad w Tw\u00f3j system.<\/p>\n","protected":false},"excerpt":{"rendered":"<p>What\u2019s at the heart of your high-end system?\u00a0 If it\u2019s a DAC, CD transport, streamer or dedicated audiophile hard drive, computer, portable device etc, try ChordMusic Digital at your usual retailer and discover the contribution it can make to the musical performance of your system.<\/p>\n","protected":false},"featured_media":14507,"comment_status":"open","ping_status":"closed","template":"","meta":{"_acf_changed":false},"product_brand":[],"product_cat":[2339,2328,2334],"product_tag":[],"class_list":{"0":"post-15833","1":"product","2":"type-product","3":"status-publish","4":"has-post-thumbnail","6":"product_cat-chordmusic-pl","7":"product_cat-interkonekty","8":"product_cat-kable-cyfrowe-i-usb","10":"first","11":"instock","12":"shipping-taxable","13":"purchasable","14":"product-type-simple"},"acf":[],"_links":{"self":[{"href":"https:\/\/chord.co.uk\/pl\/wp-json\/wp\/v2\/product\/15833","targetHints":{"allow":["GET"]}}],"collection":[{"href":"https:\/\/chord.co.uk\/pl\/wp-json\/wp\/v2\/product"}],"about":[{"href":"https:\/\/chord.co.uk\/pl\/wp-json\/wp\/v2\/types\/product"}],"replies":[{"embeddable":true,"href":"https:\/\/chord.co.uk\/pl\/wp-json\/wp\/v2\/comments?post=15833"}],"wp:featuredmedia":[{"embeddable":true,"href":"https:\/\/chord.co.uk\/pl\/wp-json\/wp\/v2\/media\/14507"}],"wp:attachment":[{"href":"https:\/\/chord.co.uk\/pl\/wp-json\/wp\/v2\/media?parent=15833"}],"wp:term":[{"taxonomy":"product_brand","embeddable":true,"href":"https:\/\/chord.co.uk\/pl\/wp-json\/wp\/v2\/product_brand?post=15833"},{"taxonomy":"product_cat","embeddable":true,"href":"https:\/\/chord.co.uk\/pl\/wp-json\/wp\/v2\/product_cat?post=15833"},{"taxonomy":"product_tag","embeddable":true,"href":"https:\/\/chord.co.uk\/pl\/wp-json\/wp\/v2\/product_tag?post=15833"}],"curies":[{"name":"wp","href":"https:\/\/api.w.org\/{rel}","templated":true}]}}