{"id":15834,"date":"2016-12-22T10:15:43","date_gmt":"2016-12-22T10:15:43","guid":{"rendered":"https:\/\/chord.co.uk\/product\/chordmusic-xlr\/"},"modified":"2019-10-10T09:26:33","modified_gmt":"2019-10-10T08:26:33","slug":"chordmusic-xlr","status":"publish","type":"product","link":"https:\/\/chord.co.uk\/pl\/produkt\/chordmusic-xlr\/","title":{"rendered":"ChordMusic &#8211; interkonekt analogowy XLR"},"content":{"rendered":"<p>Brzmienie interkonekt\u00f3w ChordMusic XLR charakteryzuje niezwyk\u0142e po\u0142\u0105czenie przejrzysto\u015bci i neutralno\u015bci. Podobnie jak kable ChordMusic DIN i RCA, pozwoli Ci zag\u0142\u0119bi\u0107 si\u0119 w ka\u017cdy odtwarzany utw\u00f3r muzyczny i zapewni sp\u00f3jno\u015bci brzmienia, kt\u00f3ra zaskoczy nawet najbardziej do\u015bwiadczonych audiofil\u00f3w.<\/p>\n<p>Je\u015bli jednak twoje urz\u0105dzenia wyposa\u017cone zosta\u0142y zar\u00f3wno w gniazda XLR, jak i RCA, zach\u0119camy do wypr\u00f3bowania obu typ\u00f3w. ChordMusic pozwoli us\u0142ysze\u0107 r\u00f3\u017cnice w brzmieniu mi\u0119dzy po\u0142\u0105czeniami RCA i XLR wyra\u017aniej i bardziej muzykalnie ni\u017c jakikolwiek inny kabel. Dzi\u0119ki niemu \u0142atwo b\u0119dzie ci zdecydowa\u0107, kt\u00f3ry spos\u00f3b po\u0142\u0105czenia jest dla ciebie&#8230;<\/p>\n<p>ChordMusic zbudowany jest z wykorzystaniem unikalnego materia\u0142u izolacyjnego, kt\u00f3ry nazywamy Taylon \u2013 to materia\u0142 zaprojektowany w miejsce powszechnie stosowanego PTFE. Taylon jest stabilny fazowo, a ta stabilno\u015b\u0107 w po\u0142\u0105czeniu z nasz\u0105 unikaln\u0105 geometri\u0105 Super ARAY oznacza, \u017ce \u200b\u200bbrzmienie kabli przenie\u015bli\u015bmy na zupe\u0142nie inny poziom.<\/p>\n","protected":false},"excerpt":{"rendered":"<p>Podobnie jak wszystkie kable firmy Chord, tak i ChordMusic, XLR jest budowany r\u0119cznie. Aby uzyska\u0107 najlepsz\u0105 jako\u015b\u0107, dodano do jego konstrukcji jeszcze jeden przewodnik. Kable w dielektryku Taylon pozwol\u0105 Ci us\u0142ysze\u0107 dok\u0142adnie, na co sta\u0107 Tw\u00f3j system.<\/p>\n","protected":false},"featured_media":14509,"comment_status":"open","ping_status":"closed","template":"","meta":{"_acf_changed":false},"product_brand":[],"product_cat":[2331,2339,2328],"product_tag":[],"class_list":{"0":"post-15834","1":"product","2":"type-product","3":"status-publish","4":"has-post-thumbnail","6":"product_cat-analogowe-xlr","7":"product_cat-chordmusic-pl","8":"product_cat-interkonekty","10":"first","11":"instock","12":"shipping-taxable","13":"purchasable","14":"product-type-simple"},"acf":[],"_links":{"self":[{"href":"https:\/\/chord.co.uk\/pl\/wp-json\/wp\/v2\/product\/15834","targetHints":{"allow":["GET"]}}],"collection":[{"href":"https:\/\/chord.co.uk\/pl\/wp-json\/wp\/v2\/product"}],"about":[{"href":"https:\/\/chord.co.uk\/pl\/wp-json\/wp\/v2\/types\/product"}],"replies":[{"embeddable":true,"href":"https:\/\/chord.co.uk\/pl\/wp-json\/wp\/v2\/comments?post=15834"}],"wp:featuredmedia":[{"embeddable":true,"href":"https:\/\/chord.co.uk\/pl\/wp-json\/wp\/v2\/media\/14509"}],"wp:attachment":[{"href":"https:\/\/chord.co.uk\/pl\/wp-json\/wp\/v2\/media?parent=15834"}],"wp:term":[{"taxonomy":"product_brand","embeddable":true,"href":"https:\/\/chord.co.uk\/pl\/wp-json\/wp\/v2\/product_brand?post=15834"},{"taxonomy":"product_cat","embeddable":true,"href":"https:\/\/chord.co.uk\/pl\/wp-json\/wp\/v2\/product_cat?post=15834"},{"taxonomy":"product_tag","embeddable":true,"href":"https:\/\/chord.co.uk\/pl\/wp-json\/wp\/v2\/product_tag?post=15834"}],"curies":[{"name":"wp","href":"https:\/\/api.w.org\/{rel}","templated":true}]}}