{"id":15835,"date":"2016-12-22T10:02:28","date_gmt":"2016-12-22T10:02:28","guid":{"rendered":"https:\/\/chord.co.uk\/product\/chordmusic-din-din-din-rca\/"},"modified":"2019-10-10T10:16:34","modified_gmt":"2019-10-10T09:16:34","slug":"chordmusic-din-din-din-rca","status":"publish","type":"product","link":"https:\/\/chord.co.uk\/pl\/produkt\/chordmusic-din-din-din-rca\/","title":{"rendered":"ChordMusic &#8211; interkonekt analogowy DIN"},"content":{"rendered":"<p>Kable ChordMusic DIN przeznaczone s\u0105 dla w\u0142a\u015bcicieli produkt\u00f3w Naim Audio (i system\u00f3w z \u0142\u0105czami DIN). Podobnie jak w przypadku kabli RCA, wraz z tymi interkonektami znika wszystko z wyj\u0105tkiem muzyki. To naprawd\u0119 niezwyk\u0142e do\u015bwiadczenie. Otrzymujemy z nimi mn\u00f3stwo detali, niuans\u00f3w i s\u0142yszymy najdelikatniejsze akcenty muzyczne &#8211; wszystko to prezentowane jest w przejrzysty i naturalny spos\u00f3b.<\/p>\n<p>Wystarczy kilka sekund ods\u0142uchu, aby prawdziwy mi\u0142o\u015bnik muzyki stwierdzi\u0142, \u017ce nigdy nie s\u0142ysza\u0142 tego w lepszy spos\u00f3b. A do tego ten ogromny muzyczny krajobraz, do kt\u00f3rego mo\u017cesz wej\u015b\u0107 i go odkry\u0107. Wysoki stopie\u0144 przejrzysto\u015bci pozwoli Ci ujrze\u0107 wszystko a\u017c po horyzont. Na tym si\u0119 nie ko\u0144czy \u2013 albumy, o kt\u00f3rych my\u015bla\u0142e\u015b, \u017ce nie brzmi\u0105 zbyt dobrze, nagle pokazuj\u0105 swoje lepsze oblicze. ChordMusic sprawia, \u017ce \u200b\u200bodkrywanie r\u00f3\u017cnych gatunk\u00f3w muzycznych staje si\u0119 przyjemno\u015bci\u0105. Jest tyle do odkrycia i us\u0142yszenia.<\/p>\n<p>ChordMusic korzysta z unikalnego materia\u0142u izolacyjnego, kt\u00f3ry nazywamy Taylon \u2013 zaprojektowany on zosta\u0142 jako nast\u0119pca powszechnie stosowanego PTFE. Taylon jest stabilny fazowo, a ta stabilno\u015b\u0107 w po\u0142\u0105czeniu z nasz\u0105 unikaln\u0105 geometri\u0105 Super ARAY oznacza, \u017ce \u200b\u200bmo\u017cemy przenie\u015b\u0107 jako\u015b\u0107 d\u017awi\u0119ku na zupe\u0142nie nowy poziom.<\/p>\n<p>Po\u017cycz kable ChordMusic DIN od sprzedawcy Chorda i je pos\u0142uchaj. To jedyny spos\u00f3b, aby dowiedzie\u0107 si\u0119, jak bardzo brakowa\u0142o Ci wcze\u015bniej muzyki.<\/p>\n","protected":false},"excerpt":{"rendered":"<p>Kable ChordMusic DIN oferuj\u0105 systemom firmy Naim to, co kable ChordMusic RCA robi\u0105 dla system\u00f3w z gniazdami RCA. Znika wszystko z wyj\u0105tkiem muzyki. To naprawd\u0119 niezwyk\u0142e do\u015bwiadczenie. Do\u015bwiadczamy wi\u0119kszej ilo\u015bci szczeg\u00f3\u0142\u00f3w i niuans\u00f3w muzycznych \u2013 wszystko to podane jest w przejrzysty i naturalny spos\u00f3b.<\/p>\n","protected":false},"featured_media":16549,"comment_status":"open","ping_status":"closed","template":"","meta":{"_acf_changed":false},"product_brand":[],"product_cat":[2329,2339,2328],"product_tag":[],"class_list":{"0":"post-15835","1":"product","2":"type-product","3":"status-publish","4":"has-post-thumbnail","6":"product_cat-analogowe-din","7":"product_cat-chordmusic-pl","8":"product_cat-interkonekty","10":"first","11":"instock","12":"shipping-taxable","13":"purchasable","14":"product-type-simple"},"acf":[],"_links":{"self":[{"href":"https:\/\/chord.co.uk\/pl\/wp-json\/wp\/v2\/product\/15835","targetHints":{"allow":["GET"]}}],"collection":[{"href":"https:\/\/chord.co.uk\/pl\/wp-json\/wp\/v2\/product"}],"about":[{"href":"https:\/\/chord.co.uk\/pl\/wp-json\/wp\/v2\/types\/product"}],"replies":[{"embeddable":true,"href":"https:\/\/chord.co.uk\/pl\/wp-json\/wp\/v2\/comments?post=15835"}],"wp:featuredmedia":[{"embeddable":true,"href":"https:\/\/chord.co.uk\/pl\/wp-json\/wp\/v2\/media\/16549"}],"wp:attachment":[{"href":"https:\/\/chord.co.uk\/pl\/wp-json\/wp\/v2\/media?parent=15835"}],"wp:term":[{"taxonomy":"product_brand","embeddable":true,"href":"https:\/\/chord.co.uk\/pl\/wp-json\/wp\/v2\/product_brand?post=15835"},{"taxonomy":"product_cat","embeddable":true,"href":"https:\/\/chord.co.uk\/pl\/wp-json\/wp\/v2\/product_cat?post=15835"},{"taxonomy":"product_tag","embeddable":true,"href":"https:\/\/chord.co.uk\/pl\/wp-json\/wp\/v2\/product_tag?post=15835"}],"curies":[{"name":"wp","href":"https:\/\/api.w.org\/{rel}","templated":true}]}}