{"id":15836,"date":"2016-12-22T09:57:29","date_gmt":"2016-12-22T09:57:29","guid":{"rendered":"https:\/\/chord.co.uk\/product\/chordmusic-rca\/"},"modified":"2019-10-10T10:26:51","modified_gmt":"2019-10-10T09:26:51","slug":"chordmusic-rca","status":"publish","type":"product","link":"https:\/\/chord.co.uk\/pl\/produkt\/chordmusic-rca\/","title":{"rendered":"ChordMusic &#8211; interkonekt analogowy RCA"},"content":{"rendered":"<p>ChordMusic to najbardziej przezroczysty d\u017awi\u0119kowo kabel, jaki s\u0142yszeli\u015bmy. Brzmi tak wyra\u017anie, \u017ce s\u0142yszeli\u015bmy ka\u017cd\u0105 dokonan\u0105 zmian\u0119 w systemie. Najpierw wypr\u00f3bowali\u015bmy w nim materia\u0142 zaprojektowany w celu zminimalizowania mechanicznie indukowanego szumu. Prototyp kabla by\u0142 zadziwiaj\u0105co dobry, ale byli\u015bmy ciekawi, co mo\u017cna by zrobi\u0107 lepiej. Materia\u0142 redukuj\u0105cy szum pozwoli\u0142 na uzyskanie lepszej wyrazisto\u015bci brzmienia, kt\u00f3ra uleg\u0142a dalszej poprawie, gdy dodali\u015bmy lekki, posrebrzany ekran zewn\u0119trzny.<\/p>\n<p>ChordMusic to r\u00f3wnie\u017c unikalny materia\u0142 izolacyjny, kt\u00f3ry nazywamy Taylon &#8211; zaprojektowany zosta\u0142 jako nast\u0119pca powszechnie stosowanego PTFE. Taylon jest stabilny fazowo, a ta stabilno\u015b\u0107 w po\u0142\u0105czeniu z nasz\u0105 unikaln\u0105 geometri\u0105 Super ARAY oznacza, \u017ce \u200b\u200bd\u017awi\u0119k naszych kabli zosta\u0142 przeniesiony na zupe\u0142nie nowy poziom.<\/p>\n<p>To, czego nauczyli\u015bmy si\u0119 w ci\u0105gu ostatnich kilku latach, by\u0142y dla nas niezwykle otrze\u017awiaj\u0105ce. By\u0142o te\u017c wspania\u0142e, poniewa\u017c okaza\u0142o si\u0119, \u017ce dzi\u0119ki geometriom Tuned ARAY i Super ARAY nasze kable s\u0105 w stanie zamieni\u0107 d\u017awi\u0119k z gramofon\u00f3w, odtwarzaczy CD i urz\u0105dze\u0144 streamingowych w muzyk\u0119, kt\u00f3ra brzmi prawdziwie, wiarygodnie i emocjonalnie. To dla nas r\u00f3wnie\u017c otrze\u017awienie, poniewa\u017c kable ARAY i Super ARAY wyra\u017anie pokazuj\u0105, \u017ce konwencjonalne konstrukcje kabli mog\u0105 pogorszy\u0107 jako\u015b\u0107 praktycznie ka\u017cdego systemu audio.<\/p>\n<p>Skontaktuj si\u0119 z najbli\u017cszym sprzedawc\u0105 ChordMusic i wypo\u017cycz go, aby wypr\u00f3bowa\u0107 w domu.<\/p>\n","protected":false},"excerpt":{"rendered":"<p>Kluczow\u0105 r\u00f3\u017cnic\u0105 jest izolacja Taylon, unikalna dla The Chord Company. Poprawa jako\u015bci d\u017awi\u0119ku, kt\u00f3r\u0105 przynosi, jest wi\u0119cej ni\u017c g\u0142\u0119boka \u2013 ods\u0142ania muzyczny pejza\u017c tak wiarygodny, \u017ce mo\u017cna do niego wej\u015b\u0107.<\/p>\n","protected":false},"featured_media":14516,"comment_status":"open","ping_status":"closed","template":"","meta":{"_acf_changed":false},"product_brand":[],"product_cat":[2330,2339,2328],"product_tag":[],"class_list":{"0":"post-15836","1":"product","2":"type-product","3":"status-publish","4":"has-post-thumbnail","6":"product_cat-analogowe-rca","7":"product_cat-chordmusic-pl","8":"product_cat-interkonekty","10":"first","11":"instock","12":"shipping-taxable","13":"purchasable","14":"product-type-simple"},"acf":[],"_links":{"self":[{"href":"https:\/\/chord.co.uk\/pl\/wp-json\/wp\/v2\/product\/15836","targetHints":{"allow":["GET"]}}],"collection":[{"href":"https:\/\/chord.co.uk\/pl\/wp-json\/wp\/v2\/product"}],"about":[{"href":"https:\/\/chord.co.uk\/pl\/wp-json\/wp\/v2\/types\/product"}],"replies":[{"embeddable":true,"href":"https:\/\/chord.co.uk\/pl\/wp-json\/wp\/v2\/comments?post=15836"}],"wp:featuredmedia":[{"embeddable":true,"href":"https:\/\/chord.co.uk\/pl\/wp-json\/wp\/v2\/media\/14516"}],"wp:attachment":[{"href":"https:\/\/chord.co.uk\/pl\/wp-json\/wp\/v2\/media?parent=15836"}],"wp:term":[{"taxonomy":"product_brand","embeddable":true,"href":"https:\/\/chord.co.uk\/pl\/wp-json\/wp\/v2\/product_brand?post=15836"},{"taxonomy":"product_cat","embeddable":true,"href":"https:\/\/chord.co.uk\/pl\/wp-json\/wp\/v2\/product_cat?post=15836"},{"taxonomy":"product_tag","embeddable":true,"href":"https:\/\/chord.co.uk\/pl\/wp-json\/wp\/v2\/product_tag?post=15836"}],"curies":[{"name":"wp","href":"https:\/\/api.w.org\/{rel}","templated":true}]}}