{"id":15837,"date":"2016-12-19T16:29:59","date_gmt":"2016-12-19T16:29:59","guid":{"rendered":"https:\/\/chord.co.uk\/product\/signature-bi-wire-speaker-links\/"},"modified":"2019-10-10T10:30:18","modified_gmt":"2019-10-10T09:30:18","slug":"signature-bi-wire-speaker-links","status":"publish","type":"product","link":"https:\/\/chord.co.uk\/pl\/produkt\/signature-bi-wire-speaker-links\/","title":{"rendered":"Signature &#8211; zwory bi-wire"},"content":{"rendered":"<div id=\"prod-overview\" class=\"prod-details uc ucv\">\n<div id=\"prod-overview\" class=\"prod-details uc ucv\">\n<p>Natychmiastowa poprawa d\u017awi\u0119ku w stosunku do blaszek z prasowanego metalu, cz\u0119sto spotykanych jako zwory wej\u015b\u0107 w kolumnach z dwoma parami gniazd. Wyposa\u017cony w najnowocze\u015bniejsze wtyki ChordOhmic 4 mm.<\/p>\n<p>Zaskakuj\u0105ca poprawa jako\u015bci d\u017awi\u0119ku. \u0141atwy w monta\u017cu. \u015awietnie wsp\u00f3\u0142pracuje z ka\u017cdym typem kabli g\u0142o\u015bnikowych. Konstrukcja oparta jest na kablu g\u0142o\u015bnikowym Chord Signature Reference.<\/p>\n<\/div>\n<\/div>\n","protected":false},"excerpt":{"rendered":"<div id=\"prod-overview\" class=\"prod-details uc ucv\">\n<p>Natychmiastowa poprawa d\u017awi\u0119ku w stosunku do blaszek z prasowanego metalu, cz\u0119sto spotykanych jako zwory wej\u015b\u0107 w kolumnach z dwoma parami gniazd. Wyposa\u017cony w najnowocze\u015bniejsze wtyki ChordOhmic 4 mm.<\/p>\n<p>Zaskakuj\u0105ca poprawa jako\u015bci d\u017awi\u0119ku. \u0141atwy w monta\u017cu. \u015awietnie wsp\u00f3\u0142pracuje z ka\u017cdym typem kabli g\u0142o\u015bnikowych.<\/p>\n<\/div>\n","protected":false},"featured_media":22935,"comment_status":"open","ping_status":"closed","template":"","meta":{"_acf_changed":false},"product_brand":[],"product_cat":[2336,2344],"product_tag":[],"class_list":{"0":"post-15837","1":"product","2":"type-product","3":"status-publish","4":"has-post-thumbnail","6":"product_cat-kable-glosnikowe","7":"product_cat-signature-pl","9":"first","10":"instock","11":"shipping-taxable","12":"purchasable","13":"product-type-simple"},"acf":[],"_links":{"self":[{"href":"https:\/\/chord.co.uk\/pl\/wp-json\/wp\/v2\/product\/15837","targetHints":{"allow":["GET"]}}],"collection":[{"href":"https:\/\/chord.co.uk\/pl\/wp-json\/wp\/v2\/product"}],"about":[{"href":"https:\/\/chord.co.uk\/pl\/wp-json\/wp\/v2\/types\/product"}],"replies":[{"embeddable":true,"href":"https:\/\/chord.co.uk\/pl\/wp-json\/wp\/v2\/comments?post=15837"}],"wp:featuredmedia":[{"embeddable":true,"href":"https:\/\/chord.co.uk\/pl\/wp-json\/wp\/v2\/media\/22935"}],"wp:attachment":[{"href":"https:\/\/chord.co.uk\/pl\/wp-json\/wp\/v2\/media?parent=15837"}],"wp:term":[{"taxonomy":"product_brand","embeddable":true,"href":"https:\/\/chord.co.uk\/pl\/wp-json\/wp\/v2\/product_brand?post=15837"},{"taxonomy":"product_cat","embeddable":true,"href":"https:\/\/chord.co.uk\/pl\/wp-json\/wp\/v2\/product_cat?post=15837"},{"taxonomy":"product_tag","embeddable":true,"href":"https:\/\/chord.co.uk\/pl\/wp-json\/wp\/v2\/product_tag?post=15837"}],"curies":[{"name":"wp","href":"https:\/\/api.w.org\/{rel}","templated":true}]}}