{"id":15838,"date":"2016-12-15T16:47:46","date_gmt":"2016-12-15T16:47:46","guid":{"rendered":"https:\/\/chord.co.uk\/product\/sarum-speaker-cable\/"},"modified":"2020-01-21T10:43:03","modified_gmt":"2020-01-21T10:43:03","slug":"sarum-speaker-cable","status":"publish","type":"product","link":"https:\/\/chord.co.uk\/pl\/produkt\/sarum-speaker-cable\/","title":{"rendered":"Sarum T &#8211; kabel g\u0142o\u015bnikowy"},"content":{"rendered":"<p>Oryginalny Chord Sarum by\u0142 naszym najbardziej przezroczystym d\u017awi\u0119kowo kablem g\u0142o\u015bnikowym, zaprojektowanym (podobnie jak wszystkie kable Chord) tak, aby mia\u0142 minimalny wp\u0142yw na sygna\u0142 audio.<\/p>\n<p>Sarum T kontynuuje sukces swojego wielokrotnie nagradzanego poprzednika, ale z prze\u0142omowym, zastrze\u017conym materia\u0142em izolacyjnym o nazwie Taylon, przynosz\u0105cym znaczn\u0105 popraw\u0119 jako\u015bci d\u017awi\u0119ku. Sarum T przenosi ten dielektryk do bardziej dost\u0119pnego poziomu cenowego. Poprzednie generacje kabli Sarum Super ARAY korzysta\u0142y z dielektryka PTFE. Zmiana na Taylon gwarantuje szereg korzy\u015bci w zakresie barwy, dynamiki i pasma przenoszenia.<\/p>\n<p>Dost\u0119pne s\u0105 r\u00f3wnie\u017c dedykowane zwory, kt\u00f3re zast\u0119puj\u0105 metalowe blaszki dostarczane z kolumnami g\u0142o\u015bnikowymi.<\/p>\n<p>Wszyscy sprzedawcy Sarum oferuj\u0105 zestawy kabli demonstracyjnych, kt\u00f3re mo\u017cesz zabra\u0107 do domu i je wypr\u00f3bowa\u0107. Pami\u0119taj przy tym, \u017ce najwa\u017cniejsza jest Twoja kolekcja muzyki, a nie hi-fi, ani nawet nie kabel g\u0142o\u015bnikowy.<\/p>\n<p>Sarum T budowany jest na zam\u00f3wienie i sprzedawany w gotowych zestawach.<\/p>\n","protected":false},"excerpt":{"rendered":"<p>Najnowsze wcielenie wielokrotnie nagradzanego kabla g\u0142o\u015bnikowego Sarum z Taylon &#8211; naszym wyj\u0105tkowym materia\u0142em izolacyjnym, wysokiej jako\u015bci posrebrzanymi wtykami i przeprojektowanymi zaciskami. Budowany na zam\u00f3wienie.<\/p>\n","protected":false},"featured_media":15490,"comment_status":"open","ping_status":"closed","template":"","meta":{"_acf_changed":false},"product_brand":[],"product_cat":[2336,2342],"product_tag":[2347,3375],"class_list":{"0":"post-15838","1":"product","2":"type-product","3":"status-publish","4":"has-post-thumbnail","6":"product_cat-kable-glosnikowe","7":"product_cat-sarum-t-pl","8":"product_tag-chord-company-pl","9":"product_tag-kabel","11":"first","12":"instock","13":"shipping-taxable","14":"purchasable","15":"product-type-simple"},"acf":[],"_links":{"self":[{"href":"https:\/\/chord.co.uk\/pl\/wp-json\/wp\/v2\/product\/15838","targetHints":{"allow":["GET"]}}],"collection":[{"href":"https:\/\/chord.co.uk\/pl\/wp-json\/wp\/v2\/product"}],"about":[{"href":"https:\/\/chord.co.uk\/pl\/wp-json\/wp\/v2\/types\/product"}],"replies":[{"embeddable":true,"href":"https:\/\/chord.co.uk\/pl\/wp-json\/wp\/v2\/comments?post=15838"}],"wp:featuredmedia":[{"embeddable":true,"href":"https:\/\/chord.co.uk\/pl\/wp-json\/wp\/v2\/media\/15490"}],"wp:attachment":[{"href":"https:\/\/chord.co.uk\/pl\/wp-json\/wp\/v2\/media?parent=15838"}],"wp:term":[{"taxonomy":"product_brand","embeddable":true,"href":"https:\/\/chord.co.uk\/pl\/wp-json\/wp\/v2\/product_brand?post=15838"},{"taxonomy":"product_cat","embeddable":true,"href":"https:\/\/chord.co.uk\/pl\/wp-json\/wp\/v2\/product_cat?post=15838"},{"taxonomy":"product_tag","embeddable":true,"href":"https:\/\/chord.co.uk\/pl\/wp-json\/wp\/v2\/product_tag?post=15838"}],"curies":[{"name":"wp","href":"https:\/\/api.w.org\/{rel}","templated":true}]}}