{"id":15839,"date":"2016-12-15T16:44:00","date_gmt":"2016-12-15T16:44:00","guid":{"rendered":"https:\/\/chord.co.uk\/product\/sarum-super-aray-digital\/"},"modified":"2019-10-10T10:49:17","modified_gmt":"2019-10-10T09:49:17","slug":"sarum-super-aray-digital","status":"publish","type":"product","link":"https:\/\/chord.co.uk\/pl\/produkt\/sarum-super-aray-digital\/","title":{"rendered":"Sarum T Digital"},"content":{"rendered":"<div>\n<p>Sarum T opiera si\u0119 na sukcesie naszej uznanej serii Sarum Super ARAY i wprowadza nasz prze\u0142omowy, zastrze\u017cony materia\u0142 izolacyjny, Taylon, przynosz\u0105cy znaczn\u0105 popraw\u0119 jako\u015bci d\u017awi\u0119ku. Sarum T zapewnia niezwyk\u0142e korzy\u015bci z naszego zastrze\u017conego dielektryka na nowym, bardziej dost\u0119pnym poziomie cenowym. Poprzednie generacje kabli Sarum Super ARAY korzysta\u0142y z dielektryka PTFE. Jego zamiana na Taylon gwarantuje wyj\u0105tkowy d\u017awi\u0119k.<\/p>\n<\/div>\n","protected":false},"excerpt":{"rendered":"<p>W serii znajdziemy ka\u017cdy, wysokiej klasy, kabel cyfrowy \u2013 i to wszystko za pomoc\u0105 kabli Super ARAY korzystaj\u0105cych z dielektryka Taylon. Ka\u017cdy typ kabla jest dostosowany do tej konkretnej aplikacji. Dost\u0119pne s\u0105 cyfrowe kable RCA, BNC, USB, AES\/EBU i LAN.<\/p>\n","protected":false},"featured_media":14948,"comment_status":"open","ping_status":"closed","template":"","meta":{"_acf_changed":false},"product_brand":[],"product_cat":[2328,2334,2342],"product_tag":[3378,2347,3379,3373,2363],"class_list":{"0":"post-15839","1":"product","2":"type-product","3":"status-publish","4":"has-post-thumbnail","6":"product_cat-interkonekty","7":"product_cat-kable-cyfrowe-i-usb","8":"product_cat-sarum-t-pl","9":"product_tag-bnc-pl","10":"product_tag-chord-company-pl","11":"product_tag-rca-pl","12":"product_tag-streaming-pl","13":"product_tag-usb-pl","15":"first","16":"instock","17":"shipping-taxable","18":"purchasable","19":"product-type-simple"},"acf":[],"_links":{"self":[{"href":"https:\/\/chord.co.uk\/pl\/wp-json\/wp\/v2\/product\/15839","targetHints":{"allow":["GET"]}}],"collection":[{"href":"https:\/\/chord.co.uk\/pl\/wp-json\/wp\/v2\/product"}],"about":[{"href":"https:\/\/chord.co.uk\/pl\/wp-json\/wp\/v2\/types\/product"}],"replies":[{"embeddable":true,"href":"https:\/\/chord.co.uk\/pl\/wp-json\/wp\/v2\/comments?post=15839"}],"wp:featuredmedia":[{"embeddable":true,"href":"https:\/\/chord.co.uk\/pl\/wp-json\/wp\/v2\/media\/14948"}],"wp:attachment":[{"href":"https:\/\/chord.co.uk\/pl\/wp-json\/wp\/v2\/media?parent=15839"}],"wp:term":[{"taxonomy":"product_brand","embeddable":true,"href":"https:\/\/chord.co.uk\/pl\/wp-json\/wp\/v2\/product_brand?post=15839"},{"taxonomy":"product_cat","embeddable":true,"href":"https:\/\/chord.co.uk\/pl\/wp-json\/wp\/v2\/product_cat?post=15839"},{"taxonomy":"product_tag","embeddable":true,"href":"https:\/\/chord.co.uk\/pl\/wp-json\/wp\/v2\/product_tag?post=15839"}],"curies":[{"name":"wp","href":"https:\/\/api.w.org\/{rel}","templated":true}]}}