{"id":15840,"date":"2016-12-15T16:39:20","date_gmt":"2016-12-15T16:39:20","guid":{"rendered":"https:\/\/chord.co.uk\/product\/sarum-super-aray-power-cable\/"},"modified":"2019-10-10T10:52:15","modified_gmt":"2019-10-10T09:52:15","slug":"sarum-super-aray-power-cable","status":"publish","type":"product","link":"https:\/\/chord.co.uk\/pl\/produkt\/sarum-super-aray-power-cable\/","title":{"rendered":"Sarum T &#8211; kabel zasilaj\u0105cy"},"content":{"rendered":"<p>Sarum T opiera si\u0119 na sukcesie naszej uznanej serii Sarum Super ARAY i wprowadza nasz prze\u0142omowy, zastrze\u017cony materia\u0142 izolacyjny, Taylon, przynosz\u0105c znaczn\u0105 popraw\u0119 jako\u015bci d\u017awi\u0119ku. Sarum T gwarantuje niezwyk\u0142y d\u017awi\u0119k na nowym, bardziej przyst\u0119pnym poziomie cenowym. Poprzednie generacje kabli Sarum Super ARAY zbudowane by\u0142y z wykorzystaniem dielektryka PTFE. Przej\u015bcie na Taylon wprowadza szereg zmian, kt\u00f3re przek\u0142adaj\u0105 si\u0119 na lepszy odbi\u00f3r muzyki.<\/p>\n<p>Wcze\u015bniejsze wersje kabli Sarum mo\u017cna zaktualizowa\u0107 do specyfikacji Sarum T. Skontaktuj si\u0119 z najbli\u017cszym sprzedawc\u0105 The Chord Company w celu uzyskania informacji o cenach. Dost\u0119pne s\u0105 r\u00f3wnie\u017c kable demonstracyjne, je\u015bli chcesz wypr\u00f3bowa\u0107 Sarum T we w\u0142asnym systemie.<\/p>\n","protected":false},"excerpt":{"rendered":"<p>Sarum T opiera si\u0119 na sukcesie naszej uznanej serii Sarum Super ARAY i wprowadza nasz prze\u0142omowy, zastrze\u017cony materia\u0142 izolacyjny, Taylon, przynosz\u0105c znaczn\u0105 popraw\u0119 jako\u015bci d\u017awi\u0119ku.<\/p>\n","protected":false},"featured_media":22901,"comment_status":"open","ping_status":"closed","template":"","meta":{"_acf_changed":false},"product_brand":[],"product_cat":[2335,2342],"product_tag":[],"class_list":{"0":"post-15840","1":"product","2":"type-product","3":"status-publish","4":"has-post-thumbnail","6":"product_cat-kable-zasilajace","7":"product_cat-sarum-t-pl","9":"first","10":"instock","11":"shipping-taxable","12":"purchasable","13":"product-type-simple"},"acf":[],"_links":{"self":[{"href":"https:\/\/chord.co.uk\/pl\/wp-json\/wp\/v2\/product\/15840","targetHints":{"allow":["GET"]}}],"collection":[{"href":"https:\/\/chord.co.uk\/pl\/wp-json\/wp\/v2\/product"}],"about":[{"href":"https:\/\/chord.co.uk\/pl\/wp-json\/wp\/v2\/types\/product"}],"replies":[{"embeddable":true,"href":"https:\/\/chord.co.uk\/pl\/wp-json\/wp\/v2\/comments?post=15840"}],"wp:featuredmedia":[{"embeddable":true,"href":"https:\/\/chord.co.uk\/pl\/wp-json\/wp\/v2\/media\/22901"}],"wp:attachment":[{"href":"https:\/\/chord.co.uk\/pl\/wp-json\/wp\/v2\/media?parent=15840"}],"wp:term":[{"taxonomy":"product_brand","embeddable":true,"href":"https:\/\/chord.co.uk\/pl\/wp-json\/wp\/v2\/product_brand?post=15840"},{"taxonomy":"product_cat","embeddable":true,"href":"https:\/\/chord.co.uk\/pl\/wp-json\/wp\/v2\/product_cat?post=15840"},{"taxonomy":"product_tag","embeddable":true,"href":"https:\/\/chord.co.uk\/pl\/wp-json\/wp\/v2\/product_tag?post=15840"}],"curies":[{"name":"wp","href":"https:\/\/api.w.org\/{rel}","templated":true}]}}