{"id":15841,"date":"2016-12-15T16:22:35","date_gmt":"2016-12-15T16:22:35","guid":{"rendered":"https:\/\/chord.co.uk\/product\/sarum-super-aray-analogue-rca\/"},"modified":"2019-10-10T10:57:12","modified_gmt":"2019-10-10T09:57:12","slug":"sarum-super-aray-analogue-rca","status":"publish","type":"product","link":"https:\/\/chord.co.uk\/pl\/produkt\/sarum-super-aray-analogue-rca\/","title":{"rendered":"Sarum T &#8211; inrerkonekt analogowy RCA"},"content":{"rendered":"<p>Sarum T opiera si\u0119 na sukcesie naszej uznanej serii Sarum Super ARAY i wprowadza nasz prze\u0142omowy, zastrze\u017cony materia\u0142 izolacyjny, Taylon, przynosz\u0105c znaczn\u0105 popraw\u0119 jako\u015bci d\u017awi\u0119ku. Dzi\u0119ki temu mo\u017cemy uzyska\u0107 lepsze brzmienie na bardziej przyst\u0119pnym poziomie cenowym. Poprzednie generacje kabli Sarum Super ARAY korzysta\u0142y z dielektryka PTFE. Przej\u015bcie na materia\u0142 Taylon to zmiana na lepsze.<\/p>\n<p>Wcze\u015bniejsze wersje kabli Sarum mo\u017cna zaktualizowa\u0107 do specyfikacji Sarum T. Skontaktuj si\u0119 z najbli\u017cszym sprzedawc\u0105 The Company Sarum w celu uzyskania informacji o cenach. Dost\u0119pne s\u0105 r\u00f3wnie\u017c kable demonstracyjne, je\u015bli chcesz wypr\u00f3bowa\u0107 Sarum T we w\u0142asnym systemie.<\/p>\n<p>Dost\u0119pne s\u0105 r\u00f3wnie\u017c analogowe interkonekty Sarum T wyposa\u017cone we wtyki DIN i XLR.<\/p>\n","protected":false},"excerpt":{"rendered":"<p>Unikalna izolacja Taylon firmy Chord \u2013 stabilna faza i neutralny d\u017awi\u0119k. To najwi\u0119kszy krok naprz\u00f3d w jako\u015bci d\u017awi\u0119ku od czasu wprowadzenia do konstrukcji kabli dielektryka PTFE. Dost\u0119pne z wtykami RCA, DIN i XLR.<\/p>\n","protected":false},"featured_media":14941,"comment_status":"open","ping_status":"closed","template":"","meta":{"_acf_changed":false},"product_brand":[],"product_cat":[2330,2328,2342],"product_tag":[],"class_list":{"0":"post-15841","1":"product","2":"type-product","3":"status-publish","4":"has-post-thumbnail","6":"product_cat-analogowe-rca","7":"product_cat-interkonekty","8":"product_cat-sarum-t-pl","10":"first","11":"instock","12":"shipping-taxable","13":"purchasable","14":"product-type-simple"},"acf":[],"_links":{"self":[{"href":"https:\/\/chord.co.uk\/pl\/wp-json\/wp\/v2\/product\/15841","targetHints":{"allow":["GET"]}}],"collection":[{"href":"https:\/\/chord.co.uk\/pl\/wp-json\/wp\/v2\/product"}],"about":[{"href":"https:\/\/chord.co.uk\/pl\/wp-json\/wp\/v2\/types\/product"}],"replies":[{"embeddable":true,"href":"https:\/\/chord.co.uk\/pl\/wp-json\/wp\/v2\/comments?post=15841"}],"wp:featuredmedia":[{"embeddable":true,"href":"https:\/\/chord.co.uk\/pl\/wp-json\/wp\/v2\/media\/14941"}],"wp:attachment":[{"href":"https:\/\/chord.co.uk\/pl\/wp-json\/wp\/v2\/media?parent=15841"}],"wp:term":[{"taxonomy":"product_brand","embeddable":true,"href":"https:\/\/chord.co.uk\/pl\/wp-json\/wp\/v2\/product_brand?post=15841"},{"taxonomy":"product_cat","embeddable":true,"href":"https:\/\/chord.co.uk\/pl\/wp-json\/wp\/v2\/product_cat?post=15841"},{"taxonomy":"product_tag","embeddable":true,"href":"https:\/\/chord.co.uk\/pl\/wp-json\/wp\/v2\/product_tag?post=15841"}],"curies":[{"name":"wp","href":"https:\/\/api.w.org\/{rel}","templated":true}]}}