{"id":15842,"date":"2016-12-15T16:16:56","date_gmt":"2016-12-15T16:16:56","guid":{"rendered":"https:\/\/chord.co.uk\/product\/signature-analogue-tuned-aray-din-din-rca-cables\/"},"modified":"2020-01-21T10:59:55","modified_gmt":"2020-01-21T10:59:55","slug":"signature-analogue-tuned-aray-din-din-rca-cables","status":"publish","type":"product","link":"https:\/\/chord.co.uk\/pl\/produkt\/signature-analogue-tuned-aray-din-din-rca-cables\/","title":{"rendered":"Signature Tuned ARAY &#8211; interkonekt DIN"},"content":{"rendered":"<p>Oryginalny interkonekt Signature zosta\u0142 zaprojektowany jako kabel RCA i nie mo\u017cna go by\u0142o zako\u0144czy\u0107 wtykami DIN. To nie powstrzyma\u0142o ludzi od u\u017cywania Signature z adapterami DIN &#8211; RCA. Kiedy wi\u0119c pojawi\u0142a si\u0119 szansa na przeprojektowanie kabla w celu wyprodukowania wersji Tuned ARAY, upewnili\u015bmy si\u0119, \u017ce mo\u017cna go wyposa\u017cy\u0107 w z\u0142\u0105cza RCA, XLR i DIN.<\/p>\n<p>Producenci sprz\u0119tu audio s\u0105 dumni z faktu, \u017ce ich systemy mog\u0105 odtwarza\u0107 muzyk\u0119 o fantastycznej rytmiczno\u015bci, z groovem i g\u0142\u0119bi\u0105. Kable Signature Tuned ARAY DIN sta\u0142y si\u0119 tak popularne, poniewa\u017c ujawni\u0142y, jak dobrze te komponenty odtwarzaj\u0105 muzyk\u0119, przywracaj\u0105c j\u0105 do \u017cycia. Signature Tuned ARAY przynosi zmiany w bardziej przyst\u0119pnych cenach, w systemach po\u0142\u0105czonych kablami DIN. To tak\u017ce dobry interkonekt do wypr\u00f3bowania w starszych systemach. Ostatecznie system hi-fi b\u0119dzie brzmia\u0142 tak dobrze, jak jego najs\u0142abszy element. Kabel Signature Tuned ARAY pozwala us\u0142ysze\u0107, jak dobre s\u0105 komponenty &#8211; i cz\u0119sto s\u0105 one znacznie lepsze ni\u017c my\u015blisz.<\/p>\n<p>Kable Signature Tuned ARAY DIN s\u0105 dost\u0119pne w konfiguracjach DIN na DIN, RCA na DIN i DIN na XLR. Standardowa d\u0142ugo\u015b\u0107, to 1 m, z niestandardowymi d\u0142ugo\u015bciami dost\u0119pnymi na zam\u00f3wienie.<\/p>\n","protected":false},"excerpt":{"rendered":"<p>Wykonanie Signature Tuned ARAY oznacza\u0142o przeprojektowanie geometrii przewod\u00f3w. Bior\u0105c pod uwag\u0119 popularno\u015b\u0107 kabli Sarum w\u015br\u00f3d w\u0142a\u015bcicieli produkt\u00f3w marki Naim, nowe przewodniki Signature musia\u0142y by\u0107 wi\u0119c kompatybilne z wtyczkami DIN. Signature Tuned ARAY DIN przywraca do \u017cycia niedrogie systemy Naim w taki sam spos\u00f3b, w jaki Sarum robi to w systemach high-end.<\/p>\n","protected":false},"featured_media":24313,"comment_status":"open","ping_status":"closed","template":"","meta":{"_acf_changed":false},"product_brand":[],"product_cat":[2329,2328,2344],"product_tag":[3392,3323,2347,3394,3374,3376,3375,3395,2361],"class_list":{"0":"post-15842","1":"product","2":"type-product","3":"status-publish","4":"has-post-thumbnail","6":"product_cat-analogowe-din","7":"product_cat-interkonekty","8":"product_cat-signature-pl","9":"product_tag-analogowy","10":"product_tag-audio-pl","11":"product_tag-chord-company-pl","12":"product_tag-din-pl","13":"product_tag-hi-fi-pl","14":"product_tag-interkonekt","15":"product_tag-kabel","16":"product_tag-naim-audio-pl","17":"product_tag-signature-pl","19":"first","20":"instock","21":"shipping-taxable","22":"purchasable","23":"product-type-simple"},"acf":[],"_links":{"self":[{"href":"https:\/\/chord.co.uk\/pl\/wp-json\/wp\/v2\/product\/15842","targetHints":{"allow":["GET"]}}],"collection":[{"href":"https:\/\/chord.co.uk\/pl\/wp-json\/wp\/v2\/product"}],"about":[{"href":"https:\/\/chord.co.uk\/pl\/wp-json\/wp\/v2\/types\/product"}],"replies":[{"embeddable":true,"href":"https:\/\/chord.co.uk\/pl\/wp-json\/wp\/v2\/comments?post=15842"}],"wp:featuredmedia":[{"embeddable":true,"href":"https:\/\/chord.co.uk\/pl\/wp-json\/wp\/v2\/media\/24313"}],"wp:attachment":[{"href":"https:\/\/chord.co.uk\/pl\/wp-json\/wp\/v2\/media?parent=15842"}],"wp:term":[{"taxonomy":"product_brand","embeddable":true,"href":"https:\/\/chord.co.uk\/pl\/wp-json\/wp\/v2\/product_brand?post=15842"},{"taxonomy":"product_cat","embeddable":true,"href":"https:\/\/chord.co.uk\/pl\/wp-json\/wp\/v2\/product_cat?post=15842"},{"taxonomy":"product_tag","embeddable":true,"href":"https:\/\/chord.co.uk\/pl\/wp-json\/wp\/v2\/product_tag?post=15842"}],"curies":[{"name":"wp","href":"https:\/\/api.w.org\/{rel}","templated":true}]}}