{"id":15843,"date":"2016-12-15T16:11:38","date_gmt":"2016-12-15T16:11:38","guid":{"rendered":"https:\/\/chord.co.uk\/product\/signature-tuned-aray-analogue-xlr\/"},"modified":"2019-10-10T11:12:50","modified_gmt":"2019-10-10T10:12:50","slug":"signature-tuned-aray-analogue-xlr","status":"publish","type":"product","link":"https:\/\/chord.co.uk\/pl\/produkt\/signature-tuned-aray-analogue-xlr\/","title":{"rendered":"Signature Tuned ARAY &#8211; interkonekt analogowy XLR"},"content":{"rendered":"<p>U\u017cycie identycznych przewod\u00f3w dla biegu dodatniego i powrotnego jest \u0142atwym sposobem, by poprawi\u0107 jako\u015b\u0107 kabla audio \u2013 to co\u015b, co robimy od wielu lat. W przypadku wielu kabli XLR dwa przewody sygna\u0142owe s\u0105 wykorzystywane do przesy\u0142ania sygna\u0142u dodatniego (w fazie) i ujemnego (o odwr\u00f3conej fazie), podczas gdy uziemienie to najcz\u0119\u015bciej ekran.<\/p>\n<p>Uwa\u017camy, \u017ce jest lepszy spos\u00f3b, wi\u0119c dodajemy trzeci identyczny przewodnik dla uziemienia (powrotu). Usuwa on z ekran z obwodu i dzi\u0119ki temu mo\u017cemy zmniejszy\u0107 zak\u0142\u00f3cenia. Wszystkie nasze kable analogowe XLR s\u0105 zbudowane w ten spos\u00f3b.<\/p>\n<p>Korzystamy r\u00f3wnie\u017c z geometrii przewodu Tuned ARAY, czarnego ochronnego oplotu i posrebrzanych wtyczek Neutrik XLR.<\/p>\n<p>Dzi\u0119ki zastosowaniu osobnego ekranowania na wszystkich trzech przewodnikach i geometrii Tuned ARAY, byli\u015bmy w stanie wyprodukowa\u0107 neutralny i muzycznie satysfakcjonuj\u0105cy kabel XLR.<\/p>\n<p>Je\u015bli masz zar\u00f3wno po\u0142\u0105czenia RCA, jak i XLR i nie zdecydowa\u0142e\u015b si\u0119, kt\u00f3re wolisz, rozwa\u017c wypr\u00f3bowanie zar\u00f3wno Signature XLR, jak i RCA Tuned ARAY i por\u00f3wnaj je. Tw\u00f3j sprzedawca firmy Chord Company powinien mie\u0107 dost\u0119pne kable demonstracyjne.<\/p>\n","protected":false},"excerpt":{"rendered":"<p>Kable XLR cz\u0119sto korzystaj\u0105 z dw\u00f3ch przewod\u00f3w do przenoszenia sygna\u0142\u00f3w i z trzeciego \u2013 uziemienia, kt\u00f3ry jest te\u017c ekranem. My dodajemy trzeci identyczny przewodnik dla sygna\u0142u powrotnego. Ekran jest poza obwodem, a zak\u0142\u00f3cenia s\u0105 zminimalizowane.<\/p>\n","protected":false},"featured_media":24321,"comment_status":"open","ping_status":"closed","template":"","meta":{"_acf_changed":false},"product_brand":[],"product_cat":[2331,2328,2344],"product_tag":[],"class_list":{"0":"post-15843","1":"product","2":"type-product","3":"status-publish","4":"has-post-thumbnail","6":"product_cat-analogowe-xlr","7":"product_cat-interkonekty","8":"product_cat-signature-pl","10":"first","11":"instock","12":"shipping-taxable","13":"purchasable","14":"product-type-simple"},"acf":[],"_links":{"self":[{"href":"https:\/\/chord.co.uk\/pl\/wp-json\/wp\/v2\/product\/15843","targetHints":{"allow":["GET"]}}],"collection":[{"href":"https:\/\/chord.co.uk\/pl\/wp-json\/wp\/v2\/product"}],"about":[{"href":"https:\/\/chord.co.uk\/pl\/wp-json\/wp\/v2\/types\/product"}],"replies":[{"embeddable":true,"href":"https:\/\/chord.co.uk\/pl\/wp-json\/wp\/v2\/comments?post=15843"}],"wp:featuredmedia":[{"embeddable":true,"href":"https:\/\/chord.co.uk\/pl\/wp-json\/wp\/v2\/media\/24321"}],"wp:attachment":[{"href":"https:\/\/chord.co.uk\/pl\/wp-json\/wp\/v2\/media?parent=15843"}],"wp:term":[{"taxonomy":"product_brand","embeddable":true,"href":"https:\/\/chord.co.uk\/pl\/wp-json\/wp\/v2\/product_brand?post=15843"},{"taxonomy":"product_cat","embeddable":true,"href":"https:\/\/chord.co.uk\/pl\/wp-json\/wp\/v2\/product_cat?post=15843"},{"taxonomy":"product_tag","embeddable":true,"href":"https:\/\/chord.co.uk\/pl\/wp-json\/wp\/v2\/product_tag?post=15843"}],"curies":[{"name":"wp","href":"https:\/\/api.w.org\/{rel}","templated":true}]}}