{"id":15844,"date":"2016-12-15T16:07:46","date_gmt":"2016-12-15T16:07:46","guid":{"rendered":"https:\/\/chord.co.uk\/product\/signature-tuned-aray-analogue-rca\/"},"modified":"2019-10-10T11:23:19","modified_gmt":"2019-10-10T10:23:19","slug":"signature-tuned-aray-analogue-rca","status":"publish","type":"product","link":"https:\/\/chord.co.uk\/pl\/produkt\/signature-tuned-aray-analogue-rca\/","title":{"rendered":"Signature Tuned ARAY &#8211; interkonekt analogowy RCA"},"content":{"rendered":"<p>Signature Tuned ARAY RCA wykorzystuje osobno ekranowane, wykonane z posrebrzanej miedzi OFC \u00a0przewodniki w geometrii Tuned ARAY, izolacj\u0119 PTFE, dwuwarstwow\u0105 foli\u0119 oraz ekran pleciony o wysokiej g\u0119sto\u015bci, dzia\u0142aj\u0105cy na bardzo wysokie cz\u0119stotliwo\u015bci. P\u0142aszcz zewn\u0119trzny ka\u017cdego przewodu wykonano z FEP, a niezmienion\u0105 konfiguracj\u0119 kabla zapewnia specjalny system mechaniczny.<\/p>\n<p>Najnowsza wersja RCA jest wyposa\u017cona we wtyczki z dielektrykiem PTFE. Chocia\u017c nie s\u0105 a\u017c tak pi\u0119kne, jak poprzednie wersje akrylowe, zapewniaj\u0105 znacznie lepsz\u0105 jako\u015b\u0107 d\u017awi\u0119ku. Poprawie uleg\u0142a przejrzysto\u015b\u0107, zmniejszono r\u00f3wnie\u017c indukowane mechanicznie szumy. Dlatego te\u017c oferujemy mo\u017cliwo\u015b\u0107 zmiany starszych wtyk\u00f3w z akrylowymi os\u0142onami \u2013 wystarczy zwr\u00f3ci\u0107 swoje kable do sprzedawcy w celu zamontowania wersji PTFE.<\/p>\n<p>Signature Tuned ARAY RCA jest dost\u0119pny w d\u0142ugo\u015bci 1 m, a niestandardowe d\u0142ugo\u015bci s\u0105 dost\u0119pne na zam\u00f3wienie.<\/p>\n","protected":false},"excerpt":{"rendered":"<p>Doskona\u0142y przyk\u0142ad tego, dlaczego kable Tuned ARAY s\u0105 tak wyj\u0105tkowe. S\u0105 wyj\u0105tkowo przejrzyste i muzykalne. Zaskocz\u0105 s\u0142uchaczy maj\u0105cych znacznie dro\u017csze kable i zagraj\u0105 wybitnie w systemach kosztuj\u0105cych tyle samo, co sam kabel. Pod\u0142\u0105cz Signature Tuned ARAY do dowolnego odtwarzacza ze \u015bredniej p\u00f3\u0142ki cenowej, a us\u0142yszysz rzeczy, o kt\u00f3rych nawet nie marzy\u0142e\u015b.<\/p>\n","protected":false},"featured_media":24317,"comment_status":"open","ping_status":"closed","template":"","meta":{"_acf_changed":false},"product_brand":[],"product_cat":[2330,2328,2344],"product_tag":[],"class_list":{"0":"post-15844","1":"product","2":"type-product","3":"status-publish","4":"has-post-thumbnail","6":"product_cat-analogowe-rca","7":"product_cat-interkonekty","8":"product_cat-signature-pl","10":"first","11":"instock","12":"shipping-taxable","13":"purchasable","14":"product-type-simple"},"acf":[],"_links":{"self":[{"href":"https:\/\/chord.co.uk\/pl\/wp-json\/wp\/v2\/product\/15844","targetHints":{"allow":["GET"]}}],"collection":[{"href":"https:\/\/chord.co.uk\/pl\/wp-json\/wp\/v2\/product"}],"about":[{"href":"https:\/\/chord.co.uk\/pl\/wp-json\/wp\/v2\/types\/product"}],"replies":[{"embeddable":true,"href":"https:\/\/chord.co.uk\/pl\/wp-json\/wp\/v2\/comments?post=15844"}],"wp:featuredmedia":[{"embeddable":true,"href":"https:\/\/chord.co.uk\/pl\/wp-json\/wp\/v2\/media\/24317"}],"wp:attachment":[{"href":"https:\/\/chord.co.uk\/pl\/wp-json\/wp\/v2\/media?parent=15844"}],"wp:term":[{"taxonomy":"product_brand","embeddable":true,"href":"https:\/\/chord.co.uk\/pl\/wp-json\/wp\/v2\/product_brand?post=15844"},{"taxonomy":"product_cat","embeddable":true,"href":"https:\/\/chord.co.uk\/pl\/wp-json\/wp\/v2\/product_cat?post=15844"},{"taxonomy":"product_tag","embeddable":true,"href":"https:\/\/chord.co.uk\/pl\/wp-json\/wp\/v2\/product_tag?post=15844"}],"curies":[{"name":"wp","href":"https:\/\/api.w.org\/{rel}","templated":true}]}}