{"id":15845,"date":"2016-12-15T15:57:03","date_gmt":"2016-12-15T15:57:03","guid":{"rendered":"https:\/\/chord.co.uk\/product\/signature-reference-speaker-cable\/"},"modified":"2019-10-17T08:30:59","modified_gmt":"2019-10-17T07:30:59","slug":"signature-reference-speaker-cable","status":"publish","type":"product","link":"https:\/\/chord.co.uk\/pl\/produkt\/signature-reference-speaker-cable\/","title":{"rendered":"Signature XL &#8211; kabel g\u0142o\u015bnikowy"},"content":{"rendered":"<p>Signature XL jest najnowsz\u0105 wersj\u0105 jednego z naszych najd\u0142u\u017cej produkowanych (i powszechnie docenianych) produkt\u00f3w. Oryginalny Signature by\u0142 naszym pierwszym ekranowanym kablem g\u0142o\u015bnikowym (2004) i by\u0142 du\u017cym krokiem w prz\u00f3d, je\u015bli chodzi o jako\u015b\u0107 d\u017awi\u0119ku.<\/p>\n<p>By\u0142 to tak\u017ce najwi\u0119kszy, najmniej gi\u0119tki i najbardziej otwarty na g\u00f3rze pasma kabel, jaki kiedykolwiek wyprodukowali\u015bmy. Przewodnikiem by\u0142a beztlenowa mied\u017a, izolacj\u0105 spieniony gazem polietylen, ekranowanie by\u0142o tr\u00f3jwarstwowym po\u0142\u0105czeniem plecionki i folii, skutecznym dla wysokich cz\u0119stotliwo\u015bci, a p\u0142aszcz zewn\u0119trzny wykonany by\u0142 z elastycznego polietylenu. Kabel by\u0142 na tyle gi\u0119tki, aby mo\u017cna go by\u0142o u\u017cy\u0107 w systemie. Nie musieli\u015bmy wysy\u0142a\u0107 \u017cadnych komunikat\u00f3w prasowych ani prosi\u0107 o recenzje, bo wie\u015b\u0107 o nim podawana by\u0142a z ust do ust tak szybko, \u017ce przez pewien czas istnia\u0142a lista oczekuj\u0105cych.<\/p>\n<p>Konstrukcja kabla pozosta\u0142a niezmieniona przez oko\u0142o dziesi\u0119\u0107 lat, dop\u00f3ki nie mogli\u015bmy zastosowa\u0107 lepszych technik i materia\u0142\u00f3w, takich jak bardziej efektywne ekranowanie, posrebrzane przewodniki i izolacja PTFE, kt\u00f3re zapewni\u0142yby bardziej neutraln\u0105 charakterystyk\u0119 tonaln\u0105 i lepsze oddanie szczeg\u00f3\u0142\u00f3w, dynamiki i barwy. Tak narodzi\u0142 si\u0119 kabel Signature Reference.<\/p>\n<p>Signature Reference, podobnie jak wi\u0119kszo\u015b\u0107 naszych kabli, korzysta\u0142 z izolacji PTFE (cz\u0119sto nazywanej Teflonem), kt\u00f3ry do momentu pojawienia si\u0119 Taylonu by\u0142 dla nas materia\u0142em \u201epierwszego wyboru\u201d. Chocia\u017c by\u0142 drogi, oferowa\u0142 najlepsz\u0105 jako\u015b\u0107 brzmienia.<\/p>\n<p>Technologia materia\u0142owa stale si\u0119 rozwija i ulepsza, a obecnie dost\u0119pne s\u0105 ciekawe alternatywy dla PTFE. Podczas gdy wysoki koszt Taylonu uniemo\u017cliwia nam stosowanie go w serii Signature, uda\u0142o nam si\u0119 w jego miejsce znale\u017a\u0107 odpowiedni\u0105 rodzin\u0119 materia\u0142\u00f3w izolacyjnych znanych jako XLPE (usieciowany polietylen). Jedna wersja tego materia\u0142u wygl\u0105da\u0142a\u0142a szczeg\u00f3lnie interesuj\u0105co, a po testach ods\u0142uchowych okaza\u0142a si\u0119 wyra\u017anie lepsza ni\u017c PTFE w Signature Reference.<\/p>\n<p>Ka\u017cdy zestaw kabli g\u0142o\u015bnikowych Signature XL jest budowany na zam\u00f3wienie i zako\u0144czony w naszej brytyjskiej fabryce za pomoc\u0105 wtyk\u00f3w bananowych 4 mm ChordOhmic lub gniazd wide\u0142kowych ChordOhmic. Dost\u0119pne w kombinacjach kolor\u00f3w czerwony\/czarny lub ca\u0142y czarny.<\/p>\n<p>Wszystkie te zmiany razem to znacz\u0105cy krok naprz\u00f3d w reprodukcji muzyki w tym przedziale cenowym &#8211; ale nie musicie wierzy\u0107 nam na s\u0142owo. Popro\u015bcie o ods\u0142uch u najbli\u017cszego sprzedawcy firmy Chord Company i przekonajcie si\u0119 sami, co ten kabel mo\u017ce przynie\u015b\u0107 do waszego systemu i ulubionych nagra\u0144.<\/p>\n<p>Sprzedawane w zako\u0144czonych zestawach. Opcje niestandardowe dost\u0119pne na \u017cyczenie.<\/p>\n","protected":false},"excerpt":{"rendered":"<p>Kolejny produkt, kt\u00f3ry nie wymaga\u0142 komunikatu prasowego ani recenzji. Wie\u015b\u0107 o nim rozesz\u0142a si\u0119 jednak tak szybko ustnie, \u017ce przez chwil\u0119 mieli\u015bmy sta\u0142\u0105 list\u0119 oczekuj\u0105cych. Scena d\u017awi\u0119kowa jest z nim wystarczaj\u0105co du\u017ca, aby do niej \u201ewej\u015b\u0107\u201d i wystarczaj\u0105co dok\u0142adna, aby \u201ezobaczy\u0107\u201d poszczeg\u00f3lnych wykonawc\u00f3w z orkiestry.<\/p>\n","protected":false},"featured_media":15487,"comment_status":"open","ping_status":"closed","template":"","meta":{"_acf_changed":false},"product_brand":[],"product_cat":[2336,2344],"product_tag":[3323,2347,3374,2361,2366],"class_list":{"0":"post-15845","1":"product","2":"type-product","3":"status-publish","4":"has-post-thumbnail","6":"product_cat-kable-glosnikowe","7":"product_cat-signature-pl","8":"product_tag-audio-pl","9":"product_tag-chord-company-pl","10":"product_tag-hi-fi-pl","11":"product_tag-signature-pl","12":"product_tag-xlpe-pl","14":"first","15":"instock","16":"shipping-taxable","17":"purchasable","18":"product-type-simple"},"acf":[],"_links":{"self":[{"href":"https:\/\/chord.co.uk\/pl\/wp-json\/wp\/v2\/product\/15845","targetHints":{"allow":["GET"]}}],"collection":[{"href":"https:\/\/chord.co.uk\/pl\/wp-json\/wp\/v2\/product"}],"about":[{"href":"https:\/\/chord.co.uk\/pl\/wp-json\/wp\/v2\/types\/product"}],"replies":[{"embeddable":true,"href":"https:\/\/chord.co.uk\/pl\/wp-json\/wp\/v2\/comments?post=15845"}],"wp:featuredmedia":[{"embeddable":true,"href":"https:\/\/chord.co.uk\/pl\/wp-json\/wp\/v2\/media\/15487"}],"wp:attachment":[{"href":"https:\/\/chord.co.uk\/pl\/wp-json\/wp\/v2\/media?parent=15845"}],"wp:term":[{"taxonomy":"product_brand","embeddable":true,"href":"https:\/\/chord.co.uk\/pl\/wp-json\/wp\/v2\/product_brand?post=15845"},{"taxonomy":"product_cat","embeddable":true,"href":"https:\/\/chord.co.uk\/pl\/wp-json\/wp\/v2\/product_cat?post=15845"},{"taxonomy":"product_tag","embeddable":true,"href":"https:\/\/chord.co.uk\/pl\/wp-json\/wp\/v2\/product_tag?post=15845"}],"curies":[{"name":"wp","href":"https:\/\/api.w.org\/{rel}","templated":true}]}}