{"id":15846,"date":"2016-12-15T15:53:53","date_gmt":"2016-12-15T15:53:53","guid":{"rendered":"https:\/\/chord.co.uk\/product\/signature-aray-power-cable\/"},"modified":"2019-10-17T08:41:23","modified_gmt":"2019-10-17T07:41:23","slug":"signature-aray-power-cable","status":"publish","type":"product","link":"https:\/\/chord.co.uk\/pl\/produkt\/signature-aray-power-cable\/","title":{"rendered":"Signature ARAY &#8211; kabel zasilaj\u0105cy"},"content":{"rendered":"<p>Nasz pierwszy produkt w kontrowersyjnym \u015bwiecie kabli zasilaj\u0105cych hi-fi to by\u0142 Chord Power Chord. Dzi\u0119ki wiedzy, kt\u00f3r\u0105 zyskali\u015bmy przy opracowaniu skutecznego ekranowania, byli\u015bmy w stanie przygotowa\u0107 kabel zasilaj\u0105cy dzia\u0142aj\u0105cy w podobny spos\u00f3b niezale\u017cnie od systemu. Ekranowanie to by\u0142a ta \u0142atwa cz\u0119\u015b\u0107. Nauczyli\u015bmy si\u0119 w tym czasie o wiele znacznie mniej oczywistych rzeczy. Byli\u015bmy naprawd\u0119 zszokowani cisz\u0105 mi\u0119dzy nutami i tym, jak bardzo zmieni\u0142o to nasze muzyczne do\u015bwiadczenia.<\/p>\n<p>To wtedy, po raz pierwszy, opracowali\u015bmy wtyczki zasilaj\u0105ce i IEC wed\u0142ug w\u0142asnego projektu. To by\u0142o naprawd\u0119 co\u015b! Grubo posrebrzane styki, silikonowe t\u0142umienie drga\u0144, aby zminimalizowa\u0107 wibracje mi\u0119dzy g\u00f3rn\u0105 i doln\u0105 cz\u0119\u015bci\u0105 wtyczki i grubo posrebrzane styki r\u00f3wnie\u017c w IEC. Tak powsta\u0142 kabel zasilaj\u0105cy Signature ARAY. Wyposa\u017cony w nasze nowe posrebrzane wtyki sieciowe i IEC z konfiguracj\u0105 ARAY i z dwuwarstwowym ekranem z oplotem o wysokiej g\u0119sto\u015bci pokrycia 95%.<\/p>\n<p>Po zamontowaniu w systemie audio kabla zasilaj\u0105cego ARAY \u0142atwo us\u0142ysze\u0107, czego nagle brakuje. Szumu! Ten brak szum\u00f3w oznacza wi\u0119cej muzyki i wi\u0119cej naprawd\u0119 pi\u0119knych rzeczy. To opadaj\u0105ce d\u017awi\u0119ki nut fortepianu, prawdziwy atak werbla lub kontrolowana agresja gitary Fender Telecaster.<\/p>\n<p>Wypo\u017cyczcie na weekend kabel zasilaj\u0105cy ARAY od lokalnego sprzedawcy i pod\u0142\u0105czcie go do \u017ar\u00f3d\u0142a sygna\u0142u. Dlaczego do \u017ar\u00f3d\u0142a? &#8211; Poniewa\u017c je\u015bli zredukujesz zak\u0142\u00f3cenia pochodz\u0105ce z sygna\u0142u na samym pocz\u0105tku, us\u0142yszysz zmiany w ca\u0142ym systemie. Co nie znaczy, \u017ce dodanie kolejnego kabla nie poprawi sytuacji \u2013 b\u0119dzie jeszcze lepiej. Regularnie u\u017cywamy naszego transportu CD, aby zademonstrowa\u0107, co mo\u017ce zrobi\u0107 jeden kabel zasilaj\u0105cy w systemie, a gdy s\u0142uchacz jest ju\u017c w szoku, dodajemy pozosta\u0142e kable do reszty systemu! Nie robimy za ich pomoc\u0105 \u017cadnych sztuczek, po prostu wykorzystujemy nasze do\u015bwiadczenie, dzi\u0119ki kt\u00f3remu Tw\u00f3j system brzmi bardziej muzykalnie.<\/p>\n","protected":false},"excerpt":{"rendered":"<p>Dzi\u0119ki wiedzy, kt\u00f3r\u0105 zyskali\u015bmy dzi\u0119ki opracowaniu skutecznego ekranowania, byli\u015bmy w stanie zaproponowa\u0107 kabel zasilaj\u0105cy, kt\u00f3rego dzia\u0142anie sprawdza si\u0119 w ka\u017cdym systemie.<\/p>\n","protected":false},"featured_media":14418,"comment_status":"open","ping_status":"closed","template":"","meta":{"_acf_changed":false},"product_brand":[],"product_cat":[2335,2344],"product_tag":[],"class_list":{"0":"post-15846","1":"product","2":"type-product","3":"status-publish","4":"has-post-thumbnail","6":"product_cat-kable-zasilajace","7":"product_cat-signature-pl","9":"first","10":"instock","11":"shipping-taxable","12":"purchasable","13":"product-type-simple"},"acf":[],"_links":{"self":[{"href":"https:\/\/chord.co.uk\/pl\/wp-json\/wp\/v2\/product\/15846","targetHints":{"allow":["GET"]}}],"collection":[{"href":"https:\/\/chord.co.uk\/pl\/wp-json\/wp\/v2\/product"}],"about":[{"href":"https:\/\/chord.co.uk\/pl\/wp-json\/wp\/v2\/types\/product"}],"replies":[{"embeddable":true,"href":"https:\/\/chord.co.uk\/pl\/wp-json\/wp\/v2\/comments?post=15846"}],"wp:featuredmedia":[{"embeddable":true,"href":"https:\/\/chord.co.uk\/pl\/wp-json\/wp\/v2\/media\/14418"}],"wp:attachment":[{"href":"https:\/\/chord.co.uk\/pl\/wp-json\/wp\/v2\/media?parent=15846"}],"wp:term":[{"taxonomy":"product_brand","embeddable":true,"href":"https:\/\/chord.co.uk\/pl\/wp-json\/wp\/v2\/product_brand?post=15846"},{"taxonomy":"product_cat","embeddable":true,"href":"https:\/\/chord.co.uk\/pl\/wp-json\/wp\/v2\/product_cat?post=15846"},{"taxonomy":"product_tag","embeddable":true,"href":"https:\/\/chord.co.uk\/pl\/wp-json\/wp\/v2\/product_tag?post=15846"}],"curies":[{"name":"wp","href":"https:\/\/api.w.org\/{rel}","templated":true}]}}