{"id":15847,"date":"2016-12-15T15:51:17","date_gmt":"2016-12-15T15:51:17","guid":{"rendered":"https:\/\/chord.co.uk\/product\/signature-super-aray-aesebu\/"},"modified":"2019-10-17T09:06:49","modified_gmt":"2019-10-17T08:06:49","slug":"signature-super-aray-aesebu","status":"publish","type":"product","link":"https:\/\/chord.co.uk\/pl\/produkt\/signature-super-aray-aesebu\/","title":{"rendered":"Signature Super ARAY AES\/EBU &#8211; kabel cyfrowy"},"content":{"rendered":"<p>Pod koniec lat dziewi\u0119\u0107dziesi\u0105tych na rynku zacz\u0119\u0142y si\u0119 pojawia\u0107 masowo przetworniki cyfrowo-analogowe i transporty CD z wyj\u015bciem XLR obok gniazd koncentrycznych RCA i Toslink. Po raz pierwszy pojawi\u0142o si\u0119 w audio domowym cyfrowe \u0142\u0105cze pro-audio AES\/EBU.<\/p>\n<p>My, podobnie jak i spora cz\u0119\u015b\u0107 bran\u017cy audio, byli\u015bmy tym bardzo podekscytowani. Mieli\u015bmy u siebie przetwornik cyfrowo-analogowy i transport CD, wi\u0119c pierwsz\u0105 rzecz\u0105, jak\u0105 zrobili\u015bmy, by\u0142o zapewnienie w interkonekcie cyfrowym poprawnej impedancji 110 Ohm i zbudowanie 1-metrowego kabla na wtykach XLR Neutrik. Por\u00f3wnali\u015bmy go z klasycznym kablem wsp\u00f3\u0142osiowym S\/PDIF 75 Ohm i okaza\u0142o si\u0119, \u017ce nowy kabel AES\/EBU jest lepszy i to pod ka\u017cdym wzgl\u0119dem. Znale\u017ali\u015bmy kabel, kt\u00f3ry dzia\u0142a\u0142 \u2013 nie mia\u0142 dok\u0142adnej impedancji 110 Ohm, ale brzmia\u0142 dobrze. Od tego czasu jest to rodzaj \u0142\u0105cza, do kt\u00f3rego podchodzimy szczeg\u00f3lnie uwa\u017cnie.<\/p>\n<p>Poniewa\u017c od tego czasu pojawi\u0142o si\u0119 na rynku wiele urz\u0105dze\u0144 z \u0142\u0105czem AES\/EBU (a poniewa\u017c korzystamy z ekranowanych przewodnik\u00f3w i konfiguracji Tuned\/Super ARAY) pomy\u015bleli\u015bmy, \u017ce warto si\u0119 mu ponownie przyjrze\u0107. Kabel Signature Super ARAY AES\/EBU jest dobrym miejscem na rozpocz\u0119cie przygody z tym typem po\u0142\u0105czenia. Nadal zalecamy, aby wypr\u00f3bowa\u0107 te\u017c S\/PDIF Signature Super ARAY Digital i samemu zdecydowa\u0107, kt\u00f3ry z nich jest lepszy.<\/p>\n<p>Standardowa d\u0142ugo\u015b\u0107 to 1 m. Wi\u0119ksze d\u0142ugo\u015bci s\u0105 dost\u0119pne na zam\u00f3wienie, a dzi\u0119ki wysokiej jako\u015bci przewod\u00f3w, dzia\u0142aj\u0105 bez utraty sygna\u0142u.<\/p>\n<p>Niekt\u00f3re urz\u0105dzenia umo\u017cliwiaj\u0105 u\u017cycie kabli z przej\u015bci\u00f3wk\u0105 RCA do XLR. Jest to szczeg\u00f3lnie popularne w\u015br\u00f3d w\u0142a\u015bcicieli urz\u0105dze\u0144 firmy Devialet. W przypadku innych marek sprz\u0119tu wa\u017cne jest, aby sprawdzi\u0107, czy jest to mo\u017cliwe.<\/p>\n","protected":false},"excerpt":{"rendered":"<p>Pod koniec lat dziewi\u0119\u0107dziesi\u0105tych zacz\u0119\u0142y si\u0119 pojawia\u0107 wysokiej klasy transporty CD i przetworniki D\/A z gniazdami XLR obok gniazd koncentrycznych RCA i Toslink. Po raz pierwszy w \u015bwiecie domowego audio pojawi\u0142 si\u0119 profesjonalny system przesy\u0142u sygna\u0142u cyfrowego \u2013 AES\/EBU.<\/p>\n","protected":false},"featured_media":16506,"comment_status":"open","ping_status":"closed","template":"","meta":{"_acf_changed":false},"product_brand":[],"product_cat":[2328,2334,2344],"product_tag":[],"class_list":{"0":"post-15847","1":"product","2":"type-product","3":"status-publish","4":"has-post-thumbnail","6":"product_cat-interkonekty","7":"product_cat-kable-cyfrowe-i-usb","8":"product_cat-signature-pl","10":"first","11":"instock","12":"shipping-taxable","13":"purchasable","14":"product-type-simple"},"acf":[],"_links":{"self":[{"href":"https:\/\/chord.co.uk\/pl\/wp-json\/wp\/v2\/product\/15847","targetHints":{"allow":["GET"]}}],"collection":[{"href":"https:\/\/chord.co.uk\/pl\/wp-json\/wp\/v2\/product"}],"about":[{"href":"https:\/\/chord.co.uk\/pl\/wp-json\/wp\/v2\/types\/product"}],"replies":[{"embeddable":true,"href":"https:\/\/chord.co.uk\/pl\/wp-json\/wp\/v2\/comments?post=15847"}],"wp:featuredmedia":[{"embeddable":true,"href":"https:\/\/chord.co.uk\/pl\/wp-json\/wp\/v2\/media\/16506"}],"wp:attachment":[{"href":"https:\/\/chord.co.uk\/pl\/wp-json\/wp\/v2\/media?parent=15847"}],"wp:term":[{"taxonomy":"product_brand","embeddable":true,"href":"https:\/\/chord.co.uk\/pl\/wp-json\/wp\/v2\/product_brand?post=15847"},{"taxonomy":"product_cat","embeddable":true,"href":"https:\/\/chord.co.uk\/pl\/wp-json\/wp\/v2\/product_cat?post=15847"},{"taxonomy":"product_tag","embeddable":true,"href":"https:\/\/chord.co.uk\/pl\/wp-json\/wp\/v2\/product_tag?post=15847"}],"curies":[{"name":"wp","href":"https:\/\/api.w.org\/{rel}","templated":true}]}}